{"id":7225,"date":"2025-06-10T10:36:42","date_gmt":"2025-06-10T10:36:42","guid":{"rendered":"https:\/\/clinicpetfood.pl\/?page_id=7225"},"modified":"2025-06-10T10:44:59","modified_gmt":"2025-06-10T10:44:59","slug":"immuunsysteem","status":"publish","type":"page","link":"https:\/\/clinicpetfood.pl\/de\/immuunsysteem\/","title":{"rendered":"Info Immuunsysteem"},"content":{"rendered":"<div data-elementor-type=\"wp-page\" data-elementor-id=\"7225\" class=\"elementor elementor-7225\" data-elementor-post-type=\"page\">\n\t\t\t\t\t\t<section data-particle_enable=\"false\" data-particle-mobile-disabled=\"false\" class=\"ob-is-breaking-bad elementor-section elementor-top-section elementor-element elementor-element-fe47dc5 elementor-section-boxed elementor-section-height-default elementor-section-height-default\" data-id=\"fe47dc5\" data-element_type=\"section\" data-e-type=\"section\" data-settings=\"{&quot;_ob_bbad_use_it&quot;:&quot;yes&quot;,&quot;_ob_bbad_sssic_use&quot;:&quot;no&quot;,&quot;_ob_glider_is_slider&quot;:&quot;no&quot;}\">\n\t\t\t\t\t\t<div class=\"elementor-container elementor-column-gap-default\">\n\t\t\t\t\t<div class=\"elementor-column elementor-col-100 elementor-top-column elementor-element elementor-element-7aaab5a\" data-id=\"7aaab5a\" data-element_type=\"column\" data-e-type=\"column\" data-settings=\"{&quot;_ob_bbad_is_stalker&quot;:&quot;no&quot;,&quot;_ob_teleporter_use&quot;:false,&quot;_ob_column_hoveranimator&quot;:&quot;no&quot;,&quot;_ob_column_has_pseudo&quot;:&quot;no&quot;}\">\n\t\t\t<div class=\"elementor-widget-wrap elementor-element-populated\">\n\t\t\t\t\t\t<div class=\"elementor-element elementor-element-03c2149 ob-harakiri-inherit ob-has-background-overlay elementor-widget elementor-widget-heading\" data-id=\"03c2149\" data-element_type=\"widget\" data-e-type=\"widget\" data-settings=\"{&quot;_ob_use_harakiri&quot;:&quot;yes&quot;,&quot;_ob_harakiri_writing_mode&quot;:&quot;inherit&quot;,&quot;_ob_harakiri_text_clip&quot;:&quot;none&quot;,&quot;_ob_perspektive_use&quot;:&quot;no&quot;,&quot;_ob_poopart_use&quot;:&quot;yes&quot;,&quot;_ob_shadough_use&quot;:&quot;no&quot;,&quot;_ob_allow_hoveranimator&quot;:&quot;no&quot;,&quot;_ob_widget_stalker_use&quot;:&quot;no&quot;}\" data-widget_type=\"heading.default\">\n\t\t\t\t<div class=\"elementor-widget-container\">\n\t\t\t\t\t<h2 class=\"elementor-heading-title elementor-size-default\">Immunsystem<\/h2>\t\t\t\t<\/div>\n\t\t\t\t<\/div>\n\t\t\t\t\t<\/div>\n\t\t<\/div>\n\t\t\t\t\t<\/div>\n\t\t<\/section>\n\t\t\t\t<section data-particle_enable=\"false\" data-particle-mobile-disabled=\"false\" class=\"ob-is-breaking-bad elementor-section elementor-top-section elementor-element elementor-element-72dd1f5 elementor-section-boxed elementor-section-height-default elementor-section-height-default\" data-id=\"72dd1f5\" data-element_type=\"section\" data-e-type=\"section\" data-settings=\"{&quot;_ob_bbad_use_it&quot;:&quot;yes&quot;,&quot;_ob_bbad_sssic_use&quot;:&quot;no&quot;,&quot;_ob_glider_is_slider&quot;:&quot;no&quot;}\">\n\t\t\t\t\t\t<div class=\"elementor-container elementor-column-gap-default\">\n\t\t\t\t\t<div class=\"elementor-column elementor-col-100 elementor-top-column elementor-element elementor-element-ee7e617\" data-id=\"ee7e617\" data-element_type=\"column\" data-e-type=\"column\" data-settings=\"{&quot;_ob_bbad_is_stalker&quot;:&quot;no&quot;,&quot;_ob_teleporter_use&quot;:false,&quot;_ob_column_hoveranimator&quot;:&quot;no&quot;,&quot;_ob_column_has_pseudo&quot;:&quot;no&quot;}\">\n\t\t\t<div class=\"elementor-widget-wrap elementor-element-populated\">\n\t\t\t\t\t\t<div class=\"elementor-element elementor-element-10aebd0 ob-harakiri-inherit ob-has-background-overlay elementor-widget elementor-widget-text-editor\" data-id=\"10aebd0\" data-element_type=\"widget\" data-e-type=\"widget\" data-settings=\"{&quot;_ob_use_harakiri&quot;:&quot;yes&quot;,&quot;_ob_harakiri_writing_mode&quot;:&quot;inherit&quot;,&quot;_ob_postman_use&quot;:&quot;no&quot;,&quot;_ob_perspektive_use&quot;:&quot;no&quot;,&quot;_ob_poopart_use&quot;:&quot;yes&quot;,&quot;_ob_shadough_use&quot;:&quot;no&quot;,&quot;_ob_allow_hoveranimator&quot;:&quot;no&quot;,&quot;_ob_widget_stalker_use&quot;:&quot;no&quot;}\" data-widget_type=\"text-editor.default\">\n\t\t\t\t<div class=\"elementor-widget-container\">\n\t\t\t\t\t\t\t\t\t<p>Hunde und Katzen, die eine spezielle Di\u00e4t einhalten m\u00fcssen, brauchen oft eine zus\u00e4tzliche Unterst\u00fctzung, da ihre Beschwerden ihrem K\u00f6rper meist einiges abverlangen. Auch wenn es nicht sofort notwendig erscheint, kann diese zus\u00e4tzliche Unterst\u00fctzung pr\u00e4ventiv einen guten Impuls f\u00fcr ihre Gesundheit geben.<\/p><p>Ein solches Bed\u00fcrfnis ist die St\u00e4rkung des Immunsystems. Unsere Nahrung tr\u00e4gt dazu durch den Zusatz von MOS und FOS bei.<\/p><p>Was sind MOS und FOS? Und wie helfen sie dem Immunsystem?\u00a0<\/p><p><strong>MOS (Mannan-Oligosaccharide)<br \/><\/strong>MOS ist ein Stoff, der aus der Zellwand von Hefe stammt. Es n\u00e4hrt selbst nichts, ist aber sehr wichtig f\u00fcr einen gesunden Darm und ein starkes Immunsystem.<\/p><p><strong>Was bewirkt es im Darm?<\/strong><br \/>MOS bindet an schlechte Bakterien wie \u00a0<em>E. coli<\/em>\u00a0oder\u00a0<em>Salmonellen<\/em>. Dadurch wird verhindert, dass sich diese Bakterien an der Darmwand festsetzen, und sie werden einfach \u00fcber den Kot ausgeschieden. Dies f\u00fchrt zu weniger schlechten Bakterien, was bedeutet, dass das Immunsystem nicht so hart arbeiten muss und das Darmmilieu ges\u00fcnder bleibt.<\/p><p><strong>FOS (Fructo-Oligosaccharide)<br \/><\/strong>FOS stammt aus Pflanzen wie der Zichorie und dient als Nahrung f\u00fcr die guten Bakterien im Darm, zum Beispiel\u00a0<em>Lactobacillus<\/em>\u00a0und\u00a0<em>Bifidobacterium<\/em>.<\/p><ul><li><strong>Was bewirkt es im Darm?<\/strong><br \/>Die guten Bakterien nutzen FOS als Brennstoff und produzieren kurzkettige Fetts\u00e4uren. Diese Fetts\u00e4uren tragen zur Gesunderhaltung der Darmzellen bei und verringern Entz\u00fcndungen. Dies tr\u00e4gt zu einer starken Darmgesundheit und einer verbesserten Immunit\u00e4t bei.<\/li><\/ul><p><strong>Wie helfen MOS und FOS dem Immunsystem?<br \/><\/strong>Etwa 70% des Immunsystems sind im Darmsystem angesiedelt. MOS und FOS arbeiten zusammen, um dies zu verbessern:<\/p><ol><li><strong>Schutz gegen schlechte Bakterien (MOS):<\/strong><br \/>MOS beseitigt sch\u00e4dliche Bakterien, indem es sie bindet und aus dem K\u00f6rper herausarbeitet. Dadurch wird das Risiko von Infektionen verringert und das Immunsystem entlastet.<br \/>Dar\u00fcber hinaus hilft MOS bestimmten Immunzellen, wie z. B. den \"Abr\u00e4umzellen\" (Makrophagen), Krankheitserreger schneller zu erkennen und zu bek\u00e4mpfen.<\/li><li><strong>Unterst\u00fctzung der guten Bakterien (FOS):<\/strong><br \/>FOS erm\u00f6glicht den n\u00fctzlichen Bakterien im Darm ein gutes Wachstum. Diese Bakterien sind f\u00fcr ein starkes Immunsystem unverzichtbar, da sie helfen, schlechte Bakterien unter Kontrolle zu halten und die Immunit\u00e4t zu st\u00e4rken.<\/li><li><strong>Verst\u00e4rkung der Darmwand:<\/strong><br \/>Die Fetts\u00e4uren, die aus FOS entstehen, sorgen f\u00fcr eine st\u00e4rkere Darmwand. Dadurch wird verhindert, dass sch\u00e4dliche Stoffe oder Bakterien in den K\u00f6rper gelangen, wodurch das Risiko von Entz\u00fcndungen verringert und das Immunsystem entlastet wird.<\/li><li><strong>Weniger Entz\u00fcndungen:<\/strong><br \/>FOS senkt den S\u00e4uregehalt des Darms, was schlecht f\u00fcr sch\u00e4dliche Bakterien, aber gut f\u00fcr die Gesundheit des Darms ist. Seine entz\u00fcndungshemmende Wirkung sorgt f\u00fcr ein stabiles und effizientes Immunsystem.<\/li><\/ol><p><strong>Vorteile in der Tierern\u00e4hrung<br \/><\/strong>Wenn MOS und FOS zusammen in Lebensmitteln verwendet werden, verst\u00e4rken sie sich gegenseitig:<\/p><ul><li><strong>Unmittelbare Unterst\u00fctzung des Immunsystems:<\/strong>\u00a0Sie reduzieren die Belastung des Immunsystems durch schlechte Bakterien.<\/li><li><strong>Indirekter Widerstand:<\/strong>\u00a0Sie verbessern die Darmgesundheit und f\u00f6rdern die N\u00e4hrstoffaufnahme.<\/li><li><strong>Vorbeugung von Problemen:<\/strong>\u00a0Indem sie Infektionen und Entz\u00fcndungen vorbeugen, tragen sie zu einem ges\u00fcnderen und st\u00e4rkeren Tier bei.<\/li><\/ul>\t\t\t\t\t\t\t\t<\/div>\n\t\t\t\t<\/div>\n\t\t\t\t\t<\/div>\n\t\t<\/div>\n\t\t\t\t\t<\/div>\n\t\t<\/section>\n\t\t\t\t<\/div>","protected":false},"excerpt":{"rendered":"<p>Immuunsysteem Honden en katten met een speciaal dieet hebben vaak behoefte aan wat extra ondersteuning, omdat hun kwaaltjes meestal behoorlijk [&hellip;]<\/p>","protected":false},"author":4,"featured_media":0,"parent":0,"menu_order":0,"comment_status":"closed","ping_status":"closed","template":"","meta":{"site-sidebar-layout":"no-sidebar","site-content-layout":"","ast-site-content-layout":"full-width-container","site-content-style":"default","site-sidebar-style":"default","ast-global-header-display":"","ast-banner-title-visibility":"","ast-main-header-display":"","ast-hfb-above-header-display":"","ast-hfb-below-header-display":"","ast-hfb-mobile-header-display":"","site-post-title":"disabled","ast-breadcrumbs-content":"","ast-featured-img":"disabled","footer-sml-layout":"","theme-transparent-header-meta":"","adv-header-id-meta":"","stick-header-meta":"","header-above-stick-meta":"","header-main-stick-meta":"","header-below-stick-meta":"","astra-migrate-meta-layouts":"default","ast-page-background-enabled":"default","ast-page-background-meta":{"desktop":{"background-color":"var(--ast-global-color-4)","background-image":"","background-repeat":"repeat","background-position":"center center","background-size":"auto","background-attachment":"scroll","background-type":"","background-media":"","overlay-type":"","overlay-color":"","overlay-opacity":"","overlay-gradient":""},"tablet":{"background-color":"","background-image":"","background-repeat":"repeat","background-position":"center center","background-size":"auto","background-attachment":"scroll","background-type":"","background-media":"","overlay-type":"","overlay-color":"","overlay-opacity":"","overlay-gradient":""},"mobile":{"background-color":"","background-image":"","background-repeat":"repeat","background-position":"center center","background-size":"auto","background-attachment":"scroll","background-type":"","background-media":"","overlay-type":"","overlay-color":"","overlay-opacity":"","overlay-gradient":""}},"ast-content-background-meta":{"desktop":{"background-color":"var(--ast-global-color-5)","background-image":"","background-repeat":"repeat","background-position":"center center","background-size":"auto","background-attachment":"scroll","background-type":"","background-media":"","overlay-type":"","overlay-color":"","overlay-opacity":"","overlay-gradient":""},"tablet":{"background-color":"var(--ast-global-color-5)","background-image":"","background-repeat":"repeat","background-position":"center center","background-size":"auto","background-attachment":"scroll","background-type":"","background-media":"","overlay-type":"","overlay-color":"","overlay-opacity":"","overlay-gradient":""},"mobile":{"background-color":"var(--ast-global-color-5)","background-image":"","background-repeat":"repeat","background-position":"center center","background-size":"auto","background-attachment":"scroll","background-type":"","background-media":"","overlay-type":"","overlay-color":"","overlay-opacity":"","overlay-gradient":""}},"footnotes":""},"class_list":["post-7225","page","type-page","status-publish","hentry"],"yoast_head":"<!-- This site is optimized with the Yoast SEO plugin v25.1 - https:\/\/yoast.com\/wordpress\/plugins\/seo\/ -->\n<title>Info Immuunsysteem - CLiNiC<\/title>\n<meta name=\"robots\" content=\"index, follow, max-snippet:-1, max-image-preview:large, max-video-preview:-1\" \/>\n<link rel=\"canonical\" href=\"https:\/\/clinicpetfood.pl\/de\/immuunsysteem\/\" \/>\n<meta property=\"og:locale\" content=\"de_DE\" \/>\n<meta property=\"og:type\" content=\"article\" \/>\n<meta property=\"og:title\" content=\"Info Immuunsysteem - CLiNiC\" \/>\n<meta property=\"og:description\" content=\"Immuunsysteem Honden en katten met een speciaal dieet hebben vaak behoefte aan wat extra ondersteuning, omdat hun kwaaltjes meestal behoorlijk [&hellip;]\" \/>\n<meta property=\"og:url\" content=\"https:\/\/clinicpetfood.pl\/de\/immuunsysteem\/\" \/>\n<meta property=\"og:site_name\" content=\"CLiNiC\" \/>\n<meta property=\"article:modified_time\" content=\"2025-06-10T10:44:59+00:00\" \/>\n<meta name=\"twitter:card\" content=\"summary_large_image\" \/>\n<meta name=\"twitter:label1\" content=\"Gesch\u00e4tzte Lesezeit\" \/>\n\t<meta name=\"twitter:data1\" content=\"3\u00a0Minuten\" \/>\n<script type=\"application\/ld+json\" class=\"yoast-schema-graph\">{\"@context\":\"https:\/\/schema.org\",\"@graph\":[{\"@type\":\"WebPage\",\"@id\":\"https:\/\/clinicpetfood.pl\/immuunsysteem\/\",\"url\":\"https:\/\/clinicpetfood.pl\/immuunsysteem\/\",\"name\":\"Info Immuunsysteem - CLiNiC\",\"isPartOf\":{\"@id\":\"https:\/\/clinicpetfood.pl\/#website\"},\"datePublished\":\"2025-06-10T10:36:42+00:00\",\"dateModified\":\"2025-06-10T10:44:59+00:00\",\"breadcrumb\":{\"@id\":\"https:\/\/clinicpetfood.pl\/immuunsysteem\/#breadcrumb\"},\"inLanguage\":\"de\",\"potentialAction\":[{\"@type\":\"ReadAction\",\"target\":[\"https:\/\/clinicpetfood.pl\/immuunsysteem\/\"]}]},{\"@type\":\"BreadcrumbList\",\"@id\":\"https:\/\/clinicpetfood.pl\/immuunsysteem\/#breadcrumb\",\"itemListElement\":[{\"@type\":\"ListItem\",\"position\":1,\"name\":\"Home\",\"item\":\"https:\/\/clinicpetfood.pl\/\"},{\"@type\":\"ListItem\",\"position\":2,\"name\":\"Info Immuunsysteem\"}]},{\"@type\":\"WebSite\",\"@id\":\"https:\/\/clinicpetfood.pl\/#website\",\"url\":\"https:\/\/clinicpetfood.pl\/\",\"name\":\"CLiNiC\",\"description\":\"Clinic Veterinary Diet\",\"publisher\":{\"@id\":\"https:\/\/clinicpetfood.pl\/#organization\"},\"potentialAction\":[{\"@type\":\"SearchAction\",\"target\":{\"@type\":\"EntryPoint\",\"urlTemplate\":\"https:\/\/clinicpetfood.pl\/?s={search_term_string}\"},\"query-input\":{\"@type\":\"PropertyValueSpecification\",\"valueRequired\":true,\"valueName\":\"search_term_string\"}}],\"inLanguage\":\"de\"},{\"@type\":\"Organization\",\"@id\":\"https:\/\/clinicpetfood.pl\/#organization\",\"name\":\"CLiNiC\",\"url\":\"https:\/\/clinicpetfood.pl\/\",\"logo\":{\"@type\":\"ImageObject\",\"inLanguage\":\"de\",\"@id\":\"https:\/\/clinicpetfood.pl\/#\/schema\/logo\/image\/\",\"url\":\"https:\/\/clinicpetfood.pl\/wp-content\/uploads\/2024\/10\/Logo-Clinic-blauw.png\",\"contentUrl\":\"https:\/\/clinicpetfood.pl\/wp-content\/uploads\/2024\/10\/Logo-Clinic-blauw.png\",\"width\":3442,\"height\":1361,\"caption\":\"CLiNiC\"},\"image\":{\"@id\":\"https:\/\/clinicpetfood.pl\/#\/schema\/logo\/image\/\"}}]}<\/script>\n<!-- \/ Yoast SEO plugin. -->","yoast_head_json":{"title":"Info Immuunsysteem - CLiNiC","robots":{"index":"index","follow":"follow","max-snippet":"max-snippet:-1","max-image-preview":"max-image-preview:large","max-video-preview":"max-video-preview:-1"},"canonical":"https:\/\/clinicpetfood.pl\/de\/immuunsysteem\/","og_locale":"de_DE","og_type":"article","og_title":"Info Immuunsysteem - CLiNiC","og_description":"Immuunsysteem Honden en katten met een speciaal dieet hebben vaak behoefte aan wat extra ondersteuning, omdat hun kwaaltjes meestal behoorlijk [&hellip;]","og_url":"https:\/\/clinicpetfood.pl\/de\/immuunsysteem\/","og_site_name":"CLiNiC","article_modified_time":"2025-06-10T10:44:59+00:00","twitter_card":"summary_large_image","twitter_misc":{"Gesch\u00e4tzte Lesezeit":"3\u00a0Minuten"},"schema":{"@context":"https:\/\/schema.org","@graph":[{"@type":"WebPage","@id":"https:\/\/clinicpetfood.pl\/immuunsysteem\/","url":"https:\/\/clinicpetfood.pl\/immuunsysteem\/","name":"Info Immuunsysteem - CLiNiC","isPartOf":{"@id":"https:\/\/clinicpetfood.pl\/#website"},"datePublished":"2025-06-10T10:36:42+00:00","dateModified":"2025-06-10T10:44:59+00:00","breadcrumb":{"@id":"https:\/\/clinicpetfood.pl\/immuunsysteem\/#breadcrumb"},"inLanguage":"de","potentialAction":[{"@type":"ReadAction","target":["https:\/\/clinicpetfood.pl\/immuunsysteem\/"]}]},{"@type":"BreadcrumbList","@id":"https:\/\/clinicpetfood.pl\/immuunsysteem\/#breadcrumb","itemListElement":[{"@type":"ListItem","position":1,"name":"Home","item":"https:\/\/clinicpetfood.pl\/"},{"@type":"ListItem","position":2,"name":"Info Immuunsysteem"}]},{"@type":"WebSite","@id":"https:\/\/clinicpetfood.pl\/#website","url":"https:\/\/clinicpetfood.pl\/","name":"CLiNiC","description":"Clinic Veterinary Diet","publisher":{"@id":"https:\/\/clinicpetfood.pl\/#organization"},"potentialAction":[{"@type":"SearchAction","target":{"@type":"EntryPoint","urlTemplate":"https:\/\/clinicpetfood.pl\/?s={search_term_string}"},"query-input":{"@type":"PropertyValueSpecification","valueRequired":true,"valueName":"search_term_string"}}],"inLanguage":"de"},{"@type":"Organization","@id":"https:\/\/clinicpetfood.pl\/#organization","name":"CLiNiC","url":"https:\/\/clinicpetfood.pl\/","logo":{"@type":"ImageObject","inLanguage":"de","@id":"https:\/\/clinicpetfood.pl\/#\/schema\/logo\/image\/","url":"https:\/\/clinicpetfood.pl\/wp-content\/uploads\/2024\/10\/Logo-Clinic-blauw.png","contentUrl":"https:\/\/clinicpetfood.pl\/wp-content\/uploads\/2024\/10\/Logo-Clinic-blauw.png","width":3442,"height":1361,"caption":"CLiNiC"},"image":{"@id":"https:\/\/clinicpetfood.pl\/#\/schema\/logo\/image\/"}}]}},"_links":{"self":[{"href":"https:\/\/clinicpetfood.pl\/de\/wp-json\/wp\/v2\/pages\/7225","targetHints":{"allow":["GET"]}}],"collection":[{"href":"https:\/\/clinicpetfood.pl\/de\/wp-json\/wp\/v2\/pages"}],"about":[{"href":"https:\/\/clinicpetfood.pl\/de\/wp-json\/wp\/v2\/types\/page"}],"author":[{"embeddable":true,"href":"https:\/\/clinicpetfood.pl\/de\/wp-json\/wp\/v2\/users\/4"}],"replies":[{"embeddable":true,"href":"https:\/\/clinicpetfood.pl\/de\/wp-json\/wp\/v2\/comments?post=7225"}],"version-history":[{"count":5,"href":"https:\/\/clinicpetfood.pl\/de\/wp-json\/wp\/v2\/pages\/7225\/revisions"}],"predecessor-version":[{"id":7239,"href":"https:\/\/clinicpetfood.pl\/de\/wp-json\/wp\/v2\/pages\/7225\/revisions\/7239"}],"wp:attachment":[{"href":"https:\/\/clinicpetfood.pl\/de\/wp-json\/wp\/v2\/media?parent=7225"}],"curies":[{"name":"wp","href":"https:\/\/api.w.org\/{rel}","templated":true}]}}