{"id":7231,"date":"2025-06-10T10:42:07","date_gmt":"2025-06-10T10:42:07","guid":{"rendered":"https:\/\/clinicpetfood.pl\/?page_id=7231"},"modified":"2025-06-10T11:11:35","modified_gmt":"2025-06-10T11:11:35","slug":"info-darmsysteem","status":"publish","type":"page","link":"https:\/\/clinicpetfood.pl\/de\/info-darmsysteem\/","title":{"rendered":"Info Darmflora"},"content":{"rendered":"<div data-elementor-type=\"wp-page\" data-elementor-id=\"7231\" class=\"elementor elementor-7231\" data-elementor-post-type=\"page\">\n\t\t\t\t\t\t<section data-particle_enable=\"false\" data-particle-mobile-disabled=\"false\" class=\"ob-is-breaking-bad elementor-section elementor-top-section elementor-element elementor-element-43a6e9c elementor-section-boxed elementor-section-height-default elementor-section-height-default\" data-id=\"43a6e9c\" data-element_type=\"section\" data-e-type=\"section\" data-settings=\"{&quot;_ob_bbad_use_it&quot;:&quot;yes&quot;,&quot;_ob_bbad_sssic_use&quot;:&quot;no&quot;,&quot;_ob_glider_is_slider&quot;:&quot;no&quot;}\">\n\t\t\t\t\t\t<div class=\"elementor-container elementor-column-gap-default\">\n\t\t\t\t\t<div class=\"elementor-column elementor-col-100 elementor-top-column elementor-element elementor-element-f94ac0b\" data-id=\"f94ac0b\" data-element_type=\"column\" data-e-type=\"column\" data-settings=\"{&quot;_ob_bbad_is_stalker&quot;:&quot;no&quot;,&quot;_ob_teleporter_use&quot;:false,&quot;_ob_column_hoveranimator&quot;:&quot;no&quot;,&quot;_ob_column_has_pseudo&quot;:&quot;no&quot;}\">\n\t\t\t<div class=\"elementor-widget-wrap elementor-element-populated\">\n\t\t\t\t\t\t<div class=\"elementor-element elementor-element-c3d73e1 ob-harakiri-inherit ob-has-background-overlay elementor-widget elementor-widget-heading\" data-id=\"c3d73e1\" data-element_type=\"widget\" data-e-type=\"widget\" data-settings=\"{&quot;_ob_use_harakiri&quot;:&quot;yes&quot;,&quot;_ob_harakiri_writing_mode&quot;:&quot;inherit&quot;,&quot;_ob_harakiri_text_clip&quot;:&quot;none&quot;,&quot;_ob_perspektive_use&quot;:&quot;no&quot;,&quot;_ob_poopart_use&quot;:&quot;yes&quot;,&quot;_ob_shadough_use&quot;:&quot;no&quot;,&quot;_ob_allow_hoveranimator&quot;:&quot;no&quot;,&quot;_ob_widget_stalker_use&quot;:&quot;no&quot;}\" data-widget_type=\"heading.default\">\n\t\t\t\t<div class=\"elementor-widget-container\">\n\t\t\t\t\t<h2 class=\"elementor-heading-title elementor-size-default\">Darmflora\n<\/h2>\t\t\t\t<\/div>\n\t\t\t\t<\/div>\n\t\t\t\t\t<\/div>\n\t\t<\/div>\n\t\t\t\t\t<\/div>\n\t\t<\/section>\n\t\t\t\t<section data-particle_enable=\"false\" data-particle-mobile-disabled=\"false\" class=\"ob-is-breaking-bad elementor-section elementor-top-section elementor-element elementor-element-ff0961c elementor-section-boxed elementor-section-height-default elementor-section-height-default\" data-id=\"ff0961c\" data-element_type=\"section\" data-e-type=\"section\" data-settings=\"{&quot;_ob_bbad_use_it&quot;:&quot;yes&quot;,&quot;_ob_bbad_sssic_use&quot;:&quot;no&quot;,&quot;_ob_glider_is_slider&quot;:&quot;no&quot;}\">\n\t\t\t\t\t\t<div class=\"elementor-container elementor-column-gap-default\">\n\t\t\t\t\t<div class=\"elementor-column elementor-col-100 elementor-top-column elementor-element elementor-element-546d45d\" data-id=\"546d45d\" data-element_type=\"column\" data-e-type=\"column\" data-settings=\"{&quot;_ob_bbad_is_stalker&quot;:&quot;no&quot;,&quot;_ob_teleporter_use&quot;:false,&quot;_ob_column_hoveranimator&quot;:&quot;no&quot;,&quot;_ob_column_has_pseudo&quot;:&quot;no&quot;}\">\n\t\t\t<div class=\"elementor-widget-wrap elementor-element-populated\">\n\t\t\t\t\t\t<div class=\"elementor-element elementor-element-477884e ob-harakiri-inherit ob-has-background-overlay elementor-widget elementor-widget-text-editor\" data-id=\"477884e\" data-element_type=\"widget\" data-e-type=\"widget\" data-settings=\"{&quot;_ob_use_harakiri&quot;:&quot;yes&quot;,&quot;_ob_harakiri_writing_mode&quot;:&quot;inherit&quot;,&quot;_ob_postman_use&quot;:&quot;no&quot;,&quot;_ob_perspektive_use&quot;:&quot;no&quot;,&quot;_ob_poopart_use&quot;:&quot;yes&quot;,&quot;_ob_shadough_use&quot;:&quot;no&quot;,&quot;_ob_allow_hoveranimator&quot;:&quot;no&quot;,&quot;_ob_widget_stalker_use&quot;:&quot;no&quot;}\" data-widget_type=\"text-editor.default\">\n\t\t\t\t<div class=\"elementor-widget-container\">\n\t\t\t\t\t\t\t\t\t<p>Hunde und Katzen, die eine spezielle Di\u00e4t einhalten m\u00fcssen, brauchen oft eine zus\u00e4tzliche Unterst\u00fctzung, da ihre Beschwerden ihrem K\u00f6rper meist einiges abverlangen. Auch wenn es nicht sofort notwendig erscheint, kann diese zus\u00e4tzliche Unterst\u00fctzung pr\u00e4ventiv einen guten Impuls f\u00fcr ihre Gesundheit geben.<\/p><p>Eines dieser Bed\u00fcrfnisse ist es, eine gesunde Darmflora im Gleichgewicht zu halten. Unsere Lebensmittel tragen dazu bei, indem sie Pr\u00e4biotika und leicht verdauliche Zutaten enthalten.<\/p><p>Was sind Pr\u00e4biotika und leicht verdauliche Zutaten?  Und wie wirken sie?<\/p><p><strong>Pr\u00e4biotika in Tierfutter<br \/><\/strong>Pr\u00e4biotika sind Ballaststoffe, die Ihr Haustier nicht selbst verdauen kann, die aber von den guten Darmbakterien geliebt werden. Diese Bakterien sind super wichtig, denn sie sorgen f\u00fcr eine gesunde Verdauung und ein st\u00e4rkeres Immunsystem.<\/p><p>Vielen Tierfuttermitteln werden Pr\u00e4biotika zugesetzt, z. B. Zichorieninulin oder Fructo-Oligosaccharide (FOS). Diese Fasern gelangen unverdaut in den Dickdarm, wo sie das Wachstum und die Vermehrung guter Bakterien f\u00f6rdern. Dies hat viele Vorteile, wie zum Beispiel:<\/p><ul><li>Ein besser funktionierendes Verdauungssystem.<\/li><li>Geringeres Risiko f\u00fcr unangenehme Darmprobleme, wie z. B. Durchfall.<\/li><li>Bessere Aufnahme von N\u00e4hrstoffen aus dem Futter.<\/li><\/ul><p><strong>Leicht verdauliche Zutaten<br \/><\/strong>Leicht verdauliche Inhaltsstoffe spielen eine wichtige Rolle bei der Unterst\u00fctzung einer gesunden Verdauung und der Erhaltung einer ausgewogenen Darmflora. Diese Inhaltsstoffe werden schnell und leicht absorbiert, so dass der Darm ohne \u00fcberm\u00e4\u00dfige Belastung effektiv arbeiten kann.<\/p><p>Einige Beispiele f\u00fcr leicht verdauliche Zutaten in unserem Tierfutter sind:<\/p><ul><li><strong>Reis<\/strong>: eine sanfte Kohlenhydratquelle, die Energie liefert, ohne den Darm zu belasten.<\/li><li><strong>Huhn oder Truthahn<\/strong>: hochwertige Proteine, die leicht verdaulich sind und zu einer stabilen Darmgesundheit beitragen.<\/li><li><strong>Lachs<\/strong>Eine Quelle f\u00fcr hochwertiges Eiwei\u00df und gesunde Omega-3-Fetts\u00e4uren, die entz\u00fcndungshemmend wirken und die Darmgesundheit unterst\u00fctzen.<\/li><li><strong>Kartoffel<\/strong>: weiche und leicht verdauliche Kohlenhydratquelle, die darmfreundlich ist und zur Energieversorgung beitr\u00e4gt, ohne die Darmflora zu st\u00f6ren<\/li><\/ul><p><strong>\u00a0<\/strong><strong>Wie wirkt sich das auf die Darmflora aus?<br \/><\/strong>Durch die F\u00fctterung von Futter mit Pr\u00e4biotika und leicht verdaulichen Zutaten tragen Sie dazu bei, die Darmflora Ihres Tieres wieder ins Gleichgewicht zu bringen. Dies hat eine Reihe von wichtigen Vorteilen:<\/p><ol><li><strong>Bessere Gesundheit des Darms<\/strong>Pr\u00e4biotika: Sie sorgen f\u00fcr mehr gute Bakterien und verbessern das Gleichgewicht im Darm.<\/li><li><strong>Weniger Magenprobleme<\/strong>Leicht verdauliche Nahrung hilft, Symptome wie Durchfall oder Bl\u00e4hungen zu reduzieren.<\/li><li><strong>St\u00e4rkeres Immunsystem<\/strong>Eine gesunde Darmflora ist entscheidend f\u00fcr die Widerstandsf\u00e4higkeit Ihres Tieres.<\/li><li><strong>Mehr Energie und Vitalit\u00e4t<\/strong>Eine gute Verdauung sorgt daf\u00fcr, dass Ihr Haustier alle wichtigen N\u00e4hrstoffe aufnimmt.<\/li><\/ol>\t\t\t\t\t\t\t\t<\/div>\n\t\t\t\t<\/div>\n\t\t\t\t\t<\/div>\n\t\t<\/div>\n\t\t\t\t\t<\/div>\n\t\t<\/section>\n\t\t\t\t<\/div>","protected":false},"excerpt":{"rendered":"<p>Darmflora Honden en katten met een speciaal dieet hebben vaak behoefte aan wat extra ondersteuning, omdat hun kwaaltjes meestal behoorlijk [&hellip;]<\/p>","protected":false},"author":4,"featured_media":0,"parent":0,"menu_order":0,"comment_status":"closed","ping_status":"closed","template":"","meta":{"site-sidebar-layout":"no-sidebar","site-content-layout":"","ast-site-content-layout":"full-width-container","site-content-style":"default","site-sidebar-style":"default","ast-global-header-display":"","ast-banner-title-visibility":"","ast-main-header-display":"","ast-hfb-above-header-display":"","ast-hfb-below-header-display":"","ast-hfb-mobile-header-display":"","site-post-title":"disabled","ast-breadcrumbs-content":"","ast-featured-img":"disabled","footer-sml-layout":"","theme-transparent-header-meta":"","adv-header-id-meta":"","stick-header-meta":"","header-above-stick-meta":"","header-main-stick-meta":"","header-below-stick-meta":"","astra-migrate-meta-layouts":"default","ast-page-background-enabled":"default","ast-page-background-meta":{"desktop":{"background-color":"var(--ast-global-color-4)","background-image":"","background-repeat":"repeat","background-position":"center center","background-size":"auto","background-attachment":"scroll","background-type":"","background-media":"","overlay-type":"","overlay-color":"","overlay-opacity":"","overlay-gradient":""},"tablet":{"background-color":"","background-image":"","background-repeat":"repeat","background-position":"center center","background-size":"auto","background-attachment":"scroll","background-type":"","background-media":"","overlay-type":"","overlay-color":"","overlay-opacity":"","overlay-gradient":""},"mobile":{"background-color":"","background-image":"","background-repeat":"repeat","background-position":"center center","background-size":"auto","background-attachment":"scroll","background-type":"","background-media":"","overlay-type":"","overlay-color":"","overlay-opacity":"","overlay-gradient":""}},"ast-content-background-meta":{"desktop":{"background-color":"var(--ast-global-color-5)","background-image":"","background-repeat":"repeat","background-position":"center center","background-size":"auto","background-attachment":"scroll","background-type":"","background-media":"","overlay-type":"","overlay-color":"","overlay-opacity":"","overlay-gradient":""},"tablet":{"background-color":"var(--ast-global-color-5)","background-image":"","background-repeat":"repeat","background-position":"center center","background-size":"auto","background-attachment":"scroll","background-type":"","background-media":"","overlay-type":"","overlay-color":"","overlay-opacity":"","overlay-gradient":""},"mobile":{"background-color":"var(--ast-global-color-5)","background-image":"","background-repeat":"repeat","background-position":"center center","background-size":"auto","background-attachment":"scroll","background-type":"","background-media":"","overlay-type":"","overlay-color":"","overlay-opacity":"","overlay-gradient":""}},"footnotes":""},"class_list":["post-7231","page","type-page","status-publish","hentry"],"yoast_head":"<!-- This site is optimized with the Yoast SEO plugin v25.1 - https:\/\/yoast.com\/wordpress\/plugins\/seo\/ -->\n<title>Info Darmflora - CLiNiC<\/title>\n<meta name=\"robots\" content=\"index, follow, max-snippet:-1, max-image-preview:large, max-video-preview:-1\" \/>\n<link rel=\"canonical\" href=\"https:\/\/clinicpetfood.pl\/de\/info-darmsysteem\/\" \/>\n<meta property=\"og:locale\" content=\"de_DE\" \/>\n<meta property=\"og:type\" content=\"article\" \/>\n<meta property=\"og:title\" content=\"Info Darmflora - CLiNiC\" \/>\n<meta property=\"og:description\" content=\"Darmflora Honden en katten met een speciaal dieet hebben vaak behoefte aan wat extra ondersteuning, omdat hun kwaaltjes meestal behoorlijk [&hellip;]\" \/>\n<meta property=\"og:url\" content=\"https:\/\/clinicpetfood.pl\/de\/info-darmsysteem\/\" \/>\n<meta property=\"og:site_name\" content=\"CLiNiC\" \/>\n<meta property=\"article:modified_time\" content=\"2025-06-10T11:11:35+00:00\" \/>\n<meta name=\"twitter:card\" content=\"summary_large_image\" \/>\n<meta name=\"twitter:label1\" content=\"Gesch\u00e4tzte Lesezeit\" \/>\n\t<meta name=\"twitter:data1\" content=\"2\u00a0Minuten\" \/>\n<script type=\"application\/ld+json\" class=\"yoast-schema-graph\">{\"@context\":\"https:\/\/schema.org\",\"@graph\":[{\"@type\":\"WebPage\",\"@id\":\"https:\/\/clinicpetfood.pl\/info-darmsysteem\/\",\"url\":\"https:\/\/clinicpetfood.pl\/info-darmsysteem\/\",\"name\":\"Info Darmflora - CLiNiC\",\"isPartOf\":{\"@id\":\"https:\/\/clinicpetfood.pl\/#website\"},\"datePublished\":\"2025-06-10T10:42:07+00:00\",\"dateModified\":\"2025-06-10T11:11:35+00:00\",\"breadcrumb\":{\"@id\":\"https:\/\/clinicpetfood.pl\/info-darmsysteem\/#breadcrumb\"},\"inLanguage\":\"de\",\"potentialAction\":[{\"@type\":\"ReadAction\",\"target\":[\"https:\/\/clinicpetfood.pl\/info-darmsysteem\/\"]}]},{\"@type\":\"BreadcrumbList\",\"@id\":\"https:\/\/clinicpetfood.pl\/info-darmsysteem\/#breadcrumb\",\"itemListElement\":[{\"@type\":\"ListItem\",\"position\":1,\"name\":\"Home\",\"item\":\"https:\/\/clinicpetfood.pl\/\"},{\"@type\":\"ListItem\",\"position\":2,\"name\":\"Info Darmflora\"}]},{\"@type\":\"WebSite\",\"@id\":\"https:\/\/clinicpetfood.pl\/#website\",\"url\":\"https:\/\/clinicpetfood.pl\/\",\"name\":\"CLiNiC\",\"description\":\"Clinic Veterinary Diet\",\"publisher\":{\"@id\":\"https:\/\/clinicpetfood.pl\/#organization\"},\"potentialAction\":[{\"@type\":\"SearchAction\",\"target\":{\"@type\":\"EntryPoint\",\"urlTemplate\":\"https:\/\/clinicpetfood.pl\/?s={search_term_string}\"},\"query-input\":{\"@type\":\"PropertyValueSpecification\",\"valueRequired\":true,\"valueName\":\"search_term_string\"}}],\"inLanguage\":\"de\"},{\"@type\":\"Organization\",\"@id\":\"https:\/\/clinicpetfood.pl\/#organization\",\"name\":\"CLiNiC\",\"url\":\"https:\/\/clinicpetfood.pl\/\",\"logo\":{\"@type\":\"ImageObject\",\"inLanguage\":\"de\",\"@id\":\"https:\/\/clinicpetfood.pl\/#\/schema\/logo\/image\/\",\"url\":\"https:\/\/clinicpetfood.pl\/wp-content\/uploads\/2024\/10\/Logo-Clinic-blauw.png\",\"contentUrl\":\"https:\/\/clinicpetfood.pl\/wp-content\/uploads\/2024\/10\/Logo-Clinic-blauw.png\",\"width\":3442,\"height\":1361,\"caption\":\"CLiNiC\"},\"image\":{\"@id\":\"https:\/\/clinicpetfood.pl\/#\/schema\/logo\/image\/\"}}]}<\/script>\n<!-- \/ Yoast SEO plugin. -->","yoast_head_json":{"title":"Info Darmflora - CLiNiC","robots":{"index":"index","follow":"follow","max-snippet":"max-snippet:-1","max-image-preview":"max-image-preview:large","max-video-preview":"max-video-preview:-1"},"canonical":"https:\/\/clinicpetfood.pl\/de\/info-darmsysteem\/","og_locale":"de_DE","og_type":"article","og_title":"Info Darmflora - CLiNiC","og_description":"Darmflora Honden en katten met een speciaal dieet hebben vaak behoefte aan wat extra ondersteuning, omdat hun kwaaltjes meestal behoorlijk [&hellip;]","og_url":"https:\/\/clinicpetfood.pl\/de\/info-darmsysteem\/","og_site_name":"CLiNiC","article_modified_time":"2025-06-10T11:11:35+00:00","twitter_card":"summary_large_image","twitter_misc":{"Gesch\u00e4tzte Lesezeit":"2\u00a0Minuten"},"schema":{"@context":"https:\/\/schema.org","@graph":[{"@type":"WebPage","@id":"https:\/\/clinicpetfood.pl\/info-darmsysteem\/","url":"https:\/\/clinicpetfood.pl\/info-darmsysteem\/","name":"Info Darmflora - CLiNiC","isPartOf":{"@id":"https:\/\/clinicpetfood.pl\/#website"},"datePublished":"2025-06-10T10:42:07+00:00","dateModified":"2025-06-10T11:11:35+00:00","breadcrumb":{"@id":"https:\/\/clinicpetfood.pl\/info-darmsysteem\/#breadcrumb"},"inLanguage":"de","potentialAction":[{"@type":"ReadAction","target":["https:\/\/clinicpetfood.pl\/info-darmsysteem\/"]}]},{"@type":"BreadcrumbList","@id":"https:\/\/clinicpetfood.pl\/info-darmsysteem\/#breadcrumb","itemListElement":[{"@type":"ListItem","position":1,"name":"Home","item":"https:\/\/clinicpetfood.pl\/"},{"@type":"ListItem","position":2,"name":"Info Darmflora"}]},{"@type":"WebSite","@id":"https:\/\/clinicpetfood.pl\/#website","url":"https:\/\/clinicpetfood.pl\/","name":"CLiNiC","description":"Clinic Veterinary Diet","publisher":{"@id":"https:\/\/clinicpetfood.pl\/#organization"},"potentialAction":[{"@type":"SearchAction","target":{"@type":"EntryPoint","urlTemplate":"https:\/\/clinicpetfood.pl\/?s={search_term_string}"},"query-input":{"@type":"PropertyValueSpecification","valueRequired":true,"valueName":"search_term_string"}}],"inLanguage":"de"},{"@type":"Organization","@id":"https:\/\/clinicpetfood.pl\/#organization","name":"CLiNiC","url":"https:\/\/clinicpetfood.pl\/","logo":{"@type":"ImageObject","inLanguage":"de","@id":"https:\/\/clinicpetfood.pl\/#\/schema\/logo\/image\/","url":"https:\/\/clinicpetfood.pl\/wp-content\/uploads\/2024\/10\/Logo-Clinic-blauw.png","contentUrl":"https:\/\/clinicpetfood.pl\/wp-content\/uploads\/2024\/10\/Logo-Clinic-blauw.png","width":3442,"height":1361,"caption":"CLiNiC"},"image":{"@id":"https:\/\/clinicpetfood.pl\/#\/schema\/logo\/image\/"}}]}},"_links":{"self":[{"href":"https:\/\/clinicpetfood.pl\/de\/wp-json\/wp\/v2\/pages\/7231","targetHints":{"allow":["GET"]}}],"collection":[{"href":"https:\/\/clinicpetfood.pl\/de\/wp-json\/wp\/v2\/pages"}],"about":[{"href":"https:\/\/clinicpetfood.pl\/de\/wp-json\/wp\/v2\/types\/page"}],"author":[{"embeddable":true,"href":"https:\/\/clinicpetfood.pl\/de\/wp-json\/wp\/v2\/users\/4"}],"replies":[{"embeddable":true,"href":"https:\/\/clinicpetfood.pl\/de\/wp-json\/wp\/v2\/comments?post=7231"}],"version-history":[{"count":7,"href":"https:\/\/clinicpetfood.pl\/de\/wp-json\/wp\/v2\/pages\/7231\/revisions"}],"predecessor-version":[{"id":7264,"href":"https:\/\/clinicpetfood.pl\/de\/wp-json\/wp\/v2\/pages\/7231\/revisions\/7264"}],"wp:attachment":[{"href":"https:\/\/clinicpetfood.pl\/de\/wp-json\/wp\/v2\/media?parent=7231"}],"curies":[{"name":"wp","href":"https:\/\/api.w.org\/{rel}","templated":true}]}}