{"id":7240,"date":"2025-06-10T10:45:11","date_gmt":"2025-06-10T10:45:11","guid":{"rendered":"https:\/\/clinicpetfood.pl\/?page_id=7240"},"modified":"2025-06-10T11:11:57","modified_gmt":"2025-06-10T11:11:57","slug":"info-immuunsysteem-copy","status":"publish","type":"page","link":"https:\/\/clinicpetfood.pl\/de\/info-immuunsysteem-copy\/","title":{"rendered":"Info Huid en vacht"},"content":{"rendered":"<div data-elementor-type=\"wp-page\" data-elementor-id=\"7240\" class=\"elementor elementor-7240\" data-elementor-post-type=\"page\">\n\t\t\t\t\t\t<section data-particle_enable=\"false\" data-particle-mobile-disabled=\"false\" class=\"ob-is-breaking-bad elementor-section elementor-top-section elementor-element elementor-element-fe47dc5 elementor-section-boxed elementor-section-height-default elementor-section-height-default\" data-id=\"fe47dc5\" data-element_type=\"section\" data-e-type=\"section\" data-settings=\"{&quot;_ob_bbad_use_it&quot;:&quot;yes&quot;,&quot;_ob_bbad_sssic_use&quot;:&quot;no&quot;,&quot;_ob_glider_is_slider&quot;:&quot;no&quot;}\">\n\t\t\t\t\t\t<div class=\"elementor-container elementor-column-gap-default\">\n\t\t\t\t\t<div class=\"elementor-column elementor-col-100 elementor-top-column elementor-element elementor-element-7aaab5a\" data-id=\"7aaab5a\" data-element_type=\"column\" data-e-type=\"column\" data-settings=\"{&quot;_ob_bbad_is_stalker&quot;:&quot;no&quot;,&quot;_ob_teleporter_use&quot;:false,&quot;_ob_column_hoveranimator&quot;:&quot;no&quot;,&quot;_ob_column_has_pseudo&quot;:&quot;no&quot;}\">\n\t\t\t<div class=\"elementor-widget-wrap elementor-element-populated\">\n\t\t\t\t\t\t<div class=\"elementor-element elementor-element-03c2149 ob-harakiri-inherit ob-has-background-overlay elementor-widget elementor-widget-heading\" data-id=\"03c2149\" data-element_type=\"widget\" data-e-type=\"widget\" data-settings=\"{&quot;_ob_use_harakiri&quot;:&quot;yes&quot;,&quot;_ob_harakiri_writing_mode&quot;:&quot;inherit&quot;,&quot;_ob_harakiri_text_clip&quot;:&quot;none&quot;,&quot;_ob_perspektive_use&quot;:&quot;no&quot;,&quot;_ob_poopart_use&quot;:&quot;yes&quot;,&quot;_ob_shadough_use&quot;:&quot;no&quot;,&quot;_ob_allow_hoveranimator&quot;:&quot;no&quot;,&quot;_ob_widget_stalker_use&quot;:&quot;no&quot;}\" data-widget_type=\"heading.default\">\n\t\t\t\t<div class=\"elementor-widget-container\">\n\t\t\t\t\t<h2 class=\"elementor-heading-title elementor-size-default\">Haut und Fell<\/h2>\t\t\t\t<\/div>\n\t\t\t\t<\/div>\n\t\t\t\t\t<\/div>\n\t\t<\/div>\n\t\t\t\t\t<\/div>\n\t\t<\/section>\n\t\t\t\t<section data-particle_enable=\"false\" data-particle-mobile-disabled=\"false\" class=\"ob-is-breaking-bad elementor-section elementor-top-section elementor-element elementor-element-72dd1f5 elementor-section-boxed elementor-section-height-default elementor-section-height-default\" data-id=\"72dd1f5\" data-element_type=\"section\" data-e-type=\"section\" data-settings=\"{&quot;_ob_bbad_use_it&quot;:&quot;yes&quot;,&quot;_ob_bbad_sssic_use&quot;:&quot;no&quot;,&quot;_ob_glider_is_slider&quot;:&quot;no&quot;}\">\n\t\t\t\t\t\t<div class=\"elementor-container elementor-column-gap-default\">\n\t\t\t\t\t<div class=\"elementor-column elementor-col-100 elementor-top-column elementor-element elementor-element-ee7e617\" data-id=\"ee7e617\" data-element_type=\"column\" data-e-type=\"column\" data-settings=\"{&quot;_ob_bbad_is_stalker&quot;:&quot;no&quot;,&quot;_ob_teleporter_use&quot;:false,&quot;_ob_column_hoveranimator&quot;:&quot;no&quot;,&quot;_ob_column_has_pseudo&quot;:&quot;no&quot;}\">\n\t\t\t<div class=\"elementor-widget-wrap elementor-element-populated\">\n\t\t\t\t\t\t<div class=\"elementor-element elementor-element-10aebd0 ob-harakiri-inherit ob-has-background-overlay elementor-widget elementor-widget-text-editor\" data-id=\"10aebd0\" data-element_type=\"widget\" data-e-type=\"widget\" data-settings=\"{&quot;_ob_use_harakiri&quot;:&quot;yes&quot;,&quot;_ob_harakiri_writing_mode&quot;:&quot;inherit&quot;,&quot;_ob_postman_use&quot;:&quot;no&quot;,&quot;_ob_perspektive_use&quot;:&quot;no&quot;,&quot;_ob_poopart_use&quot;:&quot;yes&quot;,&quot;_ob_shadough_use&quot;:&quot;no&quot;,&quot;_ob_allow_hoveranimator&quot;:&quot;no&quot;,&quot;_ob_widget_stalker_use&quot;:&quot;no&quot;}\" data-widget_type=\"text-editor.default\">\n\t\t\t\t<div class=\"elementor-widget-container\">\n\t\t\t\t\t\t\t\t\t<p>Hunde und Katzen, die eine spezielle Di\u00e4t einhalten m\u00fcssen, brauchen oft eine zus\u00e4tzliche Unterst\u00fctzung, da ihre Beschwerden ihrem K\u00f6rper meist einiges abverlangen. Auch wenn es nicht sofort notwendig erscheint, kann diese zus\u00e4tzliche Unterst\u00fctzung pr\u00e4ventiv einen guten Impuls f\u00fcr ihre Gesundheit geben.<\/p><p>Ein solches Bed\u00fcrfnis ist die St\u00e4rkung der Haut- und Fellbeschaffenheit. Unser Futter tr\u00e4gt dazu bei durch das Vorhandensein von Omega-3- und Omega-6-Fetts\u00e4uren in der richtigen Balance und durch den zus\u00e4tzlichen Zusatz von Zink<\/p><p>Was sind Omega-3- und Omega-6-Fetts\u00e4uren und Zink?  Und wie wirken sie?<\/p><p><strong>Omega-3- und Omega-6-Fetts\u00e4uren: <\/strong><br \/>Omega-3- und Omega-6-Fetts\u00e4uren sind\u00a0<em>essentielle Fetts\u00e4uren<\/em>Das bedeutet, dass Tiere (wie \u00fcbrigens auch Menschen) diese Fette nicht selbst herstellen k\u00f6nnen. Sie m\u00fcssen also mit der Nahrung zugef\u00fchrt werden. Diese Fetts\u00e4uren sind eine Art Bausteine, die bei allen m\u00f6glichen wichtigen Prozessen im K\u00f6rper helfen.<\/p><p><strong>Omega-6: <br \/><\/strong>Omega-6-Fetts\u00e4uren sind in pflanzlichen \u00d6len wie Sonnenblumen\u00f6l und Mais\u00f6l sowie in tierischen Fetten enthalten. Sie sind vor allem f\u00fcr ihre Rolle bei der Unterst\u00fctzung der Hautbarriere bekannt.<\/p><ul><li><strong>Hydratation<\/strong>Omega-6 hilft der Haut, Feuchtigkeit zu speichern. Eine mit Feuchtigkeit versorgte Haut bedeutet eine geringere Wahrscheinlichkeit von Schuppen und trockenem Fell.<\/li><li><strong>Reparateur<\/strong>: Wenn Ihr Haustier eine Wunde oder Reizung hat, spielt Omega-6 eine Rolle im Heilungsprozess. Es regt die Hautzellen an, sich zu erneuern.<\/li><\/ul><p><strong>Omega-3: <br \/><\/strong>Omega-3-Fetts\u00e4uren sind haupts\u00e4chlich in fettem Fisch (wie Lachs), Leinsamen und Algen enthalten. Sie spielen eine etwas andere Rolle als Omega-6, sind aber genauso wichtig.<\/p><ul><li><strong>Anti-Kratzer<\/strong>Omega-3 wirkt entz\u00fcndungshemmend. Wenn Ihr Hund oder Ihre Katze unter Juckreiz, Allergien oder roter Haut leidet, k\u00f6nnen diese Fetts\u00e4uren zur Beruhigung beitragen.<\/li><li><strong>Garantierter Glanz<\/strong>Diese Fetts\u00e4ure unterst\u00fctzt die Produktion nat\u00fcrlicher Fette in der Haut, was wiederum f\u00fcr ein gl\u00e4nzendes, gesundes Fell sorgt.<\/li><\/ul><p><strong>Richtiges Gleichgewicht<br \/><\/strong>Hier kommt der entscheidende Punkt: Omega-3 und Omega-6 arbeiten als Team zusammen, aber wenn zu viel Omega-6 vorhanden ist, kann dies die Entz\u00fcndung verschlimmern. Omega-3 tr\u00e4gt dazu bei, dieses Gleichgewicht wiederherzustellen. F\u00fcr Tierfutter wird h\u00e4ufig ein Verh\u00e4ltnis von etwa 5:1 (Omega-6:Omega-3) empfohlen. Viele Futtermittelmarken enthalten jedoch zu viel Omega-6 und zu wenig Omega-3.<\/p><p><strong>Zink<br \/><\/strong>Zink ist ein essenzieller Mineralstoff, das hei\u00dft, Ihr Tier muss ihn \u00fcber die Nahrung aufnehmen, da der K\u00f6rper ihn nicht selbst herstellen kann. Es ist eine Art Allesk\u00f6nner, der den Aufbau, das Wachstum und die Reparatur von Geweben unterst\u00fctzt.<\/p><p>Zink ist in Fleisch, Fisch und Eiern enthalten. F\u00fcr Haut und Fell ist Zink besonders wichtig, weil es:<\/p><ul><li><strong>H\u00e4lt die Haut gesund<\/strong>Es st\u00e4rkt die Hautbarriere und sorgt daf\u00fcr, dass die Haut Feuchtigkeit besser speichert.<\/li><li><strong>Vorbeugung von Haarausfall<\/strong>Zinkmangel kann zu \u00fcberm\u00e4\u00dfigem Haarausfall und einem stumpfen Fell f\u00fchren.<\/li><li><strong>Flocken reduziert<\/strong>Zink hilft gegen trockene Haut und Schuppenbildung.<\/li><li><strong>Hautprobleme heilen<\/strong>Es f\u00f6rdert die Heilung von Wunden, Reizungen und Entz\u00fcndungen.<\/li><\/ul>\t\t\t\t\t\t\t\t<\/div>\n\t\t\t\t<\/div>\n\t\t\t\t\t<\/div>\n\t\t<\/div>\n\t\t\t\t\t<\/div>\n\t\t<\/section>\n\t\t\t\t<\/div>","protected":false},"excerpt":{"rendered":"<p>Huid en vacht Honden en katten met een speciaal dieet hebben vaak behoefte aan wat extra ondersteuning, omdat hun kwaaltjes [&hellip;]<\/p>","protected":false},"author":4,"featured_media":0,"parent":0,"menu_order":0,"comment_status":"closed","ping_status":"closed","template":"","meta":{"site-sidebar-layout":"no-sidebar","site-content-layout":"","ast-site-content-layout":"full-width-container","site-content-style":"default","site-sidebar-style":"default","ast-global-header-display":"","ast-banner-title-visibility":"","ast-main-header-display":"","ast-hfb-above-header-display":"","ast-hfb-below-header-display":"","ast-hfb-mobile-header-display":"","site-post-title":"disabled","ast-breadcrumbs-content":"","ast-featured-img":"disabled","footer-sml-layout":"","theme-transparent-header-meta":"","adv-header-id-meta":"","stick-header-meta":"","header-above-stick-meta":"","header-main-stick-meta":"","header-below-stick-meta":"","astra-migrate-meta-layouts":"default","ast-page-background-enabled":"default","ast-page-background-meta":{"desktop":{"background-color":"var(--ast-global-color-4)","background-image":"","background-repeat":"repeat","background-position":"center center","background-size":"auto","background-attachment":"scroll","background-type":"","background-media":"","overlay-type":"","overlay-color":"","overlay-opacity":"","overlay-gradient":""},"tablet":{"background-color":"","background-image":"","background-repeat":"repeat","background-position":"center center","background-size":"auto","background-attachment":"scroll","background-type":"","background-media":"","overlay-type":"","overlay-color":"","overlay-opacity":"","overlay-gradient":""},"mobile":{"background-color":"","background-image":"","background-repeat":"repeat","background-position":"center center","background-size":"auto","background-attachment":"scroll","background-type":"","background-media":"","overlay-type":"","overlay-color":"","overlay-opacity":"","overlay-gradient":""}},"ast-content-background-meta":{"desktop":{"background-color":"var(--ast-global-color-5)","background-image":"","background-repeat":"repeat","background-position":"center center","background-size":"auto","background-attachment":"scroll","background-type":"","background-media":"","overlay-type":"","overlay-color":"","overlay-opacity":"","overlay-gradient":""},"tablet":{"background-color":"var(--ast-global-color-5)","background-image":"","background-repeat":"repeat","background-position":"center center","background-size":"auto","background-attachment":"scroll","background-type":"","background-media":"","overlay-type":"","overlay-color":"","overlay-opacity":"","overlay-gradient":""},"mobile":{"background-color":"var(--ast-global-color-5)","background-image":"","background-repeat":"repeat","background-position":"center center","background-size":"auto","background-attachment":"scroll","background-type":"","background-media":"","overlay-type":"","overlay-color":"","overlay-opacity":"","overlay-gradient":""}},"footnotes":""},"class_list":["post-7240","page","type-page","status-publish","hentry"],"yoast_head":"<!-- This site is optimized with the Yoast SEO plugin v25.1 - https:\/\/yoast.com\/wordpress\/plugins\/seo\/ -->\n<title>Info Huid en vacht - CLiNiC<\/title>\n<meta name=\"robots\" content=\"index, follow, max-snippet:-1, max-image-preview:large, max-video-preview:-1\" \/>\n<link rel=\"canonical\" href=\"https:\/\/clinicpetfood.pl\/de\/info-immuunsysteem-copy\/\" \/>\n<meta property=\"og:locale\" content=\"de_DE\" \/>\n<meta property=\"og:type\" content=\"article\" \/>\n<meta property=\"og:title\" content=\"Info Huid en vacht - CLiNiC\" \/>\n<meta property=\"og:description\" content=\"Huid en vacht Honden en katten met een speciaal dieet hebben vaak behoefte aan wat extra ondersteuning, omdat hun kwaaltjes [&hellip;]\" \/>\n<meta property=\"og:url\" content=\"https:\/\/clinicpetfood.pl\/de\/info-immuunsysteem-copy\/\" \/>\n<meta property=\"og:site_name\" content=\"CLiNiC\" \/>\n<meta property=\"article:modified_time\" content=\"2025-06-10T11:11:57+00:00\" \/>\n<meta name=\"twitter:card\" content=\"summary_large_image\" \/>\n<meta name=\"twitter:label1\" content=\"Gesch\u00e4tzte Lesezeit\" \/>\n\t<meta name=\"twitter:data1\" content=\"3\u00a0Minuten\" \/>\n<script type=\"application\/ld+json\" class=\"yoast-schema-graph\">{\"@context\":\"https:\/\/schema.org\",\"@graph\":[{\"@type\":\"WebPage\",\"@id\":\"https:\/\/clinicpetfood.pl\/info-immuunsysteem-copy\/\",\"url\":\"https:\/\/clinicpetfood.pl\/info-immuunsysteem-copy\/\",\"name\":\"Info Huid en vacht - CLiNiC\",\"isPartOf\":{\"@id\":\"https:\/\/clinicpetfood.pl\/#website\"},\"datePublished\":\"2025-06-10T10:45:11+00:00\",\"dateModified\":\"2025-06-10T11:11:57+00:00\",\"breadcrumb\":{\"@id\":\"https:\/\/clinicpetfood.pl\/info-immuunsysteem-copy\/#breadcrumb\"},\"inLanguage\":\"de\",\"potentialAction\":[{\"@type\":\"ReadAction\",\"target\":[\"https:\/\/clinicpetfood.pl\/info-immuunsysteem-copy\/\"]}]},{\"@type\":\"BreadcrumbList\",\"@id\":\"https:\/\/clinicpetfood.pl\/info-immuunsysteem-copy\/#breadcrumb\",\"itemListElement\":[{\"@type\":\"ListItem\",\"position\":1,\"name\":\"Home\",\"item\":\"https:\/\/clinicpetfood.pl\/\"},{\"@type\":\"ListItem\",\"position\":2,\"name\":\"Info Huid en vacht\"}]},{\"@type\":\"WebSite\",\"@id\":\"https:\/\/clinicpetfood.pl\/#website\",\"url\":\"https:\/\/clinicpetfood.pl\/\",\"name\":\"CLiNiC\",\"description\":\"Clinic Veterinary Diet\",\"publisher\":{\"@id\":\"https:\/\/clinicpetfood.pl\/#organization\"},\"potentialAction\":[{\"@type\":\"SearchAction\",\"target\":{\"@type\":\"EntryPoint\",\"urlTemplate\":\"https:\/\/clinicpetfood.pl\/?s={search_term_string}\"},\"query-input\":{\"@type\":\"PropertyValueSpecification\",\"valueRequired\":true,\"valueName\":\"search_term_string\"}}],\"inLanguage\":\"de\"},{\"@type\":\"Organization\",\"@id\":\"https:\/\/clinicpetfood.pl\/#organization\",\"name\":\"CLiNiC\",\"url\":\"https:\/\/clinicpetfood.pl\/\",\"logo\":{\"@type\":\"ImageObject\",\"inLanguage\":\"de\",\"@id\":\"https:\/\/clinicpetfood.pl\/#\/schema\/logo\/image\/\",\"url\":\"https:\/\/clinicpetfood.pl\/wp-content\/uploads\/2024\/10\/Logo-Clinic-blauw.png\",\"contentUrl\":\"https:\/\/clinicpetfood.pl\/wp-content\/uploads\/2024\/10\/Logo-Clinic-blauw.png\",\"width\":3442,\"height\":1361,\"caption\":\"CLiNiC\"},\"image\":{\"@id\":\"https:\/\/clinicpetfood.pl\/#\/schema\/logo\/image\/\"}}]}<\/script>\n<!-- \/ Yoast SEO plugin. -->","yoast_head_json":{"title":"Info Huid en vacht - CLiNiC","robots":{"index":"index","follow":"follow","max-snippet":"max-snippet:-1","max-image-preview":"max-image-preview:large","max-video-preview":"max-video-preview:-1"},"canonical":"https:\/\/clinicpetfood.pl\/de\/info-immuunsysteem-copy\/","og_locale":"de_DE","og_type":"article","og_title":"Info Huid en vacht - CLiNiC","og_description":"Huid en vacht Honden en katten met een speciaal dieet hebben vaak behoefte aan wat extra ondersteuning, omdat hun kwaaltjes [&hellip;]","og_url":"https:\/\/clinicpetfood.pl\/de\/info-immuunsysteem-copy\/","og_site_name":"CLiNiC","article_modified_time":"2025-06-10T11:11:57+00:00","twitter_card":"summary_large_image","twitter_misc":{"Gesch\u00e4tzte Lesezeit":"3\u00a0Minuten"},"schema":{"@context":"https:\/\/schema.org","@graph":[{"@type":"WebPage","@id":"https:\/\/clinicpetfood.pl\/info-immuunsysteem-copy\/","url":"https:\/\/clinicpetfood.pl\/info-immuunsysteem-copy\/","name":"Info Huid en vacht - CLiNiC","isPartOf":{"@id":"https:\/\/clinicpetfood.pl\/#website"},"datePublished":"2025-06-10T10:45:11+00:00","dateModified":"2025-06-10T11:11:57+00:00","breadcrumb":{"@id":"https:\/\/clinicpetfood.pl\/info-immuunsysteem-copy\/#breadcrumb"},"inLanguage":"de","potentialAction":[{"@type":"ReadAction","target":["https:\/\/clinicpetfood.pl\/info-immuunsysteem-copy\/"]}]},{"@type":"BreadcrumbList","@id":"https:\/\/clinicpetfood.pl\/info-immuunsysteem-copy\/#breadcrumb","itemListElement":[{"@type":"ListItem","position":1,"name":"Home","item":"https:\/\/clinicpetfood.pl\/"},{"@type":"ListItem","position":2,"name":"Info Huid en vacht"}]},{"@type":"WebSite","@id":"https:\/\/clinicpetfood.pl\/#website","url":"https:\/\/clinicpetfood.pl\/","name":"CLiNiC","description":"Clinic Veterinary Diet","publisher":{"@id":"https:\/\/clinicpetfood.pl\/#organization"},"potentialAction":[{"@type":"SearchAction","target":{"@type":"EntryPoint","urlTemplate":"https:\/\/clinicpetfood.pl\/?s={search_term_string}"},"query-input":{"@type":"PropertyValueSpecification","valueRequired":true,"valueName":"search_term_string"}}],"inLanguage":"de"},{"@type":"Organization","@id":"https:\/\/clinicpetfood.pl\/#organization","name":"CLiNiC","url":"https:\/\/clinicpetfood.pl\/","logo":{"@type":"ImageObject","inLanguage":"de","@id":"https:\/\/clinicpetfood.pl\/#\/schema\/logo\/image\/","url":"https:\/\/clinicpetfood.pl\/wp-content\/uploads\/2024\/10\/Logo-Clinic-blauw.png","contentUrl":"https:\/\/clinicpetfood.pl\/wp-content\/uploads\/2024\/10\/Logo-Clinic-blauw.png","width":3442,"height":1361,"caption":"CLiNiC"},"image":{"@id":"https:\/\/clinicpetfood.pl\/#\/schema\/logo\/image\/"}}]}},"_links":{"self":[{"href":"https:\/\/clinicpetfood.pl\/de\/wp-json\/wp\/v2\/pages\/7240","targetHints":{"allow":["GET"]}}],"collection":[{"href":"https:\/\/clinicpetfood.pl\/de\/wp-json\/wp\/v2\/pages"}],"about":[{"href":"https:\/\/clinicpetfood.pl\/de\/wp-json\/wp\/v2\/types\/page"}],"author":[{"embeddable":true,"href":"https:\/\/clinicpetfood.pl\/de\/wp-json\/wp\/v2\/users\/4"}],"replies":[{"embeddable":true,"href":"https:\/\/clinicpetfood.pl\/de\/wp-json\/wp\/v2\/comments?post=7240"}],"version-history":[{"count":5,"href":"https:\/\/clinicpetfood.pl\/de\/wp-json\/wp\/v2\/pages\/7240\/revisions"}],"predecessor-version":[{"id":7265,"href":"https:\/\/clinicpetfood.pl\/de\/wp-json\/wp\/v2\/pages\/7240\/revisions\/7265"}],"wp:attachment":[{"href":"https:\/\/clinicpetfood.pl\/de\/wp-json\/wp\/v2\/media?parent=7240"}],"curies":[{"name":"wp","href":"https:\/\/api.w.org\/{rel}","templated":true}]}}