{"id":7155,"date":"2025-06-06T07:22:10","date_gmt":"2025-06-06T07:22:10","guid":{"rendered":"https:\/\/clinicpetfood.pl\/?page_id=7155"},"modified":"2025-06-06T07:30:00","modified_gmt":"2025-06-06T07:30:00","slug":"voedingsadvies","status":"publish","type":"page","link":"https:\/\/clinicpetfood.pl\/pl\/voedingsadvies\/","title":{"rendered":"Porady \u017cywieniowe"},"content":{"rendered":"<div data-elementor-type=\"wp-page\" data-elementor-id=\"7155\" class=\"elementor elementor-7155\" data-elementor-post-type=\"page\">\n\t\t\t\t\t\t<section data-particle_enable=\"false\" data-particle-mobile-disabled=\"false\" class=\"ob-is-breaking-bad elementor-section elementor-top-section elementor-element elementor-element-b8f3623 elementor-section-boxed elementor-section-height-default elementor-section-height-default\" data-id=\"b8f3623\" data-element_type=\"section\" data-e-type=\"section\" data-settings=\"{&quot;_ob_bbad_use_it&quot;:&quot;yes&quot;,&quot;_ob_bbad_sssic_use&quot;:&quot;no&quot;,&quot;_ob_glider_is_slider&quot;:&quot;no&quot;}\">\n\t\t\t\t\t\t<div class=\"elementor-container elementor-column-gap-default\">\n\t\t\t\t\t<div class=\"elementor-column elementor-col-100 elementor-top-column elementor-element elementor-element-35868cb\" data-id=\"35868cb\" data-element_type=\"column\" data-e-type=\"column\" data-settings=\"{&quot;_ob_bbad_is_stalker&quot;:&quot;no&quot;,&quot;_ob_teleporter_use&quot;:false,&quot;_ob_column_hoveranimator&quot;:&quot;no&quot;,&quot;_ob_column_has_pseudo&quot;:&quot;no&quot;}\">\n\t\t\t<div class=\"elementor-widget-wrap elementor-element-populated\">\n\t\t\t\t\t\t<div class=\"elementor-element elementor-element-57da8ed ob-has-background-overlay elementor-widget elementor-widget-spacer\" data-id=\"57da8ed\" data-element_type=\"widget\" data-e-type=\"widget\" data-settings=\"{&quot;_ob_spacerat_use&quot;:&quot;no&quot;,&quot;_ob_perspektive_use&quot;:&quot;no&quot;,&quot;_ob_poopart_use&quot;:&quot;yes&quot;,&quot;_ob_shadough_use&quot;:&quot;no&quot;,&quot;_ob_allow_hoveranimator&quot;:&quot;no&quot;,&quot;_ob_widget_stalker_use&quot;:&quot;no&quot;}\" data-widget_type=\"spacer.default\">\n\t\t\t\t<div class=\"elementor-widget-container\">\n\t\t\t\t\t\t\t<div class=\"elementor-spacer\">\n\t\t\t<div class=\"elementor-spacer-inner\"><\/div>\n\t\t<\/div>\n\t\t\t\t\t\t<\/div>\n\t\t\t\t<\/div>\n\t\t\t\t<div class=\"elementor-element elementor-element-895c3b8 ob-harakiri-inherit ob-has-background-overlay elementor-widget elementor-widget-text-editor\" data-id=\"895c3b8\" data-element_type=\"widget\" data-e-type=\"widget\" data-settings=\"{&quot;_ob_use_harakiri&quot;:&quot;yes&quot;,&quot;_ob_harakiri_writing_mode&quot;:&quot;inherit&quot;,&quot;_ob_postman_use&quot;:&quot;no&quot;,&quot;_ob_perspektive_use&quot;:&quot;no&quot;,&quot;_ob_poopart_use&quot;:&quot;yes&quot;,&quot;_ob_shadough_use&quot;:&quot;no&quot;,&quot;_ob_allow_hoveranimator&quot;:&quot;no&quot;,&quot;_ob_widget_stalker_use&quot;:&quot;no&quot;}\" data-widget_type=\"text-editor.default\">\n\t\t\t\t<div class=\"elementor-widget-container\">\n\t\t\t\t\t\t\t\t\t<p>Porady \u017cywieniowe<\/p>\t\t\t\t\t\t\t\t<\/div>\n\t\t\t\t<\/div>\n\t\t\t\t<div class=\"elementor-element elementor-element-1409bb1 ob-harakiri-inherit ob-has-background-overlay elementor-widget elementor-widget-text-editor\" data-id=\"1409bb1\" data-element_type=\"widget\" data-e-type=\"widget\" data-settings=\"{&quot;_ob_use_harakiri&quot;:&quot;yes&quot;,&quot;_ob_harakiri_writing_mode&quot;:&quot;inherit&quot;,&quot;_ob_postman_use&quot;:&quot;no&quot;,&quot;_ob_perspektive_use&quot;:&quot;no&quot;,&quot;_ob_poopart_use&quot;:&quot;yes&quot;,&quot;_ob_shadough_use&quot;:&quot;no&quot;,&quot;_ob_allow_hoveranimator&quot;:&quot;no&quot;,&quot;_ob_widget_stalker_use&quot;:&quot;no&quot;}\" data-widget_type=\"text-editor.default\">\n\t\t\t\t<div class=\"elementor-widget-container\">\n\t\t\t\t\t\t\t\t\t<ul><li>Je\u015bli przestawiasz kota lub psa na diet\u0119 CLiNiC, musi si\u0119 on do niej przyzwyczai\u0107. Dlatego najpierw wymieszaj CLiNiC ze star\u0105 karm\u0105.<\/li><li>Zwi\u0119ksz ilo\u015b\u0107 CLiNiC na kilka dni, a od 4 dnia karm kota lub psa wy\u0142\u0105cznie nasz\u0105 karm\u0105.<\/li><li>Podziel zalecan\u0105 dzienn\u0105 dawk\u0119 na 3 do 6 ma\u0142ych porcji.<\/li><li>Je\u015bli chcesz rozpieszcza\u0107 lub nagradza\u0107 swojego domownika, podaj mu nasze przysmaki CLiNiC Multi Diet Treats. S\u0105 one specjalnie stworzone, aby wspiera\u0107 dzia\u0142anie karmy dietetycznej i nie zak\u0142\u00f3ca\u0107 diety psa.<\/li><li>Zapewnij kotu lub psu wystarczaj\u0105co du\u017co ruchu.<\/li><li>Regularnie wa\u017c kota lub psa.<\/li><li>Upewnij si\u0119, \u017ce Tw\u00f3j kot lub pies ma zawsze dost\u0119p do \u015bwie\u017cej wody.<\/li><\/ul>\t\t\t\t\t\t\t\t<\/div>\n\t\t\t\t<\/div>\n\t\t\t\t\t<\/div>\n\t\t<\/div>\n\t\t\t\t\t<\/div>\n\t\t<\/section>\n\t\t\t\t<\/div>","protected":false},"excerpt":{"rendered":"<p>Voedingsadvies Als je je kat of hond laat overstappen op een dieet van CLiNiC moet zij of hij daaraan wennen. [&hellip;]<\/p>","protected":false},"author":4,"featured_media":0,"parent":0,"menu_order":0,"comment_status":"closed","ping_status":"closed","template":"","meta":{"site-sidebar-layout":"no-sidebar","site-content-layout":"","ast-site-content-layout":"full-width-container","site-content-style":"default","site-sidebar-style":"default","ast-global-header-display":"","ast-banner-title-visibility":"","ast-main-header-display":"","ast-hfb-above-header-display":"","ast-hfb-below-header-display":"","ast-hfb-mobile-header-display":"","site-post-title":"disabled","ast-breadcrumbs-content":"","ast-featured-img":"disabled","footer-sml-layout":"","theme-transparent-header-meta":"","adv-header-id-meta":"","stick-header-meta":"","header-above-stick-meta":"","header-main-stick-meta":"","header-below-stick-meta":"","astra-migrate-meta-layouts":"default","ast-page-background-enabled":"default","ast-page-background-meta":{"desktop":{"background-color":"var(--ast-global-color-4)","background-image":"","background-repeat":"repeat","background-position":"center center","background-size":"auto","background-attachment":"scroll","background-type":"","background-media":"","overlay-type":"","overlay-color":"","overlay-opacity":"","overlay-gradient":""},"tablet":{"background-color":"","background-image":"","background-repeat":"repeat","background-position":"center center","background-size":"auto","background-attachment":"scroll","background-type":"","background-media":"","overlay-type":"","overlay-color":"","overlay-opacity":"","overlay-gradient":""},"mobile":{"background-color":"","background-image":"","background-repeat":"repeat","background-position":"center center","background-size":"auto","background-attachment":"scroll","background-type":"","background-media":"","overlay-type":"","overlay-color":"","overlay-opacity":"","overlay-gradient":""}},"ast-content-background-meta":{"desktop":{"background-color":"var(--ast-global-color-5)","background-image":"","background-repeat":"repeat","background-position":"center center","background-size":"auto","background-attachment":"scroll","background-type":"","background-media":"","overlay-type":"","overlay-color":"","overlay-opacity":"","overlay-gradient":""},"tablet":{"background-color":"var(--ast-global-color-5)","background-image":"","background-repeat":"repeat","background-position":"center center","background-size":"auto","background-attachment":"scroll","background-type":"","background-media":"","overlay-type":"","overlay-color":"","overlay-opacity":"","overlay-gradient":""},"mobile":{"background-color":"var(--ast-global-color-5)","background-image":"","background-repeat":"repeat","background-position":"center center","background-size":"auto","background-attachment":"scroll","background-type":"","background-media":"","overlay-type":"","overlay-color":"","overlay-opacity":"","overlay-gradient":""}},"footnotes":""},"class_list":["post-7155","page","type-page","status-publish","hentry"],"yoast_head":"<!-- This site is optimized with the Yoast SEO plugin v25.1 - https:\/\/yoast.com\/wordpress\/plugins\/seo\/ -->\n<title>Voedingsadvies - CLiNiC<\/title>\n<meta name=\"robots\" content=\"index, follow, max-snippet:-1, max-image-preview:large, max-video-preview:-1\" \/>\n<link rel=\"canonical\" href=\"https:\/\/clinicpetfood.pl\/pl\/voedingsadvies\/\" \/>\n<meta property=\"og:locale\" content=\"pl_PL\" \/>\n<meta property=\"og:type\" content=\"article\" \/>\n<meta property=\"og:title\" content=\"Voedingsadvies - CLiNiC\" \/>\n<meta property=\"og:description\" content=\"Voedingsadvies Als je je kat of hond laat overstappen op een dieet van CLiNiC moet zij of hij daaraan wennen. [&hellip;]\" \/>\n<meta property=\"og:url\" content=\"https:\/\/clinicpetfood.pl\/pl\/voedingsadvies\/\" \/>\n<meta property=\"og:site_name\" content=\"CLiNiC\" \/>\n<meta property=\"article:modified_time\" content=\"2025-06-06T07:30:00+00:00\" \/>\n<meta name=\"twitter:card\" content=\"summary_large_image\" \/>\n<meta name=\"twitter:label1\" content=\"Szacowany czas czytania\" \/>\n\t<meta name=\"twitter:data1\" content=\"1 minuta\" \/>\n<script type=\"application\/ld+json\" class=\"yoast-schema-graph\">{\"@context\":\"https:\/\/schema.org\",\"@graph\":[{\"@type\":\"WebPage\",\"@id\":\"https:\/\/clinicpetfood.pl\/voedingsadvies\/\",\"url\":\"https:\/\/clinicpetfood.pl\/voedingsadvies\/\",\"name\":\"Voedingsadvies - CLiNiC\",\"isPartOf\":{\"@id\":\"https:\/\/clinicpetfood.pl\/#website\"},\"datePublished\":\"2025-06-06T07:22:10+00:00\",\"dateModified\":\"2025-06-06T07:30:00+00:00\",\"breadcrumb\":{\"@id\":\"https:\/\/clinicpetfood.pl\/voedingsadvies\/#breadcrumb\"},\"inLanguage\":\"pl-PL\",\"potentialAction\":[{\"@type\":\"ReadAction\",\"target\":[\"https:\/\/clinicpetfood.pl\/voedingsadvies\/\"]}]},{\"@type\":\"BreadcrumbList\",\"@id\":\"https:\/\/clinicpetfood.pl\/voedingsadvies\/#breadcrumb\",\"itemListElement\":[{\"@type\":\"ListItem\",\"position\":1,\"name\":\"Home\",\"item\":\"https:\/\/clinicpetfood.pl\/\"},{\"@type\":\"ListItem\",\"position\":2,\"name\":\"Voedingsadvies\"}]},{\"@type\":\"WebSite\",\"@id\":\"https:\/\/clinicpetfood.pl\/#website\",\"url\":\"https:\/\/clinicpetfood.pl\/\",\"name\":\"CLiNiC\",\"description\":\"Clinic Veterinary Diet\",\"publisher\":{\"@id\":\"https:\/\/clinicpetfood.pl\/#organization\"},\"potentialAction\":[{\"@type\":\"SearchAction\",\"target\":{\"@type\":\"EntryPoint\",\"urlTemplate\":\"https:\/\/clinicpetfood.pl\/?s={search_term_string}\"},\"query-input\":{\"@type\":\"PropertyValueSpecification\",\"valueRequired\":true,\"valueName\":\"search_term_string\"}}],\"inLanguage\":\"pl-PL\"},{\"@type\":\"Organization\",\"@id\":\"https:\/\/clinicpetfood.pl\/#organization\",\"name\":\"CLiNiC\",\"url\":\"https:\/\/clinicpetfood.pl\/\",\"logo\":{\"@type\":\"ImageObject\",\"inLanguage\":\"pl-PL\",\"@id\":\"https:\/\/clinicpetfood.pl\/#\/schema\/logo\/image\/\",\"url\":\"https:\/\/clinicpetfood.pl\/wp-content\/uploads\/2024\/10\/Logo-Clinic-blauw.png\",\"contentUrl\":\"https:\/\/clinicpetfood.pl\/wp-content\/uploads\/2024\/10\/Logo-Clinic-blauw.png\",\"width\":3442,\"height\":1361,\"caption\":\"CLiNiC\"},\"image\":{\"@id\":\"https:\/\/clinicpetfood.pl\/#\/schema\/logo\/image\/\"}}]}<\/script>\n<!-- \/ Yoast SEO plugin. -->","yoast_head_json":{"title":"Voedingsadvies - CLiNiC","robots":{"index":"index","follow":"follow","max-snippet":"max-snippet:-1","max-image-preview":"max-image-preview:large","max-video-preview":"max-video-preview:-1"},"canonical":"https:\/\/clinicpetfood.pl\/pl\/voedingsadvies\/","og_locale":"pl_PL","og_type":"article","og_title":"Voedingsadvies - CLiNiC","og_description":"Voedingsadvies Als je je kat of hond laat overstappen op een dieet van CLiNiC moet zij of hij daaraan wennen. [&hellip;]","og_url":"https:\/\/clinicpetfood.pl\/pl\/voedingsadvies\/","og_site_name":"CLiNiC","article_modified_time":"2025-06-06T07:30:00+00:00","twitter_card":"summary_large_image","twitter_misc":{"Szacowany czas czytania":"1 minuta"},"schema":{"@context":"https:\/\/schema.org","@graph":[{"@type":"WebPage","@id":"https:\/\/clinicpetfood.pl\/voedingsadvies\/","url":"https:\/\/clinicpetfood.pl\/voedingsadvies\/","name":"Voedingsadvies - CLiNiC","isPartOf":{"@id":"https:\/\/clinicpetfood.pl\/#website"},"datePublished":"2025-06-06T07:22:10+00:00","dateModified":"2025-06-06T07:30:00+00:00","breadcrumb":{"@id":"https:\/\/clinicpetfood.pl\/voedingsadvies\/#breadcrumb"},"inLanguage":"pl-PL","potentialAction":[{"@type":"ReadAction","target":["https:\/\/clinicpetfood.pl\/voedingsadvies\/"]}]},{"@type":"BreadcrumbList","@id":"https:\/\/clinicpetfood.pl\/voedingsadvies\/#breadcrumb","itemListElement":[{"@type":"ListItem","position":1,"name":"Home","item":"https:\/\/clinicpetfood.pl\/"},{"@type":"ListItem","position":2,"name":"Voedingsadvies"}]},{"@type":"WebSite","@id":"https:\/\/clinicpetfood.pl\/#website","url":"https:\/\/clinicpetfood.pl\/","name":"CLiNiC","description":"Clinic Veterinary Diet","publisher":{"@id":"https:\/\/clinicpetfood.pl\/#organization"},"potentialAction":[{"@type":"SearchAction","target":{"@type":"EntryPoint","urlTemplate":"https:\/\/clinicpetfood.pl\/?s={search_term_string}"},"query-input":{"@type":"PropertyValueSpecification","valueRequired":true,"valueName":"search_term_string"}}],"inLanguage":"pl-PL"},{"@type":"Organization","@id":"https:\/\/clinicpetfood.pl\/#organization","name":"CLiNiC","url":"https:\/\/clinicpetfood.pl\/","logo":{"@type":"ImageObject","inLanguage":"pl-PL","@id":"https:\/\/clinicpetfood.pl\/#\/schema\/logo\/image\/","url":"https:\/\/clinicpetfood.pl\/wp-content\/uploads\/2024\/10\/Logo-Clinic-blauw.png","contentUrl":"https:\/\/clinicpetfood.pl\/wp-content\/uploads\/2024\/10\/Logo-Clinic-blauw.png","width":3442,"height":1361,"caption":"CLiNiC"},"image":{"@id":"https:\/\/clinicpetfood.pl\/#\/schema\/logo\/image\/"}}]}},"_links":{"self":[{"href":"https:\/\/clinicpetfood.pl\/pl\/wp-json\/wp\/v2\/pages\/7155","targetHints":{"allow":["GET"]}}],"collection":[{"href":"https:\/\/clinicpetfood.pl\/pl\/wp-json\/wp\/v2\/pages"}],"about":[{"href":"https:\/\/clinicpetfood.pl\/pl\/wp-json\/wp\/v2\/types\/page"}],"author":[{"embeddable":true,"href":"https:\/\/clinicpetfood.pl\/pl\/wp-json\/wp\/v2\/users\/4"}],"replies":[{"embeddable":true,"href":"https:\/\/clinicpetfood.pl\/pl\/wp-json\/wp\/v2\/comments?post=7155"}],"version-history":[{"count":7,"href":"https:\/\/clinicpetfood.pl\/pl\/wp-json\/wp\/v2\/pages\/7155\/revisions"}],"predecessor-version":[{"id":7163,"href":"https:\/\/clinicpetfood.pl\/pl\/wp-json\/wp\/v2\/pages\/7155\/revisions\/7163"}],"wp:attachment":[{"href":"https:\/\/clinicpetfood.pl\/pl\/wp-json\/wp\/v2\/media?parent=7155"}],"curies":[{"name":"wp","href":"https:\/\/api.w.org\/{rel}","templated":true}]}}