{"id":7225,"date":"2025-06-10T10:36:42","date_gmt":"2025-06-10T10:36:42","guid":{"rendered":"https:\/\/clinicpetfood.pl\/?page_id=7225"},"modified":"2025-06-10T10:44:59","modified_gmt":"2025-06-10T10:44:59","slug":"immuunsysteem","status":"publish","type":"page","link":"https:\/\/clinicpetfood.pl\/pl\/immuunsysteem\/","title":{"rendered":"Info Immuunsysteem"},"content":{"rendered":"<div data-elementor-type=\"wp-page\" data-elementor-id=\"7225\" class=\"elementor elementor-7225\" data-elementor-post-type=\"page\">\n\t\t\t\t\t\t<section data-particle_enable=\"false\" data-particle-mobile-disabled=\"false\" class=\"ob-is-breaking-bad elementor-section elementor-top-section elementor-element elementor-element-fe47dc5 elementor-section-boxed elementor-section-height-default elementor-section-height-default\" data-id=\"fe47dc5\" data-element_type=\"section\" data-e-type=\"section\" data-settings=\"{&quot;_ob_bbad_use_it&quot;:&quot;yes&quot;,&quot;_ob_bbad_sssic_use&quot;:&quot;no&quot;,&quot;_ob_glider_is_slider&quot;:&quot;no&quot;}\">\n\t\t\t\t\t\t<div class=\"elementor-container elementor-column-gap-default\">\n\t\t\t\t\t<div class=\"elementor-column elementor-col-100 elementor-top-column elementor-element elementor-element-7aaab5a\" data-id=\"7aaab5a\" data-element_type=\"column\" data-e-type=\"column\" data-settings=\"{&quot;_ob_bbad_is_stalker&quot;:&quot;no&quot;,&quot;_ob_teleporter_use&quot;:false,&quot;_ob_column_hoveranimator&quot;:&quot;no&quot;,&quot;_ob_column_has_pseudo&quot;:&quot;no&quot;}\">\n\t\t\t<div class=\"elementor-widget-wrap elementor-element-populated\">\n\t\t\t\t\t\t<div class=\"elementor-element elementor-element-03c2149 ob-harakiri-inherit ob-has-background-overlay elementor-widget elementor-widget-heading\" data-id=\"03c2149\" data-element_type=\"widget\" data-e-type=\"widget\" data-settings=\"{&quot;_ob_use_harakiri&quot;:&quot;yes&quot;,&quot;_ob_harakiri_writing_mode&quot;:&quot;inherit&quot;,&quot;_ob_harakiri_text_clip&quot;:&quot;none&quot;,&quot;_ob_perspektive_use&quot;:&quot;no&quot;,&quot;_ob_poopart_use&quot;:&quot;yes&quot;,&quot;_ob_shadough_use&quot;:&quot;no&quot;,&quot;_ob_allow_hoveranimator&quot;:&quot;no&quot;,&quot;_ob_widget_stalker_use&quot;:&quot;no&quot;}\" data-widget_type=\"heading.default\">\n\t\t\t\t<div class=\"elementor-widget-container\">\n\t\t\t\t\t<h2 class=\"elementor-heading-title elementor-size-default\">Uk\u0142ad odporno\u015bciowy<\/h2>\t\t\t\t<\/div>\n\t\t\t\t<\/div>\n\t\t\t\t\t<\/div>\n\t\t<\/div>\n\t\t\t\t\t<\/div>\n\t\t<\/section>\n\t\t\t\t<section data-particle_enable=\"false\" data-particle-mobile-disabled=\"false\" class=\"ob-is-breaking-bad elementor-section elementor-top-section elementor-element elementor-element-72dd1f5 elementor-section-boxed elementor-section-height-default elementor-section-height-default\" data-id=\"72dd1f5\" data-element_type=\"section\" data-e-type=\"section\" data-settings=\"{&quot;_ob_bbad_use_it&quot;:&quot;yes&quot;,&quot;_ob_bbad_sssic_use&quot;:&quot;no&quot;,&quot;_ob_glider_is_slider&quot;:&quot;no&quot;}\">\n\t\t\t\t\t\t<div class=\"elementor-container elementor-column-gap-default\">\n\t\t\t\t\t<div class=\"elementor-column elementor-col-100 elementor-top-column elementor-element elementor-element-ee7e617\" data-id=\"ee7e617\" data-element_type=\"column\" data-e-type=\"column\" data-settings=\"{&quot;_ob_bbad_is_stalker&quot;:&quot;no&quot;,&quot;_ob_teleporter_use&quot;:false,&quot;_ob_column_hoveranimator&quot;:&quot;no&quot;,&quot;_ob_column_has_pseudo&quot;:&quot;no&quot;}\">\n\t\t\t<div class=\"elementor-widget-wrap elementor-element-populated\">\n\t\t\t\t\t\t<div class=\"elementor-element elementor-element-10aebd0 ob-harakiri-inherit ob-has-background-overlay elementor-widget elementor-widget-text-editor\" data-id=\"10aebd0\" data-element_type=\"widget\" data-e-type=\"widget\" data-settings=\"{&quot;_ob_use_harakiri&quot;:&quot;yes&quot;,&quot;_ob_harakiri_writing_mode&quot;:&quot;inherit&quot;,&quot;_ob_postman_use&quot;:&quot;no&quot;,&quot;_ob_perspektive_use&quot;:&quot;no&quot;,&quot;_ob_poopart_use&quot;:&quot;yes&quot;,&quot;_ob_shadough_use&quot;:&quot;no&quot;,&quot;_ob_allow_hoveranimator&quot;:&quot;no&quot;,&quot;_ob_widget_stalker_use&quot;:&quot;no&quot;}\" data-widget_type=\"text-editor.default\">\n\t\t\t\t<div class=\"elementor-widget-container\">\n\t\t\t\t\t\t\t\t\t<p>Psy i koty na specjalnej diecie cz\u0119sto potrzebuj\u0105 dodatkowego wsparcia, poniewa\u017c ich dolegliwo\u015bci zwykle wymagaj\u0105 sporo od ich organizm\u00f3w. Nawet je\u015bli nie wydaje si\u0119 to od razu konieczne, dodatkowe wsparcie mo\u017ce stanowi\u0107 dobry impuls dla ich zdrowia.<\/p><p>Jedn\u0105 z takich potrzeb jest wzmocnienie uk\u0142adu odporno\u015bciowego. Nasza \u017cywno\u015b\u0107 przyczynia si\u0119 do tego poprzez dodanie MOS i FOS.<\/p><p>Czym s\u0105 MOS i FOS? I jak pomagaj\u0105 uk\u0142adowi odporno\u015bciowemu?\u00a0<\/p><p><strong>MOS (Mannan-Oligosacharydy)<br \/><\/strong>MOS to substancja pochodz\u0105ca ze \u015bciany kom\u00f3rkowej dro\u017cd\u017cy. Sama w sobie nie od\u017cywia niczego, ale jest bardzo wa\u017cna dla zdrowych jelit i silnego uk\u0142adu odporno\u015bciowego.<\/p><p><strong>Co robi w jelitach?<\/strong><br \/>MOS wi\u0105\u017ce si\u0119 ze z\u0142ymi bakteriami, takimi jak \u00a0<em>E. coli<\/em>\u00a0lub\u00a0<em>Salmonella<\/em>. Zapobiega to przyczepianiu si\u0119 tych bakterii do \u015bciany jelita i po prostu pozbywa si\u0119 ich wraz z ka\u0142em. Skutkuje to mniejsz\u0105 liczb\u0105 z\u0142ych bakterii, co oznacza, \u017ce uk\u0142ad odporno\u015bciowy nie musi tak ci\u0119\u017cko pracowa\u0107, a \u015brodowisko jelitowe pozostaje zdrowsze.<\/p><p><strong>FOS (fruktooligosacharydy)<br \/><\/strong>FOS pochodzi z ro\u015blin takich jak cykoria i dzia\u0142a jako po\u017cywienie dla dobrych bakterii w jelitach, na przyk\u0142ad\u00a0<em>Lactobacillus<\/em>\u00a0oraz\u00a0<em>Bifidobacterium<\/em>.<\/p><ul><li><strong>Co robi w jelitach?<\/strong><br \/>Dobre bakterie wykorzystuj\u0105 FOS jako paliwo i produkuj\u0105 kr\u00f3tko\u0142a\u0144cuchowe kwasy t\u0142uszczowe. Te kwasy t\u0142uszczowe pomagaj\u0105 utrzyma\u0107 zdrowe kom\u00f3rki jelitowe i zmniejszaj\u0105 stan zapalny. Przyczynia si\u0119 to do silnego zdrowia jelit i poprawy odporno\u015bci.<\/li><\/ul><p><strong>W jaki spos\u00f3b MOS i FOS wspomagaj\u0105 uk\u0142ad odporno\u015bciowy?<br \/><\/strong>Oko\u0142o 70% uk\u0142adu odporno\u015bciowego znajduje si\u0119 w uk\u0142adzie jelitowym. MOS i FOS wsp\u00f3\u0142pracuj\u0105 ze sob\u0105, aby to wzmocni\u0107:<\/p><ol><li><strong>Ochrona przed z\u0142ymi bakteriami (MOS):<\/strong><br \/>MOS usuwa szkodliwe bakterie, wi\u0105\u017c\u0105c je i usuwaj\u0105c z organizmu. Zmniejsza to ryzyko infekcji i sprawia, \u017ce uk\u0142ad odporno\u015bciowy jest mniej obci\u0105\u017cony.<br \/>Co wi\u0119cej, MOS pomaga niekt\u00f3rym kom\u00f3rkom odporno\u015bciowym, takim jak \"kom\u00f3rki oczyszczaj\u0105ce\" (makrofagi), szybciej rozpoznawa\u0107 i zwalcza\u0107 patogeny.<\/li><li><strong>Wsparcie dobrych bakterii (FOS):<\/strong><br \/>FOS umo\u017cliwia prawid\u0142owy rozw\u00f3j po\u017cytecznych bakterii w jelitach. Bakterie te s\u0105 niezb\u0119dne dla silnego uk\u0142adu odporno\u015bciowego, poniewa\u017c pomagaj\u0105 kontrolowa\u0107 z\u0142e bakterie i zwi\u0119kszaj\u0105 odporno\u015b\u0107.<\/li><li><strong>Wzmocnienie \u015bciany jelita:<\/strong><br \/>Kwasy t\u0142uszczowe powsta\u0142e z FOS tworz\u0105 silniejsz\u0105 \u015bcian\u0119 jelita. Zapobiega to przedostawaniu si\u0119 szkodliwych substancji lub bakterii do organizmu, zmniejszaj\u0105c ryzyko stan\u00f3w zapalnych i odci\u0105\u017caj\u0105c uk\u0142ad odporno\u015bciowy.<\/li><li><strong>Mniej stan\u00f3w zapalnych:<\/strong><br \/>FOS obni\u017ca kwasowo\u015b\u0107 jelit, co jest niekorzystne dla szkodliwych bakterii, ale dobre dla zdrowia jelit. Jego dzia\u0142anie przeciwzapalne zapewnia stabilny i wydajny uk\u0142ad odporno\u015bciowy.<\/li><\/ol><p><strong>Korzy\u015bci w \u017cywieniu zwierz\u0105t<br \/><\/strong>Kiedy MOS i FOS s\u0105 stosowane razem w \u017cywno\u015bci, wzmacniaj\u0105 si\u0119 nawzajem:<\/p><ul><li><strong>Natychmiastowe wsparcie uk\u0142adu odporno\u015bciowego:<\/strong>\u00a0Zmniejszaj\u0105 obci\u0105\u017cenie uk\u0142adu odporno\u015bciowego z\u0142ymi bakteriami.<\/li><li><strong>Op\u00f3r po\u015bredni:<\/strong>\u00a0Poprawiaj\u0105 zdrowie jelit i zwi\u0119kszaj\u0105 wch\u0142anianie sk\u0142adnik\u00f3w od\u017cywczych.<\/li><li><strong>Zapobieganie problemom:<\/strong>\u00a0Zapobiegaj\u0105c infekcjom i stanom zapalnym, przyczyniaj\u0105 si\u0119 do zdrowszego i silniejszego zwierz\u0119cia.<\/li><\/ul>\t\t\t\t\t\t\t\t<\/div>\n\t\t\t\t<\/div>\n\t\t\t\t\t<\/div>\n\t\t<\/div>\n\t\t\t\t\t<\/div>\n\t\t<\/section>\n\t\t\t\t<\/div>","protected":false},"excerpt":{"rendered":"<p>Immuunsysteem Honden en katten met een speciaal dieet hebben vaak behoefte aan wat extra ondersteuning, omdat hun kwaaltjes meestal behoorlijk [&hellip;]<\/p>","protected":false},"author":4,"featured_media":0,"parent":0,"menu_order":0,"comment_status":"closed","ping_status":"closed","template":"","meta":{"site-sidebar-layout":"no-sidebar","site-content-layout":"","ast-site-content-layout":"full-width-container","site-content-style":"default","site-sidebar-style":"default","ast-global-header-display":"","ast-banner-title-visibility":"","ast-main-header-display":"","ast-hfb-above-header-display":"","ast-hfb-below-header-display":"","ast-hfb-mobile-header-display":"","site-post-title":"disabled","ast-breadcrumbs-content":"","ast-featured-img":"disabled","footer-sml-layout":"","theme-transparent-header-meta":"","adv-header-id-meta":"","stick-header-meta":"","header-above-stick-meta":"","header-main-stick-meta":"","header-below-stick-meta":"","astra-migrate-meta-layouts":"default","ast-page-background-enabled":"default","ast-page-background-meta":{"desktop":{"background-color":"var(--ast-global-color-4)","background-image":"","background-repeat":"repeat","background-position":"center center","background-size":"auto","background-attachment":"scroll","background-type":"","background-media":"","overlay-type":"","overlay-color":"","overlay-opacity":"","overlay-gradient":""},"tablet":{"background-color":"","background-image":"","background-repeat":"repeat","background-position":"center center","background-size":"auto","background-attachment":"scroll","background-type":"","background-media":"","overlay-type":"","overlay-color":"","overlay-opacity":"","overlay-gradient":""},"mobile":{"background-color":"","background-image":"","background-repeat":"repeat","background-position":"center center","background-size":"auto","background-attachment":"scroll","background-type":"","background-media":"","overlay-type":"","overlay-color":"","overlay-opacity":"","overlay-gradient":""}},"ast-content-background-meta":{"desktop":{"background-color":"var(--ast-global-color-5)","background-image":"","background-repeat":"repeat","background-position":"center center","background-size":"auto","background-attachment":"scroll","background-type":"","background-media":"","overlay-type":"","overlay-color":"","overlay-opacity":"","overlay-gradient":""},"tablet":{"background-color":"var(--ast-global-color-5)","background-image":"","background-repeat":"repeat","background-position":"center center","background-size":"auto","background-attachment":"scroll","background-type":"","background-media":"","overlay-type":"","overlay-color":"","overlay-opacity":"","overlay-gradient":""},"mobile":{"background-color":"var(--ast-global-color-5)","background-image":"","background-repeat":"repeat","background-position":"center center","background-size":"auto","background-attachment":"scroll","background-type":"","background-media":"","overlay-type":"","overlay-color":"","overlay-opacity":"","overlay-gradient":""}},"footnotes":""},"class_list":["post-7225","page","type-page","status-publish","hentry"],"yoast_head":"<!-- This site is optimized with the Yoast SEO plugin v25.1 - https:\/\/yoast.com\/wordpress\/plugins\/seo\/ -->\n<title>Info Immuunsysteem - CLiNiC<\/title>\n<meta name=\"robots\" content=\"index, follow, max-snippet:-1, max-image-preview:large, max-video-preview:-1\" \/>\n<link rel=\"canonical\" href=\"https:\/\/clinicpetfood.pl\/pl\/immuunsysteem\/\" \/>\n<meta property=\"og:locale\" content=\"pl_PL\" \/>\n<meta property=\"og:type\" content=\"article\" \/>\n<meta property=\"og:title\" content=\"Info Immuunsysteem - CLiNiC\" \/>\n<meta property=\"og:description\" content=\"Immuunsysteem Honden en katten met een speciaal dieet hebben vaak behoefte aan wat extra ondersteuning, omdat hun kwaaltjes meestal behoorlijk [&hellip;]\" \/>\n<meta property=\"og:url\" content=\"https:\/\/clinicpetfood.pl\/pl\/immuunsysteem\/\" \/>\n<meta property=\"og:site_name\" content=\"CLiNiC\" \/>\n<meta property=\"article:modified_time\" content=\"2025-06-10T10:44:59+00:00\" \/>\n<meta name=\"twitter:card\" content=\"summary_large_image\" \/>\n<meta name=\"twitter:label1\" content=\"Szacowany czas czytania\" \/>\n\t<meta name=\"twitter:data1\" content=\"3 minuty\" \/>\n<script type=\"application\/ld+json\" class=\"yoast-schema-graph\">{\"@context\":\"https:\/\/schema.org\",\"@graph\":[{\"@type\":\"WebPage\",\"@id\":\"https:\/\/clinicpetfood.pl\/immuunsysteem\/\",\"url\":\"https:\/\/clinicpetfood.pl\/immuunsysteem\/\",\"name\":\"Info Immuunsysteem - CLiNiC\",\"isPartOf\":{\"@id\":\"https:\/\/clinicpetfood.pl\/#website\"},\"datePublished\":\"2025-06-10T10:36:42+00:00\",\"dateModified\":\"2025-06-10T10:44:59+00:00\",\"breadcrumb\":{\"@id\":\"https:\/\/clinicpetfood.pl\/immuunsysteem\/#breadcrumb\"},\"inLanguage\":\"pl-PL\",\"potentialAction\":[{\"@type\":\"ReadAction\",\"target\":[\"https:\/\/clinicpetfood.pl\/immuunsysteem\/\"]}]},{\"@type\":\"BreadcrumbList\",\"@id\":\"https:\/\/clinicpetfood.pl\/immuunsysteem\/#breadcrumb\",\"itemListElement\":[{\"@type\":\"ListItem\",\"position\":1,\"name\":\"Home\",\"item\":\"https:\/\/clinicpetfood.pl\/\"},{\"@type\":\"ListItem\",\"position\":2,\"name\":\"Info Immuunsysteem\"}]},{\"@type\":\"WebSite\",\"@id\":\"https:\/\/clinicpetfood.pl\/#website\",\"url\":\"https:\/\/clinicpetfood.pl\/\",\"name\":\"CLiNiC\",\"description\":\"Clinic Veterinary Diet\",\"publisher\":{\"@id\":\"https:\/\/clinicpetfood.pl\/#organization\"},\"potentialAction\":[{\"@type\":\"SearchAction\",\"target\":{\"@type\":\"EntryPoint\",\"urlTemplate\":\"https:\/\/clinicpetfood.pl\/?s={search_term_string}\"},\"query-input\":{\"@type\":\"PropertyValueSpecification\",\"valueRequired\":true,\"valueName\":\"search_term_string\"}}],\"inLanguage\":\"pl-PL\"},{\"@type\":\"Organization\",\"@id\":\"https:\/\/clinicpetfood.pl\/#organization\",\"name\":\"CLiNiC\",\"url\":\"https:\/\/clinicpetfood.pl\/\",\"logo\":{\"@type\":\"ImageObject\",\"inLanguage\":\"pl-PL\",\"@id\":\"https:\/\/clinicpetfood.pl\/#\/schema\/logo\/image\/\",\"url\":\"https:\/\/clinicpetfood.pl\/wp-content\/uploads\/2024\/10\/Logo-Clinic-blauw.png\",\"contentUrl\":\"https:\/\/clinicpetfood.pl\/wp-content\/uploads\/2024\/10\/Logo-Clinic-blauw.png\",\"width\":3442,\"height\":1361,\"caption\":\"CLiNiC\"},\"image\":{\"@id\":\"https:\/\/clinicpetfood.pl\/#\/schema\/logo\/image\/\"}}]}<\/script>\n<!-- \/ Yoast SEO plugin. -->","yoast_head_json":{"title":"Info Immuunsysteem - CLiNiC","robots":{"index":"index","follow":"follow","max-snippet":"max-snippet:-1","max-image-preview":"max-image-preview:large","max-video-preview":"max-video-preview:-1"},"canonical":"https:\/\/clinicpetfood.pl\/pl\/immuunsysteem\/","og_locale":"pl_PL","og_type":"article","og_title":"Info Immuunsysteem - CLiNiC","og_description":"Immuunsysteem Honden en katten met een speciaal dieet hebben vaak behoefte aan wat extra ondersteuning, omdat hun kwaaltjes meestal behoorlijk [&hellip;]","og_url":"https:\/\/clinicpetfood.pl\/pl\/immuunsysteem\/","og_site_name":"CLiNiC","article_modified_time":"2025-06-10T10:44:59+00:00","twitter_card":"summary_large_image","twitter_misc":{"Szacowany czas czytania":"3 minuty"},"schema":{"@context":"https:\/\/schema.org","@graph":[{"@type":"WebPage","@id":"https:\/\/clinicpetfood.pl\/immuunsysteem\/","url":"https:\/\/clinicpetfood.pl\/immuunsysteem\/","name":"Info Immuunsysteem - CLiNiC","isPartOf":{"@id":"https:\/\/clinicpetfood.pl\/#website"},"datePublished":"2025-06-10T10:36:42+00:00","dateModified":"2025-06-10T10:44:59+00:00","breadcrumb":{"@id":"https:\/\/clinicpetfood.pl\/immuunsysteem\/#breadcrumb"},"inLanguage":"pl-PL","potentialAction":[{"@type":"ReadAction","target":["https:\/\/clinicpetfood.pl\/immuunsysteem\/"]}]},{"@type":"BreadcrumbList","@id":"https:\/\/clinicpetfood.pl\/immuunsysteem\/#breadcrumb","itemListElement":[{"@type":"ListItem","position":1,"name":"Home","item":"https:\/\/clinicpetfood.pl\/"},{"@type":"ListItem","position":2,"name":"Info Immuunsysteem"}]},{"@type":"WebSite","@id":"https:\/\/clinicpetfood.pl\/#website","url":"https:\/\/clinicpetfood.pl\/","name":"CLiNiC","description":"Clinic Veterinary Diet","publisher":{"@id":"https:\/\/clinicpetfood.pl\/#organization"},"potentialAction":[{"@type":"SearchAction","target":{"@type":"EntryPoint","urlTemplate":"https:\/\/clinicpetfood.pl\/?s={search_term_string}"},"query-input":{"@type":"PropertyValueSpecification","valueRequired":true,"valueName":"search_term_string"}}],"inLanguage":"pl-PL"},{"@type":"Organization","@id":"https:\/\/clinicpetfood.pl\/#organization","name":"CLiNiC","url":"https:\/\/clinicpetfood.pl\/","logo":{"@type":"ImageObject","inLanguage":"pl-PL","@id":"https:\/\/clinicpetfood.pl\/#\/schema\/logo\/image\/","url":"https:\/\/clinicpetfood.pl\/wp-content\/uploads\/2024\/10\/Logo-Clinic-blauw.png","contentUrl":"https:\/\/clinicpetfood.pl\/wp-content\/uploads\/2024\/10\/Logo-Clinic-blauw.png","width":3442,"height":1361,"caption":"CLiNiC"},"image":{"@id":"https:\/\/clinicpetfood.pl\/#\/schema\/logo\/image\/"}}]}},"_links":{"self":[{"href":"https:\/\/clinicpetfood.pl\/pl\/wp-json\/wp\/v2\/pages\/7225","targetHints":{"allow":["GET"]}}],"collection":[{"href":"https:\/\/clinicpetfood.pl\/pl\/wp-json\/wp\/v2\/pages"}],"about":[{"href":"https:\/\/clinicpetfood.pl\/pl\/wp-json\/wp\/v2\/types\/page"}],"author":[{"embeddable":true,"href":"https:\/\/clinicpetfood.pl\/pl\/wp-json\/wp\/v2\/users\/4"}],"replies":[{"embeddable":true,"href":"https:\/\/clinicpetfood.pl\/pl\/wp-json\/wp\/v2\/comments?post=7225"}],"version-history":[{"count":5,"href":"https:\/\/clinicpetfood.pl\/pl\/wp-json\/wp\/v2\/pages\/7225\/revisions"}],"predecessor-version":[{"id":7239,"href":"https:\/\/clinicpetfood.pl\/pl\/wp-json\/wp\/v2\/pages\/7225\/revisions\/7239"}],"wp:attachment":[{"href":"https:\/\/clinicpetfood.pl\/pl\/wp-json\/wp\/v2\/media?parent=7225"}],"curies":[{"name":"wp","href":"https:\/\/api.w.org\/{rel}","templated":true}]}}