{"id":7231,"date":"2025-06-10T10:42:07","date_gmt":"2025-06-10T10:42:07","guid":{"rendered":"https:\/\/clinicpetfood.pl\/?page_id=7231"},"modified":"2025-06-10T11:11:35","modified_gmt":"2025-06-10T11:11:35","slug":"info-darmsysteem","status":"publish","type":"page","link":"https:\/\/clinicpetfood.pl\/pl\/info-darmsysteem\/","title":{"rendered":"Info Darmflora"},"content":{"rendered":"<div data-elementor-type=\"wp-page\" data-elementor-id=\"7231\" class=\"elementor elementor-7231\" data-elementor-post-type=\"page\">\n\t\t\t\t\t\t<section data-particle_enable=\"false\" data-particle-mobile-disabled=\"false\" class=\"ob-is-breaking-bad elementor-section elementor-top-section elementor-element elementor-element-43a6e9c elementor-section-boxed elementor-section-height-default elementor-section-height-default\" data-id=\"43a6e9c\" data-element_type=\"section\" data-e-type=\"section\" data-settings=\"{&quot;_ob_bbad_use_it&quot;:&quot;yes&quot;,&quot;_ob_bbad_sssic_use&quot;:&quot;no&quot;,&quot;_ob_glider_is_slider&quot;:&quot;no&quot;}\">\n\t\t\t\t\t\t<div class=\"elementor-container elementor-column-gap-default\">\n\t\t\t\t\t<div class=\"elementor-column elementor-col-100 elementor-top-column elementor-element elementor-element-f94ac0b\" data-id=\"f94ac0b\" data-element_type=\"column\" data-e-type=\"column\" data-settings=\"{&quot;_ob_bbad_is_stalker&quot;:&quot;no&quot;,&quot;_ob_teleporter_use&quot;:false,&quot;_ob_column_hoveranimator&quot;:&quot;no&quot;,&quot;_ob_column_has_pseudo&quot;:&quot;no&quot;}\">\n\t\t\t<div class=\"elementor-widget-wrap elementor-element-populated\">\n\t\t\t\t\t\t<div class=\"elementor-element elementor-element-c3d73e1 ob-harakiri-inherit ob-has-background-overlay elementor-widget elementor-widget-heading\" data-id=\"c3d73e1\" data-element_type=\"widget\" data-e-type=\"widget\" data-settings=\"{&quot;_ob_use_harakiri&quot;:&quot;yes&quot;,&quot;_ob_harakiri_writing_mode&quot;:&quot;inherit&quot;,&quot;_ob_harakiri_text_clip&quot;:&quot;none&quot;,&quot;_ob_perspektive_use&quot;:&quot;no&quot;,&quot;_ob_poopart_use&quot;:&quot;yes&quot;,&quot;_ob_shadough_use&quot;:&quot;no&quot;,&quot;_ob_allow_hoveranimator&quot;:&quot;no&quot;,&quot;_ob_widget_stalker_use&quot;:&quot;no&quot;}\" data-widget_type=\"heading.default\">\n\t\t\t\t<div class=\"elementor-widget-container\">\n\t\t\t\t\t<h2 class=\"elementor-heading-title elementor-size-default\">Flora jelitowa\n<\/h2>\t\t\t\t<\/div>\n\t\t\t\t<\/div>\n\t\t\t\t\t<\/div>\n\t\t<\/div>\n\t\t\t\t\t<\/div>\n\t\t<\/section>\n\t\t\t\t<section data-particle_enable=\"false\" data-particle-mobile-disabled=\"false\" class=\"ob-is-breaking-bad elementor-section elementor-top-section elementor-element elementor-element-ff0961c elementor-section-boxed elementor-section-height-default elementor-section-height-default\" data-id=\"ff0961c\" data-element_type=\"section\" data-e-type=\"section\" data-settings=\"{&quot;_ob_bbad_use_it&quot;:&quot;yes&quot;,&quot;_ob_bbad_sssic_use&quot;:&quot;no&quot;,&quot;_ob_glider_is_slider&quot;:&quot;no&quot;}\">\n\t\t\t\t\t\t<div class=\"elementor-container elementor-column-gap-default\">\n\t\t\t\t\t<div class=\"elementor-column elementor-col-100 elementor-top-column elementor-element elementor-element-546d45d\" data-id=\"546d45d\" data-element_type=\"column\" data-e-type=\"column\" data-settings=\"{&quot;_ob_bbad_is_stalker&quot;:&quot;no&quot;,&quot;_ob_teleporter_use&quot;:false,&quot;_ob_column_hoveranimator&quot;:&quot;no&quot;,&quot;_ob_column_has_pseudo&quot;:&quot;no&quot;}\">\n\t\t\t<div class=\"elementor-widget-wrap elementor-element-populated\">\n\t\t\t\t\t\t<div class=\"elementor-element elementor-element-477884e ob-harakiri-inherit ob-has-background-overlay elementor-widget elementor-widget-text-editor\" data-id=\"477884e\" data-element_type=\"widget\" data-e-type=\"widget\" data-settings=\"{&quot;_ob_use_harakiri&quot;:&quot;yes&quot;,&quot;_ob_harakiri_writing_mode&quot;:&quot;inherit&quot;,&quot;_ob_postman_use&quot;:&quot;no&quot;,&quot;_ob_perspektive_use&quot;:&quot;no&quot;,&quot;_ob_poopart_use&quot;:&quot;yes&quot;,&quot;_ob_shadough_use&quot;:&quot;no&quot;,&quot;_ob_allow_hoveranimator&quot;:&quot;no&quot;,&quot;_ob_widget_stalker_use&quot;:&quot;no&quot;}\" data-widget_type=\"text-editor.default\">\n\t\t\t\t<div class=\"elementor-widget-container\">\n\t\t\t\t\t\t\t\t\t<p>Psy i koty na specjalnej diecie cz\u0119sto potrzebuj\u0105 dodatkowego wsparcia, poniewa\u017c ich dolegliwo\u015bci zwykle wymagaj\u0105 sporo od ich organizm\u00f3w. Nawet je\u015bli nie wydaje si\u0119 to od razu konieczne, dodatkowe wsparcie mo\u017ce stanowi\u0107 dobry impuls dla ich zdrowia.<\/p><p>Jedn\u0105 z tych potrzeb jest utrzymanie zdrowej flory jelitowej w r\u00f3wnowadze. Nasza \u017cywno\u015b\u0107 przyczynia si\u0119 do tego poprzez dodawanie prebiotyk\u00f3w i \u0142atwo przyswajalnych sk\u0142adnik\u00f3w.<\/p><p>Czym s\u0105 prebiotyki i lekkostrawne sk\u0142adniki?  I jak one dzia\u0142aj\u0105?<\/p><p><strong>Prebiotyki w paszach dla zwierz\u0105t<br \/><\/strong>Prebiotyki to w\u0142\u00f3kna, kt\u00f3rych zwierz\u0119 nie jest w stanie samodzielnie strawi\u0107, ale kt\u00f3re uwielbiaj\u0105 dobre bakterie w jelitach. Bakterie te s\u0105 bardzo wa\u017cne, poniewa\u017c zapewniaj\u0105 zdrowe trawienie i silniejszy uk\u0142ad odporno\u015bciowy.<\/p><p>W wielu paszach dla zwierz\u0105t dodawane s\u0105 prebiotyki, takie jak inulina z cykorii lub fruktooligosacharydy (FOS). W\u0142\u00f3kna te dostaj\u0105 si\u0119 do okr\u0119\u017cnicy w postaci niestrawionej, gdzie pomagaj\u0105 dobrym bakteriom rosn\u0105\u0107 i wzmacnia\u0107 si\u0119. Ma to wiele zalet, takich jak:<\/p><ul><li>Lepiej funkcjonuj\u0105cy uk\u0142ad trawienny.<\/li><li>Mniejsze ryzyko wyst\u0105pienia nieprzyjemnych problem\u00f3w jelitowych, takich jak biegunka.<\/li><li>Lepsze wch\u0142anianie sk\u0142adnik\u00f3w od\u017cywczych z paszy.<\/li><\/ul><p><strong>\u0141atwo przyswajalne sk\u0142adniki<br \/><\/strong>\u0141atwo przyswajalne sk\u0142adniki odgrywaj\u0105 wa\u017cn\u0105 rol\u0119 we wspieraniu zdrowego trawienia i utrzymaniu zr\u00f3wnowa\u017conej flory jelitowej. Sk\u0142adniki te s\u0105 szybko i \u0142atwo wch\u0142aniane, umo\u017cliwiaj\u0105c jelitom efektywn\u0105 prac\u0119 bez nadmiernego stresu.<\/p><p>Niekt\u00f3re przyk\u0142ady lekkostrawnych sk\u0142adnik\u00f3w w naszej karmie to:<\/p><ul><li><strong>Ry\u017c<\/strong>Delikatne \u017ar\u00f3d\u0142o w\u0119glowodan\u00f3w, kt\u00f3re dostarcza energii bez obci\u0105\u017cania jelit.<\/li><li><strong>Kurczak lub indyk<\/strong>wysokiej jako\u015bci bia\u0142ka, kt\u00f3re s\u0105 lekkostrawne i przyczyniaj\u0105 si\u0119 do stabilnego zdrowia jelit.<\/li><li><strong>\u0141oso\u015b<\/strong>\u0179r\u00f3d\u0142o wysokiej jako\u015bci bia\u0142ka i zdrowych kwas\u00f3w t\u0142uszczowych omega-3, kt\u00f3re dzia\u0142aj\u0105 przeciwzapalnie i wspieraj\u0105 zdrowie jelit.<\/li><li><strong>Ziemniak<\/strong>Mi\u0119kkie i lekkostrawne \u017ar\u00f3d\u0142o w\u0119glowodan\u00f3w, kt\u00f3re jest przyjazne dla jelit i pomaga dostarcza\u0107 energi\u0119 bez naruszania flory jelitowej.<\/li><\/ul><p><strong>\u00a0<\/strong><strong>Jak to wp\u0142ywa na flor\u0119 jelitow\u0105?<br \/><\/strong>Podawanie karmy zawieraj\u0105cej prebiotyki i lekkostrawne sk\u0142adniki pomaga przywr\u00f3ci\u0107 r\u00f3wnowag\u0119 flory jelitowej zwierz\u0119cia. Niesie to ze sob\u0105 szereg istotnych korzy\u015bci:<\/p><ol><li><strong>Lepsze zdrowie jelit<\/strong>Prebiotyki dostarczaj\u0105 wi\u0119cej dobrych bakterii, poprawiaj\u0105c r\u00f3wnowag\u0119 w jelitach.<\/li><li><strong>Mniej problem\u00f3w \u017co\u0142\u0105dkowych<\/strong>\u0141atwo przyswajalny pokarm pomaga zmniejszy\u0107 objawy, takie jak biegunka lub wzd\u0119cia.<\/li><li><strong>Silniejszy uk\u0142ad odporno\u015bciowy<\/strong>Zdrowa flora jelitowa ma kluczowe znaczenie dla odporno\u015bci zwierz\u0119cia.<\/li><li><strong>Wi\u0119cej energii i witalno\u015bci<\/strong>Dobre trawienie zapewnia, \u017ce zwierz\u0119 wch\u0142ania wszystkie wa\u017cne sk\u0142adniki od\u017cywcze.<\/li><\/ol>\t\t\t\t\t\t\t\t<\/div>\n\t\t\t\t<\/div>\n\t\t\t\t\t<\/div>\n\t\t<\/div>\n\t\t\t\t\t<\/div>\n\t\t<\/section>\n\t\t\t\t<\/div>","protected":false},"excerpt":{"rendered":"<p>Darmflora Honden en katten met een speciaal dieet hebben vaak behoefte aan wat extra ondersteuning, omdat hun kwaaltjes meestal behoorlijk [&hellip;]<\/p>","protected":false},"author":4,"featured_media":0,"parent":0,"menu_order":0,"comment_status":"closed","ping_status":"closed","template":"","meta":{"site-sidebar-layout":"no-sidebar","site-content-layout":"","ast-site-content-layout":"full-width-container","site-content-style":"default","site-sidebar-style":"default","ast-global-header-display":"","ast-banner-title-visibility":"","ast-main-header-display":"","ast-hfb-above-header-display":"","ast-hfb-below-header-display":"","ast-hfb-mobile-header-display":"","site-post-title":"disabled","ast-breadcrumbs-content":"","ast-featured-img":"disabled","footer-sml-layout":"","theme-transparent-header-meta":"","adv-header-id-meta":"","stick-header-meta":"","header-above-stick-meta":"","header-main-stick-meta":"","header-below-stick-meta":"","astra-migrate-meta-layouts":"default","ast-page-background-enabled":"default","ast-page-background-meta":{"desktop":{"background-color":"var(--ast-global-color-4)","background-image":"","background-repeat":"repeat","background-position":"center center","background-size":"auto","background-attachment":"scroll","background-type":"","background-media":"","overlay-type":"","overlay-color":"","overlay-opacity":"","overlay-gradient":""},"tablet":{"background-color":"","background-image":"","background-repeat":"repeat","background-position":"center center","background-size":"auto","background-attachment":"scroll","background-type":"","background-media":"","overlay-type":"","overlay-color":"","overlay-opacity":"","overlay-gradient":""},"mobile":{"background-color":"","background-image":"","background-repeat":"repeat","background-position":"center center","background-size":"auto","background-attachment":"scroll","background-type":"","background-media":"","overlay-type":"","overlay-color":"","overlay-opacity":"","overlay-gradient":""}},"ast-content-background-meta":{"desktop":{"background-color":"var(--ast-global-color-5)","background-image":"","background-repeat":"repeat","background-position":"center center","background-size":"auto","background-attachment":"scroll","background-type":"","background-media":"","overlay-type":"","overlay-color":"","overlay-opacity":"","overlay-gradient":""},"tablet":{"background-color":"var(--ast-global-color-5)","background-image":"","background-repeat":"repeat","background-position":"center center","background-size":"auto","background-attachment":"scroll","background-type":"","background-media":"","overlay-type":"","overlay-color":"","overlay-opacity":"","overlay-gradient":""},"mobile":{"background-color":"var(--ast-global-color-5)","background-image":"","background-repeat":"repeat","background-position":"center center","background-size":"auto","background-attachment":"scroll","background-type":"","background-media":"","overlay-type":"","overlay-color":"","overlay-opacity":"","overlay-gradient":""}},"footnotes":""},"class_list":["post-7231","page","type-page","status-publish","hentry"],"yoast_head":"<!-- This site is optimized with the Yoast SEO plugin v25.1 - https:\/\/yoast.com\/wordpress\/plugins\/seo\/ -->\n<title>Info Darmflora - CLiNiC<\/title>\n<meta name=\"robots\" content=\"index, follow, max-snippet:-1, max-image-preview:large, max-video-preview:-1\" \/>\n<link rel=\"canonical\" href=\"https:\/\/clinicpetfood.pl\/pl\/info-darmsysteem\/\" \/>\n<meta property=\"og:locale\" content=\"pl_PL\" \/>\n<meta property=\"og:type\" content=\"article\" \/>\n<meta property=\"og:title\" content=\"Info Darmflora - CLiNiC\" \/>\n<meta property=\"og:description\" content=\"Darmflora Honden en katten met een speciaal dieet hebben vaak behoefte aan wat extra ondersteuning, omdat hun kwaaltjes meestal behoorlijk [&hellip;]\" \/>\n<meta property=\"og:url\" content=\"https:\/\/clinicpetfood.pl\/pl\/info-darmsysteem\/\" \/>\n<meta property=\"og:site_name\" content=\"CLiNiC\" \/>\n<meta property=\"article:modified_time\" content=\"2025-06-10T11:11:35+00:00\" \/>\n<meta name=\"twitter:card\" content=\"summary_large_image\" \/>\n<meta name=\"twitter:label1\" content=\"Szacowany czas czytania\" \/>\n\t<meta name=\"twitter:data1\" content=\"2 minuty\" \/>\n<script type=\"application\/ld+json\" class=\"yoast-schema-graph\">{\"@context\":\"https:\/\/schema.org\",\"@graph\":[{\"@type\":\"WebPage\",\"@id\":\"https:\/\/clinicpetfood.pl\/info-darmsysteem\/\",\"url\":\"https:\/\/clinicpetfood.pl\/info-darmsysteem\/\",\"name\":\"Info Darmflora - CLiNiC\",\"isPartOf\":{\"@id\":\"https:\/\/clinicpetfood.pl\/#website\"},\"datePublished\":\"2025-06-10T10:42:07+00:00\",\"dateModified\":\"2025-06-10T11:11:35+00:00\",\"breadcrumb\":{\"@id\":\"https:\/\/clinicpetfood.pl\/info-darmsysteem\/#breadcrumb\"},\"inLanguage\":\"pl-PL\",\"potentialAction\":[{\"@type\":\"ReadAction\",\"target\":[\"https:\/\/clinicpetfood.pl\/info-darmsysteem\/\"]}]},{\"@type\":\"BreadcrumbList\",\"@id\":\"https:\/\/clinicpetfood.pl\/info-darmsysteem\/#breadcrumb\",\"itemListElement\":[{\"@type\":\"ListItem\",\"position\":1,\"name\":\"Home\",\"item\":\"https:\/\/clinicpetfood.pl\/\"},{\"@type\":\"ListItem\",\"position\":2,\"name\":\"Info Darmflora\"}]},{\"@type\":\"WebSite\",\"@id\":\"https:\/\/clinicpetfood.pl\/#website\",\"url\":\"https:\/\/clinicpetfood.pl\/\",\"name\":\"CLiNiC\",\"description\":\"Clinic Veterinary Diet\",\"publisher\":{\"@id\":\"https:\/\/clinicpetfood.pl\/#organization\"},\"potentialAction\":[{\"@type\":\"SearchAction\",\"target\":{\"@type\":\"EntryPoint\",\"urlTemplate\":\"https:\/\/clinicpetfood.pl\/?s={search_term_string}\"},\"query-input\":{\"@type\":\"PropertyValueSpecification\",\"valueRequired\":true,\"valueName\":\"search_term_string\"}}],\"inLanguage\":\"pl-PL\"},{\"@type\":\"Organization\",\"@id\":\"https:\/\/clinicpetfood.pl\/#organization\",\"name\":\"CLiNiC\",\"url\":\"https:\/\/clinicpetfood.pl\/\",\"logo\":{\"@type\":\"ImageObject\",\"inLanguage\":\"pl-PL\",\"@id\":\"https:\/\/clinicpetfood.pl\/#\/schema\/logo\/image\/\",\"url\":\"https:\/\/clinicpetfood.pl\/wp-content\/uploads\/2024\/10\/Logo-Clinic-blauw.png\",\"contentUrl\":\"https:\/\/clinicpetfood.pl\/wp-content\/uploads\/2024\/10\/Logo-Clinic-blauw.png\",\"width\":3442,\"height\":1361,\"caption\":\"CLiNiC\"},\"image\":{\"@id\":\"https:\/\/clinicpetfood.pl\/#\/schema\/logo\/image\/\"}}]}<\/script>\n<!-- \/ Yoast SEO plugin. -->","yoast_head_json":{"title":"Info Darmflora - CLiNiC","robots":{"index":"index","follow":"follow","max-snippet":"max-snippet:-1","max-image-preview":"max-image-preview:large","max-video-preview":"max-video-preview:-1"},"canonical":"https:\/\/clinicpetfood.pl\/pl\/info-darmsysteem\/","og_locale":"pl_PL","og_type":"article","og_title":"Info Darmflora - CLiNiC","og_description":"Darmflora Honden en katten met een speciaal dieet hebben vaak behoefte aan wat extra ondersteuning, omdat hun kwaaltjes meestal behoorlijk [&hellip;]","og_url":"https:\/\/clinicpetfood.pl\/pl\/info-darmsysteem\/","og_site_name":"CLiNiC","article_modified_time":"2025-06-10T11:11:35+00:00","twitter_card":"summary_large_image","twitter_misc":{"Szacowany czas czytania":"2 minuty"},"schema":{"@context":"https:\/\/schema.org","@graph":[{"@type":"WebPage","@id":"https:\/\/clinicpetfood.pl\/info-darmsysteem\/","url":"https:\/\/clinicpetfood.pl\/info-darmsysteem\/","name":"Info Darmflora - CLiNiC","isPartOf":{"@id":"https:\/\/clinicpetfood.pl\/#website"},"datePublished":"2025-06-10T10:42:07+00:00","dateModified":"2025-06-10T11:11:35+00:00","breadcrumb":{"@id":"https:\/\/clinicpetfood.pl\/info-darmsysteem\/#breadcrumb"},"inLanguage":"pl-PL","potentialAction":[{"@type":"ReadAction","target":["https:\/\/clinicpetfood.pl\/info-darmsysteem\/"]}]},{"@type":"BreadcrumbList","@id":"https:\/\/clinicpetfood.pl\/info-darmsysteem\/#breadcrumb","itemListElement":[{"@type":"ListItem","position":1,"name":"Home","item":"https:\/\/clinicpetfood.pl\/"},{"@type":"ListItem","position":2,"name":"Info Darmflora"}]},{"@type":"WebSite","@id":"https:\/\/clinicpetfood.pl\/#website","url":"https:\/\/clinicpetfood.pl\/","name":"CLiNiC","description":"Clinic Veterinary Diet","publisher":{"@id":"https:\/\/clinicpetfood.pl\/#organization"},"potentialAction":[{"@type":"SearchAction","target":{"@type":"EntryPoint","urlTemplate":"https:\/\/clinicpetfood.pl\/?s={search_term_string}"},"query-input":{"@type":"PropertyValueSpecification","valueRequired":true,"valueName":"search_term_string"}}],"inLanguage":"pl-PL"},{"@type":"Organization","@id":"https:\/\/clinicpetfood.pl\/#organization","name":"CLiNiC","url":"https:\/\/clinicpetfood.pl\/","logo":{"@type":"ImageObject","inLanguage":"pl-PL","@id":"https:\/\/clinicpetfood.pl\/#\/schema\/logo\/image\/","url":"https:\/\/clinicpetfood.pl\/wp-content\/uploads\/2024\/10\/Logo-Clinic-blauw.png","contentUrl":"https:\/\/clinicpetfood.pl\/wp-content\/uploads\/2024\/10\/Logo-Clinic-blauw.png","width":3442,"height":1361,"caption":"CLiNiC"},"image":{"@id":"https:\/\/clinicpetfood.pl\/#\/schema\/logo\/image\/"}}]}},"_links":{"self":[{"href":"https:\/\/clinicpetfood.pl\/pl\/wp-json\/wp\/v2\/pages\/7231","targetHints":{"allow":["GET"]}}],"collection":[{"href":"https:\/\/clinicpetfood.pl\/pl\/wp-json\/wp\/v2\/pages"}],"about":[{"href":"https:\/\/clinicpetfood.pl\/pl\/wp-json\/wp\/v2\/types\/page"}],"author":[{"embeddable":true,"href":"https:\/\/clinicpetfood.pl\/pl\/wp-json\/wp\/v2\/users\/4"}],"replies":[{"embeddable":true,"href":"https:\/\/clinicpetfood.pl\/pl\/wp-json\/wp\/v2\/comments?post=7231"}],"version-history":[{"count":7,"href":"https:\/\/clinicpetfood.pl\/pl\/wp-json\/wp\/v2\/pages\/7231\/revisions"}],"predecessor-version":[{"id":7264,"href":"https:\/\/clinicpetfood.pl\/pl\/wp-json\/wp\/v2\/pages\/7231\/revisions\/7264"}],"wp:attachment":[{"href":"https:\/\/clinicpetfood.pl\/pl\/wp-json\/wp\/v2\/media?parent=7231"}],"curies":[{"name":"wp","href":"https:\/\/api.w.org\/{rel}","templated":true}]}}