{"id":7240,"date":"2025-06-10T10:45:11","date_gmt":"2025-06-10T10:45:11","guid":{"rendered":"https:\/\/clinicpetfood.pl\/?page_id=7240"},"modified":"2025-06-10T11:11:57","modified_gmt":"2025-06-10T11:11:57","slug":"info-immuunsysteem-copy","status":"publish","type":"page","link":"https:\/\/clinicpetfood.pl\/pl\/info-immuunsysteem-copy\/","title":{"rendered":"Info Huid en vacht"},"content":{"rendered":"<div data-elementor-type=\"wp-page\" data-elementor-id=\"7240\" class=\"elementor elementor-7240\" data-elementor-post-type=\"page\">\n\t\t\t\t\t\t<section data-particle_enable=\"false\" data-particle-mobile-disabled=\"false\" class=\"ob-is-breaking-bad elementor-section elementor-top-section elementor-element elementor-element-fe47dc5 elementor-section-boxed elementor-section-height-default elementor-section-height-default\" data-id=\"fe47dc5\" data-element_type=\"section\" data-e-type=\"section\" data-settings=\"{&quot;_ob_bbad_use_it&quot;:&quot;yes&quot;,&quot;_ob_bbad_sssic_use&quot;:&quot;no&quot;,&quot;_ob_glider_is_slider&quot;:&quot;no&quot;}\">\n\t\t\t\t\t\t<div class=\"elementor-container elementor-column-gap-default\">\n\t\t\t\t\t<div class=\"elementor-column elementor-col-100 elementor-top-column elementor-element elementor-element-7aaab5a\" data-id=\"7aaab5a\" data-element_type=\"column\" data-e-type=\"column\" data-settings=\"{&quot;_ob_bbad_is_stalker&quot;:&quot;no&quot;,&quot;_ob_teleporter_use&quot;:false,&quot;_ob_column_hoveranimator&quot;:&quot;no&quot;,&quot;_ob_column_has_pseudo&quot;:&quot;no&quot;}\">\n\t\t\t<div class=\"elementor-widget-wrap elementor-element-populated\">\n\t\t\t\t\t\t<div class=\"elementor-element elementor-element-03c2149 ob-harakiri-inherit ob-has-background-overlay elementor-widget elementor-widget-heading\" data-id=\"03c2149\" data-element_type=\"widget\" data-e-type=\"widget\" data-settings=\"{&quot;_ob_use_harakiri&quot;:&quot;yes&quot;,&quot;_ob_harakiri_writing_mode&quot;:&quot;inherit&quot;,&quot;_ob_harakiri_text_clip&quot;:&quot;none&quot;,&quot;_ob_perspektive_use&quot;:&quot;no&quot;,&quot;_ob_poopart_use&quot;:&quot;yes&quot;,&quot;_ob_shadough_use&quot;:&quot;no&quot;,&quot;_ob_allow_hoveranimator&quot;:&quot;no&quot;,&quot;_ob_widget_stalker_use&quot;:&quot;no&quot;}\" data-widget_type=\"heading.default\">\n\t\t\t\t<div class=\"elementor-widget-container\">\n\t\t\t\t\t<h2 class=\"elementor-heading-title elementor-size-default\">Sk\u00f3ra i sier\u015b\u0107<\/h2>\t\t\t\t<\/div>\n\t\t\t\t<\/div>\n\t\t\t\t\t<\/div>\n\t\t<\/div>\n\t\t\t\t\t<\/div>\n\t\t<\/section>\n\t\t\t\t<section data-particle_enable=\"false\" data-particle-mobile-disabled=\"false\" class=\"ob-is-breaking-bad elementor-section elementor-top-section elementor-element elementor-element-72dd1f5 elementor-section-boxed elementor-section-height-default elementor-section-height-default\" data-id=\"72dd1f5\" data-element_type=\"section\" data-e-type=\"section\" data-settings=\"{&quot;_ob_bbad_use_it&quot;:&quot;yes&quot;,&quot;_ob_bbad_sssic_use&quot;:&quot;no&quot;,&quot;_ob_glider_is_slider&quot;:&quot;no&quot;}\">\n\t\t\t\t\t\t<div class=\"elementor-container elementor-column-gap-default\">\n\t\t\t\t\t<div class=\"elementor-column elementor-col-100 elementor-top-column elementor-element elementor-element-ee7e617\" data-id=\"ee7e617\" data-element_type=\"column\" data-e-type=\"column\" data-settings=\"{&quot;_ob_bbad_is_stalker&quot;:&quot;no&quot;,&quot;_ob_teleporter_use&quot;:false,&quot;_ob_column_hoveranimator&quot;:&quot;no&quot;,&quot;_ob_column_has_pseudo&quot;:&quot;no&quot;}\">\n\t\t\t<div class=\"elementor-widget-wrap elementor-element-populated\">\n\t\t\t\t\t\t<div class=\"elementor-element elementor-element-10aebd0 ob-harakiri-inherit ob-has-background-overlay elementor-widget elementor-widget-text-editor\" data-id=\"10aebd0\" data-element_type=\"widget\" data-e-type=\"widget\" data-settings=\"{&quot;_ob_use_harakiri&quot;:&quot;yes&quot;,&quot;_ob_harakiri_writing_mode&quot;:&quot;inherit&quot;,&quot;_ob_postman_use&quot;:&quot;no&quot;,&quot;_ob_perspektive_use&quot;:&quot;no&quot;,&quot;_ob_poopart_use&quot;:&quot;yes&quot;,&quot;_ob_shadough_use&quot;:&quot;no&quot;,&quot;_ob_allow_hoveranimator&quot;:&quot;no&quot;,&quot;_ob_widget_stalker_use&quot;:&quot;no&quot;}\" data-widget_type=\"text-editor.default\">\n\t\t\t\t<div class=\"elementor-widget-container\">\n\t\t\t\t\t\t\t\t\t<p>Psy i koty na specjalnej diecie cz\u0119sto potrzebuj\u0105 dodatkowego wsparcia, poniewa\u017c ich dolegliwo\u015bci zwykle wymagaj\u0105 sporo od ich organizm\u00f3w. Nawet je\u015bli nie wydaje si\u0119 to od razu konieczne, dodatkowe wsparcie mo\u017ce stanowi\u0107 dobry impuls dla ich zdrowia.<\/p><p>Jedn\u0105 z takich potrzeb jest wzmocnienie kondycji sk\u00f3ry i sier\u015bci. Nasza karma przyczynia si\u0119 do tego poprzez obecno\u015b\u0107 kwas\u00f3w t\u0142uszczowych Omega 3 i Omega 6 w odpowiedniej r\u00f3wnowadze oraz poprzez dodatkowy dodatek cynku<\/p><p>Czym s\u0105 kwasy t\u0142uszczowe Omega-3 i Omega-6 oraz cynk?  I jak one dzia\u0142aj\u0105.<\/p><p><strong>Kwasy t\u0142uszczowe Omega-3 i Omega-6: <\/strong><br \/>Kwasy t\u0142uszczowe Omega-3 i Omega-6 to\u00a0<em>niezb\u0119dne kwasy t\u0142uszczowe<\/em>Oznacza to, \u017ce zwierz\u0119ta (podobnie jak ludzie) nie mog\u0105 samodzielnie wytwarza\u0107 tych t\u0142uszcz\u00f3w. Musz\u0105 wi\u0119c dostarcza\u0107 je z po\u017cywieniem. Te kwasy t\u0142uszczowe s\u0105 rodzajem budulca, kt\u00f3ry pomaga we wszelkiego rodzaju wa\u017cnych procesach w organizmie.<\/p><p><strong>Omega-6: <br \/><\/strong>Kwasy t\u0142uszczowe omega-6 znajduj\u0105 si\u0119 w olejach ro\u015blinnych, takich jak olej s\u0142onecznikowy i kukurydziany, a tak\u017ce w t\u0142uszczach zwierz\u0119cych. S\u0105 one najbardziej znane ze swojej roli we wspieraniu bariery ochronnej sk\u00f3ry.<\/p><ul><li><strong>Nawodnienie<\/strong>Omega-6 pomaga sk\u00f3rze zatrzyma\u0107 wilgo\u0107. Nawil\u017cona sk\u00f3ra oznacza mniejsze ryzyko powstawania \u0142usek i suchej sier\u015bci.<\/li><li><strong>Serwisant<\/strong>: Je\u015bli zwierz\u0119 ma ran\u0119 lub podra\u017cnienie, Omega-6 odgrywa rol\u0119 w procesie gojenia. Stymuluje kom\u00f3rki sk\u00f3ry do odnowy.<\/li><\/ul><p><strong>Omega-3: <br \/><\/strong>Kwasy t\u0142uszczowe Omega-3 wyst\u0119puj\u0105 g\u0142\u00f3wnie w t\u0142ustych rybach (takich jak \u0142oso\u015b), siemieniu lnianym i algach. Pe\u0142ni\u0105 one nieco inn\u0105 rol\u0119 ni\u017c kwasy Omega-6, ale s\u0105 r\u00f3wnie wa\u017cne.<\/p><ul><li><strong>Ochrona przed zarysowaniem<\/strong>Omega-3 ma dzia\u0142anie przeciwzapalne. Je\u015bli Tw\u00f3j pies lub kot cierpi z powodu sw\u0119dzenia, alergii lub zaczerwienienia sk\u00f3ry, te kwasy t\u0142uszczowe mog\u0105 pom\u00f3c uspokoi\u0107 sytuacj\u0119.<\/li><li><strong>Gwarantowany po\u0142ysk<\/strong>Ten kwas t\u0142uszczowy wspomaga produkcj\u0119 naturalnych olej\u00f3w w sk\u00f3rze, co z kolei zapewnia l\u015bni\u0105c\u0105, zdrow\u0105 sier\u015b\u0107.<\/li><\/ul><p><strong>W\u0142a\u015bciwa r\u00f3wnowaga<br \/><\/strong>Tutaj pojawia si\u0119 kluczowa kwestia: Omega-3 i Omega-6 wsp\u00f3\u0142pracuj\u0105 ze sob\u0105 jako zesp\u00f3\u0142, ale je\u015bli jest ich za du\u017co, mo\u017ce to pogorszy\u0107 stan zapalny. Omega-3 pomaga przywr\u00f3ci\u0107 t\u0119 r\u00f3wnowag\u0119. W karmie dla zwierz\u0105t domowych cz\u0119sto zaleca si\u0119 stosunek oko\u0142o 5:1 (Omega-6:Omega-3). Jednak wiele marek karm zawiera zbyt du\u017co Omega-6 i zbyt ma\u0142o Omega-3<\/p><p><strong>Cynk<br \/><\/strong>Cynk jest niezb\u0119dnym minera\u0142em, co oznacza, \u017ce zwierz\u0119 musi otrzymywa\u0107 go z po\u017cywieniem, poniewa\u017c organizm nie jest w stanie sam go wytworzy\u0107. Jest to rodzaj wszechstronnego minera\u0142u, kt\u00f3ry pomaga budowa\u0107, rozwija\u0107 i naprawia\u0107 tkanki.<\/p><p>Cynk mo\u017cna znale\u017a\u0107 w mi\u0119sie, rybach i jajach. Dla sk\u00f3ry i sier\u015bci cynk jest szczeg\u00f3lnie wa\u017cny, poniewa\u017c:<\/p><ul><li><strong>Utrzymuje zdrow\u0105 sk\u00f3r\u0119<\/strong>Wzmacnia barier\u0119 ochronn\u0105 sk\u00f3ry i sprawia, \u017ce sk\u00f3ra lepiej zatrzymuje wilgo\u0107.<\/li><li><strong>Zapobieganie wypadaniu w\u0142os\u00f3w<\/strong>Niedob\u00f3r cynku mo\u017ce prowadzi\u0107 do nadmiernego wypadania w\u0142os\u00f3w i matowej sier\u015bci.<\/li><li><strong>P\u0142atki zredukowane<\/strong>Cynk pomaga zapobiega\u0107 wysuszaniu i \u0142uszczeniu si\u0119 sk\u00f3ry.<\/li><li><strong>Leki na problemy sk\u00f3rne<\/strong>Wspomaga gojenie si\u0119 ran, podra\u017cnie\u0144 i stan\u00f3w zapalnych.<\/li><\/ul>\t\t\t\t\t\t\t\t<\/div>\n\t\t\t\t<\/div>\n\t\t\t\t\t<\/div>\n\t\t<\/div>\n\t\t\t\t\t<\/div>\n\t\t<\/section>\n\t\t\t\t<\/div>","protected":false},"excerpt":{"rendered":"<p>Huid en vacht Honden en katten met een speciaal dieet hebben vaak behoefte aan wat extra ondersteuning, omdat hun kwaaltjes [&hellip;]<\/p>","protected":false},"author":4,"featured_media":0,"parent":0,"menu_order":0,"comment_status":"closed","ping_status":"closed","template":"","meta":{"site-sidebar-layout":"no-sidebar","site-content-layout":"","ast-site-content-layout":"full-width-container","site-content-style":"default","site-sidebar-style":"default","ast-global-header-display":"","ast-banner-title-visibility":"","ast-main-header-display":"","ast-hfb-above-header-display":"","ast-hfb-below-header-display":"","ast-hfb-mobile-header-display":"","site-post-title":"disabled","ast-breadcrumbs-content":"","ast-featured-img":"disabled","footer-sml-layout":"","theme-transparent-header-meta":"","adv-header-id-meta":"","stick-header-meta":"","header-above-stick-meta":"","header-main-stick-meta":"","header-below-stick-meta":"","astra-migrate-meta-layouts":"default","ast-page-background-enabled":"default","ast-page-background-meta":{"desktop":{"background-color":"var(--ast-global-color-4)","background-image":"","background-repeat":"repeat","background-position":"center center","background-size":"auto","background-attachment":"scroll","background-type":"","background-media":"","overlay-type":"","overlay-color":"","overlay-opacity":"","overlay-gradient":""},"tablet":{"background-color":"","background-image":"","background-repeat":"repeat","background-position":"center center","background-size":"auto","background-attachment":"scroll","background-type":"","background-media":"","overlay-type":"","overlay-color":"","overlay-opacity":"","overlay-gradient":""},"mobile":{"background-color":"","background-image":"","background-repeat":"repeat","background-position":"center center","background-size":"auto","background-attachment":"scroll","background-type":"","background-media":"","overlay-type":"","overlay-color":"","overlay-opacity":"","overlay-gradient":""}},"ast-content-background-meta":{"desktop":{"background-color":"var(--ast-global-color-5)","background-image":"","background-repeat":"repeat","background-position":"center center","background-size":"auto","background-attachment":"scroll","background-type":"","background-media":"","overlay-type":"","overlay-color":"","overlay-opacity":"","overlay-gradient":""},"tablet":{"background-color":"var(--ast-global-color-5)","background-image":"","background-repeat":"repeat","background-position":"center center","background-size":"auto","background-attachment":"scroll","background-type":"","background-media":"","overlay-type":"","overlay-color":"","overlay-opacity":"","overlay-gradient":""},"mobile":{"background-color":"var(--ast-global-color-5)","background-image":"","background-repeat":"repeat","background-position":"center center","background-size":"auto","background-attachment":"scroll","background-type":"","background-media":"","overlay-type":"","overlay-color":"","overlay-opacity":"","overlay-gradient":""}},"footnotes":""},"class_list":["post-7240","page","type-page","status-publish","hentry"],"yoast_head":"<!-- This site is optimized with the Yoast SEO plugin v25.1 - https:\/\/yoast.com\/wordpress\/plugins\/seo\/ -->\n<title>Info Huid en vacht - CLiNiC<\/title>\n<meta name=\"robots\" content=\"index, follow, max-snippet:-1, max-image-preview:large, max-video-preview:-1\" \/>\n<link rel=\"canonical\" href=\"https:\/\/clinicpetfood.pl\/pl\/info-immuunsysteem-copy\/\" \/>\n<meta property=\"og:locale\" content=\"pl_PL\" \/>\n<meta property=\"og:type\" content=\"article\" \/>\n<meta property=\"og:title\" content=\"Info Huid en vacht - CLiNiC\" \/>\n<meta property=\"og:description\" content=\"Huid en vacht Honden en katten met een speciaal dieet hebben vaak behoefte aan wat extra ondersteuning, omdat hun kwaaltjes [&hellip;]\" \/>\n<meta property=\"og:url\" content=\"https:\/\/clinicpetfood.pl\/pl\/info-immuunsysteem-copy\/\" \/>\n<meta property=\"og:site_name\" content=\"CLiNiC\" \/>\n<meta property=\"article:modified_time\" content=\"2025-06-10T11:11:57+00:00\" \/>\n<meta name=\"twitter:card\" content=\"summary_large_image\" \/>\n<meta name=\"twitter:label1\" content=\"Szacowany czas czytania\" \/>\n\t<meta name=\"twitter:data1\" content=\"3 minuty\" \/>\n<script type=\"application\/ld+json\" class=\"yoast-schema-graph\">{\"@context\":\"https:\/\/schema.org\",\"@graph\":[{\"@type\":\"WebPage\",\"@id\":\"https:\/\/clinicpetfood.pl\/info-immuunsysteem-copy\/\",\"url\":\"https:\/\/clinicpetfood.pl\/info-immuunsysteem-copy\/\",\"name\":\"Info Huid en vacht - CLiNiC\",\"isPartOf\":{\"@id\":\"https:\/\/clinicpetfood.pl\/#website\"},\"datePublished\":\"2025-06-10T10:45:11+00:00\",\"dateModified\":\"2025-06-10T11:11:57+00:00\",\"breadcrumb\":{\"@id\":\"https:\/\/clinicpetfood.pl\/info-immuunsysteem-copy\/#breadcrumb\"},\"inLanguage\":\"pl-PL\",\"potentialAction\":[{\"@type\":\"ReadAction\",\"target\":[\"https:\/\/clinicpetfood.pl\/info-immuunsysteem-copy\/\"]}]},{\"@type\":\"BreadcrumbList\",\"@id\":\"https:\/\/clinicpetfood.pl\/info-immuunsysteem-copy\/#breadcrumb\",\"itemListElement\":[{\"@type\":\"ListItem\",\"position\":1,\"name\":\"Home\",\"item\":\"https:\/\/clinicpetfood.pl\/\"},{\"@type\":\"ListItem\",\"position\":2,\"name\":\"Info Huid en vacht\"}]},{\"@type\":\"WebSite\",\"@id\":\"https:\/\/clinicpetfood.pl\/#website\",\"url\":\"https:\/\/clinicpetfood.pl\/\",\"name\":\"CLiNiC\",\"description\":\"Clinic Veterinary Diet\",\"publisher\":{\"@id\":\"https:\/\/clinicpetfood.pl\/#organization\"},\"potentialAction\":[{\"@type\":\"SearchAction\",\"target\":{\"@type\":\"EntryPoint\",\"urlTemplate\":\"https:\/\/clinicpetfood.pl\/?s={search_term_string}\"},\"query-input\":{\"@type\":\"PropertyValueSpecification\",\"valueRequired\":true,\"valueName\":\"search_term_string\"}}],\"inLanguage\":\"pl-PL\"},{\"@type\":\"Organization\",\"@id\":\"https:\/\/clinicpetfood.pl\/#organization\",\"name\":\"CLiNiC\",\"url\":\"https:\/\/clinicpetfood.pl\/\",\"logo\":{\"@type\":\"ImageObject\",\"inLanguage\":\"pl-PL\",\"@id\":\"https:\/\/clinicpetfood.pl\/#\/schema\/logo\/image\/\",\"url\":\"https:\/\/clinicpetfood.pl\/wp-content\/uploads\/2024\/10\/Logo-Clinic-blauw.png\",\"contentUrl\":\"https:\/\/clinicpetfood.pl\/wp-content\/uploads\/2024\/10\/Logo-Clinic-blauw.png\",\"width\":3442,\"height\":1361,\"caption\":\"CLiNiC\"},\"image\":{\"@id\":\"https:\/\/clinicpetfood.pl\/#\/schema\/logo\/image\/\"}}]}<\/script>\n<!-- \/ Yoast SEO plugin. -->","yoast_head_json":{"title":"Info Huid en vacht - CLiNiC","robots":{"index":"index","follow":"follow","max-snippet":"max-snippet:-1","max-image-preview":"max-image-preview:large","max-video-preview":"max-video-preview:-1"},"canonical":"https:\/\/clinicpetfood.pl\/pl\/info-immuunsysteem-copy\/","og_locale":"pl_PL","og_type":"article","og_title":"Info Huid en vacht - CLiNiC","og_description":"Huid en vacht Honden en katten met een speciaal dieet hebben vaak behoefte aan wat extra ondersteuning, omdat hun kwaaltjes [&hellip;]","og_url":"https:\/\/clinicpetfood.pl\/pl\/info-immuunsysteem-copy\/","og_site_name":"CLiNiC","article_modified_time":"2025-06-10T11:11:57+00:00","twitter_card":"summary_large_image","twitter_misc":{"Szacowany czas czytania":"3 minuty"},"schema":{"@context":"https:\/\/schema.org","@graph":[{"@type":"WebPage","@id":"https:\/\/clinicpetfood.pl\/info-immuunsysteem-copy\/","url":"https:\/\/clinicpetfood.pl\/info-immuunsysteem-copy\/","name":"Info Huid en vacht - CLiNiC","isPartOf":{"@id":"https:\/\/clinicpetfood.pl\/#website"},"datePublished":"2025-06-10T10:45:11+00:00","dateModified":"2025-06-10T11:11:57+00:00","breadcrumb":{"@id":"https:\/\/clinicpetfood.pl\/info-immuunsysteem-copy\/#breadcrumb"},"inLanguage":"pl-PL","potentialAction":[{"@type":"ReadAction","target":["https:\/\/clinicpetfood.pl\/info-immuunsysteem-copy\/"]}]},{"@type":"BreadcrumbList","@id":"https:\/\/clinicpetfood.pl\/info-immuunsysteem-copy\/#breadcrumb","itemListElement":[{"@type":"ListItem","position":1,"name":"Home","item":"https:\/\/clinicpetfood.pl\/"},{"@type":"ListItem","position":2,"name":"Info Huid en vacht"}]},{"@type":"WebSite","@id":"https:\/\/clinicpetfood.pl\/#website","url":"https:\/\/clinicpetfood.pl\/","name":"CLiNiC","description":"Clinic Veterinary Diet","publisher":{"@id":"https:\/\/clinicpetfood.pl\/#organization"},"potentialAction":[{"@type":"SearchAction","target":{"@type":"EntryPoint","urlTemplate":"https:\/\/clinicpetfood.pl\/?s={search_term_string}"},"query-input":{"@type":"PropertyValueSpecification","valueRequired":true,"valueName":"search_term_string"}}],"inLanguage":"pl-PL"},{"@type":"Organization","@id":"https:\/\/clinicpetfood.pl\/#organization","name":"CLiNiC","url":"https:\/\/clinicpetfood.pl\/","logo":{"@type":"ImageObject","inLanguage":"pl-PL","@id":"https:\/\/clinicpetfood.pl\/#\/schema\/logo\/image\/","url":"https:\/\/clinicpetfood.pl\/wp-content\/uploads\/2024\/10\/Logo-Clinic-blauw.png","contentUrl":"https:\/\/clinicpetfood.pl\/wp-content\/uploads\/2024\/10\/Logo-Clinic-blauw.png","width":3442,"height":1361,"caption":"CLiNiC"},"image":{"@id":"https:\/\/clinicpetfood.pl\/#\/schema\/logo\/image\/"}}]}},"_links":{"self":[{"href":"https:\/\/clinicpetfood.pl\/pl\/wp-json\/wp\/v2\/pages\/7240","targetHints":{"allow":["GET"]}}],"collection":[{"href":"https:\/\/clinicpetfood.pl\/pl\/wp-json\/wp\/v2\/pages"}],"about":[{"href":"https:\/\/clinicpetfood.pl\/pl\/wp-json\/wp\/v2\/types\/page"}],"author":[{"embeddable":true,"href":"https:\/\/clinicpetfood.pl\/pl\/wp-json\/wp\/v2\/users\/4"}],"replies":[{"embeddable":true,"href":"https:\/\/clinicpetfood.pl\/pl\/wp-json\/wp\/v2\/comments?post=7240"}],"version-history":[{"count":5,"href":"https:\/\/clinicpetfood.pl\/pl\/wp-json\/wp\/v2\/pages\/7240\/revisions"}],"predecessor-version":[{"id":7265,"href":"https:\/\/clinicpetfood.pl\/pl\/wp-json\/wp\/v2\/pages\/7240\/revisions\/7265"}],"wp:attachment":[{"href":"https:\/\/clinicpetfood.pl\/pl\/wp-json\/wp\/v2\/media?parent=7240"}],"curies":[{"name":"wp","href":"https:\/\/api.w.org\/{rel}","templated":true}]}}