{"id":7246,"date":"2025-06-10T10:47:58","date_gmt":"2025-06-10T10:47:58","guid":{"rendered":"https:\/\/clinicpetfood.pl\/?page_id=7246"},"modified":"2025-06-10T10:50:53","modified_gmt":"2025-06-10T10:50:53","slug":"info-huidvacht-copy","status":"publish","type":"page","link":"https:\/\/clinicpetfood.pl\/pl\/info-huidvacht-copy\/","title":{"rendered":"Info Opname voedingsstoffen"},"content":{"rendered":"<div data-elementor-type=\"wp-page\" data-elementor-id=\"7246\" class=\"elementor elementor-7246\" data-elementor-post-type=\"page\">\n\t\t\t\t\t\t<section data-particle_enable=\"false\" data-particle-mobile-disabled=\"false\" class=\"ob-is-breaking-bad elementor-section elementor-top-section elementor-element elementor-element-fe47dc5 elementor-section-boxed elementor-section-height-default elementor-section-height-default\" data-id=\"fe47dc5\" data-element_type=\"section\" data-e-type=\"section\" data-settings=\"{&quot;_ob_bbad_use_it&quot;:&quot;yes&quot;,&quot;_ob_bbad_sssic_use&quot;:&quot;no&quot;,&quot;_ob_glider_is_slider&quot;:&quot;no&quot;}\">\n\t\t\t\t\t\t<div class=\"elementor-container elementor-column-gap-default\">\n\t\t\t\t\t<div class=\"elementor-column elementor-col-100 elementor-top-column elementor-element elementor-element-7aaab5a\" data-id=\"7aaab5a\" data-element_type=\"column\" data-e-type=\"column\" data-settings=\"{&quot;_ob_bbad_is_stalker&quot;:&quot;no&quot;,&quot;_ob_teleporter_use&quot;:false,&quot;_ob_column_hoveranimator&quot;:&quot;no&quot;,&quot;_ob_column_has_pseudo&quot;:&quot;no&quot;}\">\n\t\t\t<div class=\"elementor-widget-wrap elementor-element-populated\">\n\t\t\t\t\t\t<div class=\"elementor-element elementor-element-03c2149 ob-harakiri-inherit ob-has-background-overlay elementor-widget elementor-widget-heading\" data-id=\"03c2149\" data-element_type=\"widget\" data-e-type=\"widget\" data-settings=\"{&quot;_ob_use_harakiri&quot;:&quot;yes&quot;,&quot;_ob_harakiri_writing_mode&quot;:&quot;inherit&quot;,&quot;_ob_harakiri_text_clip&quot;:&quot;none&quot;,&quot;_ob_perspektive_use&quot;:&quot;no&quot;,&quot;_ob_poopart_use&quot;:&quot;yes&quot;,&quot;_ob_shadough_use&quot;:&quot;no&quot;,&quot;_ob_allow_hoveranimator&quot;:&quot;no&quot;,&quot;_ob_widget_stalker_use&quot;:&quot;no&quot;}\" data-widget_type=\"heading.default\">\n\t\t\t\t<div class=\"elementor-widget-container\">\n\t\t\t\t\t<h2 class=\"elementor-heading-title elementor-size-default\">Spo\u017cycie \u017cywno\u015bci<\/h2>\t\t\t\t<\/div>\n\t\t\t\t<\/div>\n\t\t\t\t\t<\/div>\n\t\t<\/div>\n\t\t\t\t\t<\/div>\n\t\t<\/section>\n\t\t\t\t<section data-particle_enable=\"false\" data-particle-mobile-disabled=\"false\" class=\"ob-is-breaking-bad elementor-section elementor-top-section elementor-element elementor-element-72dd1f5 elementor-section-boxed elementor-section-height-default elementor-section-height-default\" data-id=\"72dd1f5\" data-element_type=\"section\" data-e-type=\"section\" data-settings=\"{&quot;_ob_bbad_use_it&quot;:&quot;yes&quot;,&quot;_ob_bbad_sssic_use&quot;:&quot;no&quot;,&quot;_ob_glider_is_slider&quot;:&quot;no&quot;}\">\n\t\t\t\t\t\t<div class=\"elementor-container elementor-column-gap-default\">\n\t\t\t\t\t<div class=\"elementor-column elementor-col-100 elementor-top-column elementor-element elementor-element-ee7e617\" data-id=\"ee7e617\" data-element_type=\"column\" data-e-type=\"column\" data-settings=\"{&quot;_ob_bbad_is_stalker&quot;:&quot;no&quot;,&quot;_ob_teleporter_use&quot;:false,&quot;_ob_column_hoveranimator&quot;:&quot;no&quot;,&quot;_ob_column_has_pseudo&quot;:&quot;no&quot;}\">\n\t\t\t<div class=\"elementor-widget-wrap elementor-element-populated\">\n\t\t\t\t\t\t<div class=\"elementor-element elementor-element-10aebd0 ob-harakiri-inherit ob-has-background-overlay elementor-widget elementor-widget-text-editor\" data-id=\"10aebd0\" data-element_type=\"widget\" data-e-type=\"widget\" data-settings=\"{&quot;_ob_use_harakiri&quot;:&quot;yes&quot;,&quot;_ob_harakiri_writing_mode&quot;:&quot;inherit&quot;,&quot;_ob_postman_use&quot;:&quot;no&quot;,&quot;_ob_perspektive_use&quot;:&quot;no&quot;,&quot;_ob_poopart_use&quot;:&quot;yes&quot;,&quot;_ob_shadough_use&quot;:&quot;no&quot;,&quot;_ob_allow_hoveranimator&quot;:&quot;no&quot;,&quot;_ob_widget_stalker_use&quot;:&quot;no&quot;}\" data-widget_type=\"text-editor.default\">\n\t\t\t\t<div class=\"elementor-widget-container\">\n\t\t\t\t\t\t\t\t\t<p>Psy i koty na specjalnej diecie cz\u0119sto potrzebuj\u0105 dodatkowego wsparcia, poniewa\u017c ich dolegliwo\u015bci zwykle wymagaj\u0105 sporo od ich organizm\u00f3w. Nawet je\u015bli nie wydaje si\u0119 to od razu konieczne, dodatkowe wsparcie mo\u017ce stanowi\u0107 dobry impuls dla ich zdrowia.<\/p><p>Jedn\u0105 z takich potrzeb jest mo\u017cliwo\u015b\u0107 jak najlepszego wykorzystania obecnych sk\u0142adnik\u00f3w od\u017cywczych. Nasza \u017cywno\u015b\u0107 przyczynia si\u0119 do tego poprzez dodawanie wysokiej jako\u015bci sk\u0142adnik\u00f3w w po\u0142\u0105czeniu z niezb\u0119dnymi sk\u0142adnikami od\u017cywczymi.<\/p><p><strong>Dlaczego prawid\u0142owe wch\u0142anianie sk\u0142adnik\u00f3w od\u017cywczych jest tak wa\u017cne?<\/strong><\/p><ol><li><strong>Optymalne zdrowie<\/strong><br \/>Psy i koty potrzebuj\u0105 niezb\u0119dnych sk\u0142adnik\u00f3w od\u017cywczych, takich jak bia\u0142ka, t\u0142uszcze, witaminy i minera\u0142y. Dzi\u0119ki nim wszystko dzia\u0142a sprawnie: od l\u015bni\u0105cej sier\u015bci po mocne ko\u015bci i sprawny uk\u0142ad odporno\u015bciowy. Je\u015bli ich spo\u017cycie nie jest odpowiednie, pojawiaj\u0105 si\u0119 niedobory, kt\u00f3re mog\u0105 prowadzi\u0107 do letargu lub problem\u00f3w zdrowotnych.<\/li><li><strong>Energia na ca\u0142y dzie\u0144<\/strong><br \/>Pomy\u015bl o ich diecie jak o akumulatorze energii. Bez odpowiedniego spo\u017cycia sk\u0142adnik\u00f3w od\u017cywczych szybciej si\u0119 m\u0119cz\u0105, mog\u0105 mniej si\u0119 bawi\u0107 i gorzej regeneruj\u0105 si\u0119 po wysi\u0142ku. Aktywne psy lub koci\u0119ta szczeg\u00f3lnie tego potrzebuj\u0105.<\/li><li><strong>Silna odporno\u015b\u0107<\/strong><br \/>Dobrze przyswajalne sk\u0142adniki od\u017cywcze wzmacniaj\u0105 uk\u0142ad odporno\u015bciowy. Dzi\u0119ki temu mog\u0105 lepiej walczy\u0107 z infekcjami, chorobami czy innymi dolegliwo\u015bciami zdrowotnymi. Brak dobrego wch\u0142aniania? Wtedy mechanizmy obronne organizmu s\u0105 s\u0142absze.<\/li><li><strong>Zdrowa waga<\/strong><br \/>S\u0142abo przyswajalne po\u017cywienie cz\u0119sto dostarcza zbyt ma\u0142o lub niew\u0142a\u015bciw\u0105 ilo\u015b\u0107 energii. Mo\u017ce to prowadzi\u0107 do niedowagi (niedobory sk\u0142adnik\u00f3w od\u017cywczych) lub nadwagi (z powodu zbyt du\u017cej ilo\u015bci niestrawionych resztek). Obie sytuacje s\u0105 niekorzystne dla zdrowia.<\/li><\/ol><p><strong>Jak osi\u0105gn\u0105\u0107 dobre w\u0142\u0105czenie?<\/strong><\/p><p>Chodzi o\u00a0<strong>jako\u015b\u0107 \u017cywno\u015bci<\/strong>\u00a0i\u00a0<strong>zdrowie jelit<\/strong>poniewa\u017c to w\u0142a\u015bnie tam odbywa si\u0119 nagrywanie. Oto kluczowe czynniki:<\/p><ol><li><strong>Wysokiej jako\u015bci sk\u0142adniki<\/strong><ul><li>Wybieraj karmy z lekkostrawnymi sk\u0142adnikami, takimi jak \u0142oso\u015b czy kurczak. Zwierz\u0119ta naturalnie potrzebuj\u0105 diety wysokobia\u0142kowej.<\/li><li>Bia\u0142ka musz\u0105 by\u0107 lekkostrawne, poniewa\u017c dostarczaj\u0105 aminokwas\u00f3w - budulca mi\u0119\u015bni, sk\u00f3ry i paznokci.<\/li><\/ul><\/li><li><strong>Dobra r\u00f3wnowaga sk\u0142adnik\u00f3w od\u017cywczych<\/strong><ul><li>Pasza powinna zawiera\u0107 wszystkie niezb\u0119dne witaminy, minera\u0142y, bia\u0142ka i t\u0142uszcze.<\/li><\/ul><\/li><li><strong>Zdrowe jelita = lepsze wch\u0142anianie<\/strong><ul><li><strong>Prebiotyki i probiotyki<\/strong>Substancje te zapewniaj\u0105 zdrow\u0105 flor\u0119 jelitow\u0105. Prebiotyki od\u017cywiaj\u0105 dobre bakterie, a probiotyki dodaj\u0105 dobre bakterie. Razem pomagaj\u0105 optymalnie wch\u0142ania\u0107 sk\u0142adniki od\u017cywcze.<\/li><li><strong>W\u0142\u00f3kna<\/strong>Dobry b\u0142onnik wspomaga zdrowe trawienie, co jest wa\u017cne dla wch\u0142aniania.<\/li><\/ul><\/li><\/ol>\t\t\t\t\t\t\t\t<\/div>\n\t\t\t\t<\/div>\n\t\t\t\t\t<\/div>\n\t\t<\/div>\n\t\t\t\t\t<\/div>\n\t\t<\/section>\n\t\t\t\t<\/div>","protected":false},"excerpt":{"rendered":"<p>Opname voeding Honden en katten met een speciaal dieet hebben vaak behoefte aan wat extra ondersteuning, omdat hun kwaaltjes meestal [&hellip;]<\/p>","protected":false},"author":4,"featured_media":0,"parent":0,"menu_order":0,"comment_status":"closed","ping_status":"closed","template":"","meta":{"site-sidebar-layout":"no-sidebar","site-content-layout":"","ast-site-content-layout":"full-width-container","site-content-style":"default","site-sidebar-style":"default","ast-global-header-display":"","ast-banner-title-visibility":"","ast-main-header-display":"","ast-hfb-above-header-display":"","ast-hfb-below-header-display":"","ast-hfb-mobile-header-display":"","site-post-title":"disabled","ast-breadcrumbs-content":"","ast-featured-img":"disabled","footer-sml-layout":"","theme-transparent-header-meta":"","adv-header-id-meta":"","stick-header-meta":"","header-above-stick-meta":"","header-main-stick-meta":"","header-below-stick-meta":"","astra-migrate-meta-layouts":"default","ast-page-background-enabled":"default","ast-page-background-meta":{"desktop":{"background-color":"var(--ast-global-color-4)","background-image":"","background-repeat":"repeat","background-position":"center center","background-size":"auto","background-attachment":"scroll","background-type":"","background-media":"","overlay-type":"","overlay-color":"","overlay-opacity":"","overlay-gradient":""},"tablet":{"background-color":"","background-image":"","background-repeat":"repeat","background-position":"center center","background-size":"auto","background-attachment":"scroll","background-type":"","background-media":"","overlay-type":"","overlay-color":"","overlay-opacity":"","overlay-gradient":""},"mobile":{"background-color":"","background-image":"","background-repeat":"repeat","background-position":"center center","background-size":"auto","background-attachment":"scroll","background-type":"","background-media":"","overlay-type":"","overlay-color":"","overlay-opacity":"","overlay-gradient":""}},"ast-content-background-meta":{"desktop":{"background-color":"var(--ast-global-color-5)","background-image":"","background-repeat":"repeat","background-position":"center center","background-size":"auto","background-attachment":"scroll","background-type":"","background-media":"","overlay-type":"","overlay-color":"","overlay-opacity":"","overlay-gradient":""},"tablet":{"background-color":"var(--ast-global-color-5)","background-image":"","background-repeat":"repeat","background-position":"center center","background-size":"auto","background-attachment":"scroll","background-type":"","background-media":"","overlay-type":"","overlay-color":"","overlay-opacity":"","overlay-gradient":""},"mobile":{"background-color":"var(--ast-global-color-5)","background-image":"","background-repeat":"repeat","background-position":"center center","background-size":"auto","background-attachment":"scroll","background-type":"","background-media":"","overlay-type":"","overlay-color":"","overlay-opacity":"","overlay-gradient":""}},"footnotes":""},"class_list":["post-7246","page","type-page","status-publish","hentry"],"yoast_head":"<!-- This site is optimized with the Yoast SEO plugin v25.1 - https:\/\/yoast.com\/wordpress\/plugins\/seo\/ -->\n<title>Info Opname voedingsstoffen - CLiNiC<\/title>\n<meta name=\"robots\" content=\"index, follow, max-snippet:-1, max-image-preview:large, max-video-preview:-1\" \/>\n<link rel=\"canonical\" href=\"https:\/\/clinicpetfood.pl\/pl\/info-huidvacht-copy\/\" \/>\n<meta property=\"og:locale\" content=\"pl_PL\" \/>\n<meta property=\"og:type\" content=\"article\" \/>\n<meta property=\"og:title\" content=\"Info Opname voedingsstoffen - CLiNiC\" \/>\n<meta property=\"og:description\" content=\"Opname voeding Honden en katten met een speciaal dieet hebben vaak behoefte aan wat extra ondersteuning, omdat hun kwaaltjes meestal [&hellip;]\" \/>\n<meta property=\"og:url\" content=\"https:\/\/clinicpetfood.pl\/pl\/info-huidvacht-copy\/\" \/>\n<meta property=\"og:site_name\" content=\"CLiNiC\" \/>\n<meta property=\"article:modified_time\" content=\"2025-06-10T10:50:53+00:00\" \/>\n<meta name=\"twitter:card\" content=\"summary_large_image\" \/>\n<meta name=\"twitter:label1\" content=\"Szacowany czas czytania\" \/>\n\t<meta name=\"twitter:data1\" content=\"2 minuty\" \/>\n<script type=\"application\/ld+json\" class=\"yoast-schema-graph\">{\"@context\":\"https:\/\/schema.org\",\"@graph\":[{\"@type\":\"WebPage\",\"@id\":\"https:\/\/clinicpetfood.pl\/info-huidvacht-copy\/\",\"url\":\"https:\/\/clinicpetfood.pl\/info-huidvacht-copy\/\",\"name\":\"Info Opname voedingsstoffen - CLiNiC\",\"isPartOf\":{\"@id\":\"https:\/\/clinicpetfood.pl\/#website\"},\"datePublished\":\"2025-06-10T10:47:58+00:00\",\"dateModified\":\"2025-06-10T10:50:53+00:00\",\"breadcrumb\":{\"@id\":\"https:\/\/clinicpetfood.pl\/info-huidvacht-copy\/#breadcrumb\"},\"inLanguage\":\"pl-PL\",\"potentialAction\":[{\"@type\":\"ReadAction\",\"target\":[\"https:\/\/clinicpetfood.pl\/info-huidvacht-copy\/\"]}]},{\"@type\":\"BreadcrumbList\",\"@id\":\"https:\/\/clinicpetfood.pl\/info-huidvacht-copy\/#breadcrumb\",\"itemListElement\":[{\"@type\":\"ListItem\",\"position\":1,\"name\":\"Home\",\"item\":\"https:\/\/clinicpetfood.pl\/\"},{\"@type\":\"ListItem\",\"position\":2,\"name\":\"Info Opname voedingsstoffen\"}]},{\"@type\":\"WebSite\",\"@id\":\"https:\/\/clinicpetfood.pl\/#website\",\"url\":\"https:\/\/clinicpetfood.pl\/\",\"name\":\"CLiNiC\",\"description\":\"Clinic Veterinary Diet\",\"publisher\":{\"@id\":\"https:\/\/clinicpetfood.pl\/#organization\"},\"potentialAction\":[{\"@type\":\"SearchAction\",\"target\":{\"@type\":\"EntryPoint\",\"urlTemplate\":\"https:\/\/clinicpetfood.pl\/?s={search_term_string}\"},\"query-input\":{\"@type\":\"PropertyValueSpecification\",\"valueRequired\":true,\"valueName\":\"search_term_string\"}}],\"inLanguage\":\"pl-PL\"},{\"@type\":\"Organization\",\"@id\":\"https:\/\/clinicpetfood.pl\/#organization\",\"name\":\"CLiNiC\",\"url\":\"https:\/\/clinicpetfood.pl\/\",\"logo\":{\"@type\":\"ImageObject\",\"inLanguage\":\"pl-PL\",\"@id\":\"https:\/\/clinicpetfood.pl\/#\/schema\/logo\/image\/\",\"url\":\"https:\/\/clinicpetfood.pl\/wp-content\/uploads\/2024\/10\/Logo-Clinic-blauw.png\",\"contentUrl\":\"https:\/\/clinicpetfood.pl\/wp-content\/uploads\/2024\/10\/Logo-Clinic-blauw.png\",\"width\":3442,\"height\":1361,\"caption\":\"CLiNiC\"},\"image\":{\"@id\":\"https:\/\/clinicpetfood.pl\/#\/schema\/logo\/image\/\"}}]}<\/script>\n<!-- \/ Yoast SEO plugin. -->","yoast_head_json":{"title":"Info Opname voedingsstoffen - CLiNiC","robots":{"index":"index","follow":"follow","max-snippet":"max-snippet:-1","max-image-preview":"max-image-preview:large","max-video-preview":"max-video-preview:-1"},"canonical":"https:\/\/clinicpetfood.pl\/pl\/info-huidvacht-copy\/","og_locale":"pl_PL","og_type":"article","og_title":"Info Opname voedingsstoffen - CLiNiC","og_description":"Opname voeding Honden en katten met een speciaal dieet hebben vaak behoefte aan wat extra ondersteuning, omdat hun kwaaltjes meestal [&hellip;]","og_url":"https:\/\/clinicpetfood.pl\/pl\/info-huidvacht-copy\/","og_site_name":"CLiNiC","article_modified_time":"2025-06-10T10:50:53+00:00","twitter_card":"summary_large_image","twitter_misc":{"Szacowany czas czytania":"2 minuty"},"schema":{"@context":"https:\/\/schema.org","@graph":[{"@type":"WebPage","@id":"https:\/\/clinicpetfood.pl\/info-huidvacht-copy\/","url":"https:\/\/clinicpetfood.pl\/info-huidvacht-copy\/","name":"Info Opname voedingsstoffen - CLiNiC","isPartOf":{"@id":"https:\/\/clinicpetfood.pl\/#website"},"datePublished":"2025-06-10T10:47:58+00:00","dateModified":"2025-06-10T10:50:53+00:00","breadcrumb":{"@id":"https:\/\/clinicpetfood.pl\/info-huidvacht-copy\/#breadcrumb"},"inLanguage":"pl-PL","potentialAction":[{"@type":"ReadAction","target":["https:\/\/clinicpetfood.pl\/info-huidvacht-copy\/"]}]},{"@type":"BreadcrumbList","@id":"https:\/\/clinicpetfood.pl\/info-huidvacht-copy\/#breadcrumb","itemListElement":[{"@type":"ListItem","position":1,"name":"Home","item":"https:\/\/clinicpetfood.pl\/"},{"@type":"ListItem","position":2,"name":"Info Opname voedingsstoffen"}]},{"@type":"WebSite","@id":"https:\/\/clinicpetfood.pl\/#website","url":"https:\/\/clinicpetfood.pl\/","name":"CLiNiC","description":"Clinic Veterinary Diet","publisher":{"@id":"https:\/\/clinicpetfood.pl\/#organization"},"potentialAction":[{"@type":"SearchAction","target":{"@type":"EntryPoint","urlTemplate":"https:\/\/clinicpetfood.pl\/?s={search_term_string}"},"query-input":{"@type":"PropertyValueSpecification","valueRequired":true,"valueName":"search_term_string"}}],"inLanguage":"pl-PL"},{"@type":"Organization","@id":"https:\/\/clinicpetfood.pl\/#organization","name":"CLiNiC","url":"https:\/\/clinicpetfood.pl\/","logo":{"@type":"ImageObject","inLanguage":"pl-PL","@id":"https:\/\/clinicpetfood.pl\/#\/schema\/logo\/image\/","url":"https:\/\/clinicpetfood.pl\/wp-content\/uploads\/2024\/10\/Logo-Clinic-blauw.png","contentUrl":"https:\/\/clinicpetfood.pl\/wp-content\/uploads\/2024\/10\/Logo-Clinic-blauw.png","width":3442,"height":1361,"caption":"CLiNiC"},"image":{"@id":"https:\/\/clinicpetfood.pl\/#\/schema\/logo\/image\/"}}]}},"_links":{"self":[{"href":"https:\/\/clinicpetfood.pl\/pl\/wp-json\/wp\/v2\/pages\/7246","targetHints":{"allow":["GET"]}}],"collection":[{"href":"https:\/\/clinicpetfood.pl\/pl\/wp-json\/wp\/v2\/pages"}],"about":[{"href":"https:\/\/clinicpetfood.pl\/pl\/wp-json\/wp\/v2\/types\/page"}],"author":[{"embeddable":true,"href":"https:\/\/clinicpetfood.pl\/pl\/wp-json\/wp\/v2\/users\/4"}],"replies":[{"embeddable":true,"href":"https:\/\/clinicpetfood.pl\/pl\/wp-json\/wp\/v2\/comments?post=7246"}],"version-history":[{"count":4,"href":"https:\/\/clinicpetfood.pl\/pl\/wp-json\/wp\/v2\/pages\/7246\/revisions"}],"predecessor-version":[{"id":7251,"href":"https:\/\/clinicpetfood.pl\/pl\/wp-json\/wp\/v2\/pages\/7246\/revisions\/7251"}],"wp:attachment":[{"href":"https:\/\/clinicpetfood.pl\/pl\/wp-json\/wp\/v2\/media?parent=7246"}],"curies":[{"name":"wp","href":"https:\/\/api.w.org\/{rel}","templated":true}]}}