{"id":7252,"date":"2025-06-10T10:51:06","date_gmt":"2025-06-10T10:51:06","guid":{"rendered":"https:\/\/clinicpetfood.pl\/?page_id=7252"},"modified":"2025-06-10T10:53:17","modified_gmt":"2025-06-10T10:53:17","slug":"info-opname-voedingsstoffen-copy","status":"publish","type":"page","link":"https:\/\/clinicpetfood.pl\/pl\/info-opname-voedingsstoffen-copy\/","title":{"rendered":"Info Verteerbaarheid"},"content":{"rendered":"<div data-elementor-type=\"wp-page\" data-elementor-id=\"7252\" class=\"elementor elementor-7252\" data-elementor-post-type=\"page\">\n\t\t\t\t\t\t<section data-particle_enable=\"false\" data-particle-mobile-disabled=\"false\" class=\"ob-is-breaking-bad elementor-section elementor-top-section elementor-element elementor-element-fe47dc5 elementor-section-boxed elementor-section-height-default elementor-section-height-default\" data-id=\"fe47dc5\" data-element_type=\"section\" data-e-type=\"section\" data-settings=\"{&quot;_ob_bbad_use_it&quot;:&quot;yes&quot;,&quot;_ob_bbad_sssic_use&quot;:&quot;no&quot;,&quot;_ob_glider_is_slider&quot;:&quot;no&quot;}\">\n\t\t\t\t\t\t<div class=\"elementor-container elementor-column-gap-default\">\n\t\t\t\t\t<div class=\"elementor-column elementor-col-100 elementor-top-column elementor-element elementor-element-7aaab5a\" data-id=\"7aaab5a\" data-element_type=\"column\" data-e-type=\"column\" data-settings=\"{&quot;_ob_bbad_is_stalker&quot;:&quot;no&quot;,&quot;_ob_teleporter_use&quot;:false,&quot;_ob_column_hoveranimator&quot;:&quot;no&quot;,&quot;_ob_column_has_pseudo&quot;:&quot;no&quot;}\">\n\t\t\t<div class=\"elementor-widget-wrap elementor-element-populated\">\n\t\t\t\t\t\t<div class=\"elementor-element elementor-element-03c2149 ob-harakiri-inherit ob-has-background-overlay elementor-widget elementor-widget-heading\" data-id=\"03c2149\" data-element_type=\"widget\" data-e-type=\"widget\" data-settings=\"{&quot;_ob_use_harakiri&quot;:&quot;yes&quot;,&quot;_ob_harakiri_writing_mode&quot;:&quot;inherit&quot;,&quot;_ob_harakiri_text_clip&quot;:&quot;none&quot;,&quot;_ob_perspektive_use&quot;:&quot;no&quot;,&quot;_ob_poopart_use&quot;:&quot;yes&quot;,&quot;_ob_shadough_use&quot;:&quot;no&quot;,&quot;_ob_allow_hoveranimator&quot;:&quot;no&quot;,&quot;_ob_widget_stalker_use&quot;:&quot;no&quot;}\" data-widget_type=\"heading.default\">\n\t\t\t\t<div class=\"elementor-widget-container\">\n\t\t\t\t\t<h2 class=\"elementor-heading-title elementor-size-default\">Strawno\u015b\u0107<\/h2>\t\t\t\t<\/div>\n\t\t\t\t<\/div>\n\t\t\t\t\t<\/div>\n\t\t<\/div>\n\t\t\t\t\t<\/div>\n\t\t<\/section>\n\t\t\t\t<section data-particle_enable=\"false\" data-particle-mobile-disabled=\"false\" class=\"ob-is-breaking-bad elementor-section elementor-top-section elementor-element elementor-element-72dd1f5 elementor-section-boxed elementor-section-height-default elementor-section-height-default\" data-id=\"72dd1f5\" data-element_type=\"section\" data-e-type=\"section\" data-settings=\"{&quot;_ob_bbad_use_it&quot;:&quot;yes&quot;,&quot;_ob_bbad_sssic_use&quot;:&quot;no&quot;,&quot;_ob_glider_is_slider&quot;:&quot;no&quot;}\">\n\t\t\t\t\t\t<div class=\"elementor-container elementor-column-gap-default\">\n\t\t\t\t\t<div class=\"elementor-column elementor-col-100 elementor-top-column elementor-element elementor-element-ee7e617\" data-id=\"ee7e617\" data-element_type=\"column\" data-e-type=\"column\" data-settings=\"{&quot;_ob_bbad_is_stalker&quot;:&quot;no&quot;,&quot;_ob_teleporter_use&quot;:false,&quot;_ob_column_hoveranimator&quot;:&quot;no&quot;,&quot;_ob_column_has_pseudo&quot;:&quot;no&quot;}\">\n\t\t\t<div class=\"elementor-widget-wrap elementor-element-populated\">\n\t\t\t\t\t\t<div class=\"elementor-element elementor-element-10aebd0 ob-harakiri-inherit ob-has-background-overlay elementor-widget elementor-widget-text-editor\" data-id=\"10aebd0\" data-element_type=\"widget\" data-e-type=\"widget\" data-settings=\"{&quot;_ob_use_harakiri&quot;:&quot;yes&quot;,&quot;_ob_harakiri_writing_mode&quot;:&quot;inherit&quot;,&quot;_ob_postman_use&quot;:&quot;no&quot;,&quot;_ob_perspektive_use&quot;:&quot;no&quot;,&quot;_ob_poopart_use&quot;:&quot;yes&quot;,&quot;_ob_shadough_use&quot;:&quot;no&quot;,&quot;_ob_allow_hoveranimator&quot;:&quot;no&quot;,&quot;_ob_widget_stalker_use&quot;:&quot;no&quot;}\" data-widget_type=\"text-editor.default\">\n\t\t\t\t<div class=\"elementor-widget-container\">\n\t\t\t\t\t\t\t\t\t<p>Psy i koty na specjalnej diecie cz\u0119sto potrzebuj\u0105 dodatkowego wsparcia, poniewa\u017c ich dolegliwo\u015bci zwykle wymagaj\u0105 sporo od ich organizm\u00f3w. Nawet je\u015bli nie wydaje si\u0119 to od razu konieczne, dodatkowe wsparcie mo\u017ce stanowi\u0107 dobry impuls dla ich zdrowia.<\/p><p>Jedn\u0105 z takich potrzeb jest mo\u017cliwo\u015b\u0107 \u0142atwego trawienia pokarmu. Nasza dieta przyczynia si\u0119 do tego poprzez stosowanie lekkostrawnych sk\u0142adnik\u00f3w.<\/p><p><strong>Co oznacza \"lekkostrawny\"?<\/strong><\/p><p>Je\u015bli sk\u0142adnik jest lekkostrawny, oznacza to, \u017ce mo\u017cna go szybko i \u0142atwo roz\u0142o\u017cy\u0107 w \u017co\u0142\u0105dku i jelitach. Pozwala to zwierz\u0119ciu szybko wch\u0142on\u0105\u0107 i wykorzysta\u0107 sk\u0142adniki od\u017cywcze (takie jak bia\u0142ka, t\u0142uszcze i witaminy). Mniej odpad\u00f3w, mniej wysi\u0142ku dla uk\u0142adu trawiennego, wi\u0119cej energii i zdrowia.<\/p><p><strong>Korzy\u015bci p\u0142yn\u0105ce z lekkostrawnego jedzenia:<\/strong><\/p><ul><li>Mniejszy dyskomfort \u017co\u0142\u0105dkowo-jelitowy.<\/li><li>Lepsze wch\u0142anianie sk\u0142adnik\u00f3w od\u017cywczych.<\/li><li>Mniejsze, twarde odchody.<\/li><\/ul><p><strong>Wysokiej jako\u015bci, lekkostrawne sk\u0142adniki<\/strong><\/p><ol><li><strong>Wysokiej jako\u015bci bia\u0142ka<\/strong><ul><li>Dlaczego s\u0105 wa\u017cne? Bia\u0142ka s\u0105 budulcem mi\u0119\u015bni, sk\u00f3ry i narz\u0105d\u00f3w. Im lepsza ich jako\u015b\u0107, tym \u0142atwiej s\u0105 trawione.<\/li><li>Dobre \u017ar\u00f3d\u0142a: kurczak, ryby, jagni\u0119cina, jajka.<\/li><li>Mniej korzystne: Tanie bia\u0142ka ro\u015blinne, takie jak soja, s\u0105 trudniejsze do strawienia.<\/li><\/ul><\/li><li><strong>Zdrowe t\u0142uszcze<\/strong><ul><li>Dlaczego wa\u017cne? T\u0142uszcze dostarczaj\u0105 energii i pomagaj\u0105 wch\u0142ania\u0107 sk\u0142adniki od\u017cywcze, takie jak witaminy.<\/li><li>Dobre \u017ar\u00f3d\u0142a: olej rybny, t\u0142uszcz drobiowy, a czasem olej lniany. S\u0105 one \u0142atwo rozk\u0142adane i zawieraj\u0105 kwasy t\u0142uszczowe omega-3 i omega-6.<\/li><li>Mniej korzystne: T\u0142uszcze nasycone lub wype\u0142niacze, takie jak olej palmowy.<\/li><\/ul><\/li><li><strong>\u0141atwo przyswajalne w\u0119glowodany<\/strong><ul><li>Dlaczego s\u0105 wa\u017cne? W\u0119glowodany dostarczaj\u0105 szybkiej energii, ale ich nadmiar lub niew\u0142a\u015bciwe rodzaje mog\u0105 powodowa\u0107 zaparcia lub problemy \u017co\u0142\u0105dkowe.<\/li><li>Dobre \u017ar\u00f3d\u0142a: ry\u017c, p\u0142atki owsiane, ziemniaki i s\u0142odkie ziemniaki. S\u0105 \u0142agodne dla jelit i zapewniaj\u0105 stabiln\u0105 energi\u0119.<\/li><li>Mniej korzystne: Zbo\u017ca, takie jak pszenica; mog\u0105 by\u0107 trudniejsze do przetworzenia i wywo\u0142ywa\u0107 alergie.<\/li><\/ul><\/li><li><strong>B\u0142onnik z owoc\u00f3w i warzyw<\/strong><ul><li>Dlaczego jest wa\u017cny? B\u0142onnik sprawia, \u017ce uk\u0142ad trawienny jest elastyczny i zdrowy.<\/li><li>Dobre \u017ar\u00f3d\u0142a: dynia, marchew i pulpa buraczana (w ma\u0142ych ilo\u015bciach).<\/li><li>Mniej korzystne: niepotrzebne wype\u0142niacze, takie jak celuloza, kt\u00f3re tak naprawd\u0119 nie dostarczaj\u0105 sk\u0142adnik\u00f3w od\u017cywczych.<\/li><\/ul><\/li><li><strong>Niezb\u0119dne witaminy i minera\u0142y<\/strong><ul><li>S\u0105 one dodawane w \u0142atwo przyswajalnych formach, takich jak chelaty, dzi\u0119ki czemu organizm mo\u017ce je szybciej wch\u0142on\u0105\u0107.<\/li><\/ul><\/li><\/ol><p><strong>W jaki spos\u00f3b lekkostrawne pokarmy wspomagaj\u0105 wch\u0142anianie?<\/strong><\/p><ul><li><strong>Mniej k\u0142opot\u00f3w dla jelit:<\/strong>\u00a0\u0141atwo przyswajalne sk\u0142adniki s\u0105 szybko rozk\u0142adane. Oznacza to, \u017ce organizm zu\u017cywa mniej energii do przetwarzania \u017cywno\u015bci.<\/li><li><strong>Szybka dost\u0119pno\u015b\u0107:<\/strong>\u00a0Dobre od\u017cywianie jest jak gotowy posi\u0142ek: sk\u0142adniki od\u017cywcze s\u0105 \u0142atwo dost\u0119pne dla organizmu.<\/li><li><strong>Lepsza r\u00f3wnowaga:<\/strong>\u00a0\u0141atwo przyswajalna karma zawiera odpowiedni\u0105 mieszank\u0119 sk\u0142adnik\u00f3w od\u017cywczych, bez zb\u0119dnego balastu, kt\u00f3ry obci\u0105\u017ca uk\u0142ad trawienny.<\/li><\/ul><p>\u00a0<\/p>\t\t\t\t\t\t\t\t<\/div>\n\t\t\t\t<\/div>\n\t\t\t\t\t<\/div>\n\t\t<\/div>\n\t\t\t\t\t<\/div>\n\t\t<\/section>\n\t\t\t\t<\/div>","protected":false},"excerpt":{"rendered":"<p>Verteerbaarheid Honden en katten met een speciaal dieet hebben vaak behoefte aan wat extra ondersteuning, omdat hun kwaaltjes meestal behoorlijk [&hellip;]<\/p>","protected":false},"author":4,"featured_media":0,"parent":0,"menu_order":0,"comment_status":"closed","ping_status":"closed","template":"","meta":{"site-sidebar-layout":"no-sidebar","site-content-layout":"","ast-site-content-layout":"full-width-container","site-content-style":"default","site-sidebar-style":"default","ast-global-header-display":"","ast-banner-title-visibility":"","ast-main-header-display":"","ast-hfb-above-header-display":"","ast-hfb-below-header-display":"","ast-hfb-mobile-header-display":"","site-post-title":"disabled","ast-breadcrumbs-content":"","ast-featured-img":"disabled","footer-sml-layout":"","theme-transparent-header-meta":"","adv-header-id-meta":"","stick-header-meta":"","header-above-stick-meta":"","header-main-stick-meta":"","header-below-stick-meta":"","astra-migrate-meta-layouts":"default","ast-page-background-enabled":"default","ast-page-background-meta":{"desktop":{"background-color":"var(--ast-global-color-4)","background-image":"","background-repeat":"repeat","background-position":"center center","background-size":"auto","background-attachment":"scroll","background-type":"","background-media":"","overlay-type":"","overlay-color":"","overlay-opacity":"","overlay-gradient":""},"tablet":{"background-color":"","background-image":"","background-repeat":"repeat","background-position":"center center","background-size":"auto","background-attachment":"scroll","background-type":"","background-media":"","overlay-type":"","overlay-color":"","overlay-opacity":"","overlay-gradient":""},"mobile":{"background-color":"","background-image":"","background-repeat":"repeat","background-position":"center center","background-size":"auto","background-attachment":"scroll","background-type":"","background-media":"","overlay-type":"","overlay-color":"","overlay-opacity":"","overlay-gradient":""}},"ast-content-background-meta":{"desktop":{"background-color":"var(--ast-global-color-5)","background-image":"","background-repeat":"repeat","background-position":"center center","background-size":"auto","background-attachment":"scroll","background-type":"","background-media":"","overlay-type":"","overlay-color":"","overlay-opacity":"","overlay-gradient":""},"tablet":{"background-color":"var(--ast-global-color-5)","background-image":"","background-repeat":"repeat","background-position":"center center","background-size":"auto","background-attachment":"scroll","background-type":"","background-media":"","overlay-type":"","overlay-color":"","overlay-opacity":"","overlay-gradient":""},"mobile":{"background-color":"var(--ast-global-color-5)","background-image":"","background-repeat":"repeat","background-position":"center center","background-size":"auto","background-attachment":"scroll","background-type":"","background-media":"","overlay-type":"","overlay-color":"","overlay-opacity":"","overlay-gradient":""}},"footnotes":""},"class_list":["post-7252","page","type-page","status-publish","hentry"],"yoast_head":"<!-- This site is optimized with the Yoast SEO plugin v25.1 - https:\/\/yoast.com\/wordpress\/plugins\/seo\/ -->\n<title>Info Verteerbaarheid - CLiNiC<\/title>\n<meta name=\"robots\" content=\"index, follow, max-snippet:-1, max-image-preview:large, max-video-preview:-1\" \/>\n<link rel=\"canonical\" href=\"https:\/\/clinicpetfood.pl\/pl\/info-opname-voedingsstoffen-copy\/\" \/>\n<meta property=\"og:locale\" content=\"pl_PL\" \/>\n<meta property=\"og:type\" content=\"article\" \/>\n<meta property=\"og:title\" content=\"Info Verteerbaarheid - CLiNiC\" \/>\n<meta property=\"og:description\" content=\"Verteerbaarheid Honden en katten met een speciaal dieet hebben vaak behoefte aan wat extra ondersteuning, omdat hun kwaaltjes meestal behoorlijk [&hellip;]\" \/>\n<meta property=\"og:url\" content=\"https:\/\/clinicpetfood.pl\/pl\/info-opname-voedingsstoffen-copy\/\" \/>\n<meta property=\"og:site_name\" content=\"CLiNiC\" \/>\n<meta property=\"article:modified_time\" content=\"2025-06-10T10:53:17+00:00\" \/>\n<meta name=\"twitter:card\" content=\"summary_large_image\" \/>\n<meta name=\"twitter:label1\" content=\"Szacowany czas czytania\" \/>\n\t<meta name=\"twitter:data1\" content=\"2 minuty\" \/>\n<script type=\"application\/ld+json\" class=\"yoast-schema-graph\">{\"@context\":\"https:\/\/schema.org\",\"@graph\":[{\"@type\":\"WebPage\",\"@id\":\"https:\/\/clinicpetfood.pl\/info-opname-voedingsstoffen-copy\/\",\"url\":\"https:\/\/clinicpetfood.pl\/info-opname-voedingsstoffen-copy\/\",\"name\":\"Info Verteerbaarheid - CLiNiC\",\"isPartOf\":{\"@id\":\"https:\/\/clinicpetfood.pl\/#website\"},\"datePublished\":\"2025-06-10T10:51:06+00:00\",\"dateModified\":\"2025-06-10T10:53:17+00:00\",\"breadcrumb\":{\"@id\":\"https:\/\/clinicpetfood.pl\/info-opname-voedingsstoffen-copy\/#breadcrumb\"},\"inLanguage\":\"pl-PL\",\"potentialAction\":[{\"@type\":\"ReadAction\",\"target\":[\"https:\/\/clinicpetfood.pl\/info-opname-voedingsstoffen-copy\/\"]}]},{\"@type\":\"BreadcrumbList\",\"@id\":\"https:\/\/clinicpetfood.pl\/info-opname-voedingsstoffen-copy\/#breadcrumb\",\"itemListElement\":[{\"@type\":\"ListItem\",\"position\":1,\"name\":\"Home\",\"item\":\"https:\/\/clinicpetfood.pl\/\"},{\"@type\":\"ListItem\",\"position\":2,\"name\":\"Info Verteerbaarheid\"}]},{\"@type\":\"WebSite\",\"@id\":\"https:\/\/clinicpetfood.pl\/#website\",\"url\":\"https:\/\/clinicpetfood.pl\/\",\"name\":\"CLiNiC\",\"description\":\"Clinic Veterinary Diet\",\"publisher\":{\"@id\":\"https:\/\/clinicpetfood.pl\/#organization\"},\"potentialAction\":[{\"@type\":\"SearchAction\",\"target\":{\"@type\":\"EntryPoint\",\"urlTemplate\":\"https:\/\/clinicpetfood.pl\/?s={search_term_string}\"},\"query-input\":{\"@type\":\"PropertyValueSpecification\",\"valueRequired\":true,\"valueName\":\"search_term_string\"}}],\"inLanguage\":\"pl-PL\"},{\"@type\":\"Organization\",\"@id\":\"https:\/\/clinicpetfood.pl\/#organization\",\"name\":\"CLiNiC\",\"url\":\"https:\/\/clinicpetfood.pl\/\",\"logo\":{\"@type\":\"ImageObject\",\"inLanguage\":\"pl-PL\",\"@id\":\"https:\/\/clinicpetfood.pl\/#\/schema\/logo\/image\/\",\"url\":\"https:\/\/clinicpetfood.pl\/wp-content\/uploads\/2024\/10\/Logo-Clinic-blauw.png\",\"contentUrl\":\"https:\/\/clinicpetfood.pl\/wp-content\/uploads\/2024\/10\/Logo-Clinic-blauw.png\",\"width\":3442,\"height\":1361,\"caption\":\"CLiNiC\"},\"image\":{\"@id\":\"https:\/\/clinicpetfood.pl\/#\/schema\/logo\/image\/\"}}]}<\/script>\n<!-- \/ Yoast SEO plugin. -->","yoast_head_json":{"title":"Info Verteerbaarheid - CLiNiC","robots":{"index":"index","follow":"follow","max-snippet":"max-snippet:-1","max-image-preview":"max-image-preview:large","max-video-preview":"max-video-preview:-1"},"canonical":"https:\/\/clinicpetfood.pl\/pl\/info-opname-voedingsstoffen-copy\/","og_locale":"pl_PL","og_type":"article","og_title":"Info Verteerbaarheid - CLiNiC","og_description":"Verteerbaarheid Honden en katten met een speciaal dieet hebben vaak behoefte aan wat extra ondersteuning, omdat hun kwaaltjes meestal behoorlijk [&hellip;]","og_url":"https:\/\/clinicpetfood.pl\/pl\/info-opname-voedingsstoffen-copy\/","og_site_name":"CLiNiC","article_modified_time":"2025-06-10T10:53:17+00:00","twitter_card":"summary_large_image","twitter_misc":{"Szacowany czas czytania":"2 minuty"},"schema":{"@context":"https:\/\/schema.org","@graph":[{"@type":"WebPage","@id":"https:\/\/clinicpetfood.pl\/info-opname-voedingsstoffen-copy\/","url":"https:\/\/clinicpetfood.pl\/info-opname-voedingsstoffen-copy\/","name":"Info Verteerbaarheid - CLiNiC","isPartOf":{"@id":"https:\/\/clinicpetfood.pl\/#website"},"datePublished":"2025-06-10T10:51:06+00:00","dateModified":"2025-06-10T10:53:17+00:00","breadcrumb":{"@id":"https:\/\/clinicpetfood.pl\/info-opname-voedingsstoffen-copy\/#breadcrumb"},"inLanguage":"pl-PL","potentialAction":[{"@type":"ReadAction","target":["https:\/\/clinicpetfood.pl\/info-opname-voedingsstoffen-copy\/"]}]},{"@type":"BreadcrumbList","@id":"https:\/\/clinicpetfood.pl\/info-opname-voedingsstoffen-copy\/#breadcrumb","itemListElement":[{"@type":"ListItem","position":1,"name":"Home","item":"https:\/\/clinicpetfood.pl\/"},{"@type":"ListItem","position":2,"name":"Info Verteerbaarheid"}]},{"@type":"WebSite","@id":"https:\/\/clinicpetfood.pl\/#website","url":"https:\/\/clinicpetfood.pl\/","name":"CLiNiC","description":"Clinic Veterinary Diet","publisher":{"@id":"https:\/\/clinicpetfood.pl\/#organization"},"potentialAction":[{"@type":"SearchAction","target":{"@type":"EntryPoint","urlTemplate":"https:\/\/clinicpetfood.pl\/?s={search_term_string}"},"query-input":{"@type":"PropertyValueSpecification","valueRequired":true,"valueName":"search_term_string"}}],"inLanguage":"pl-PL"},{"@type":"Organization","@id":"https:\/\/clinicpetfood.pl\/#organization","name":"CLiNiC","url":"https:\/\/clinicpetfood.pl\/","logo":{"@type":"ImageObject","inLanguage":"pl-PL","@id":"https:\/\/clinicpetfood.pl\/#\/schema\/logo\/image\/","url":"https:\/\/clinicpetfood.pl\/wp-content\/uploads\/2024\/10\/Logo-Clinic-blauw.png","contentUrl":"https:\/\/clinicpetfood.pl\/wp-content\/uploads\/2024\/10\/Logo-Clinic-blauw.png","width":3442,"height":1361,"caption":"CLiNiC"},"image":{"@id":"https:\/\/clinicpetfood.pl\/#\/schema\/logo\/image\/"}}]}},"_links":{"self":[{"href":"https:\/\/clinicpetfood.pl\/pl\/wp-json\/wp\/v2\/pages\/7252","targetHints":{"allow":["GET"]}}],"collection":[{"href":"https:\/\/clinicpetfood.pl\/pl\/wp-json\/wp\/v2\/pages"}],"about":[{"href":"https:\/\/clinicpetfood.pl\/pl\/wp-json\/wp\/v2\/types\/page"}],"author":[{"embeddable":true,"href":"https:\/\/clinicpetfood.pl\/pl\/wp-json\/wp\/v2\/users\/4"}],"replies":[{"embeddable":true,"href":"https:\/\/clinicpetfood.pl\/pl\/wp-json\/wp\/v2\/comments?post=7252"}],"version-history":[{"count":4,"href":"https:\/\/clinicpetfood.pl\/pl\/wp-json\/wp\/v2\/pages\/7252\/revisions"}],"predecessor-version":[{"id":7257,"href":"https:\/\/clinicpetfood.pl\/pl\/wp-json\/wp\/v2\/pages\/7252\/revisions\/7257"}],"wp:attachment":[{"href":"https:\/\/clinicpetfood.pl\/pl\/wp-json\/wp\/v2\/media?parent=7252"}],"curies":[{"name":"wp","href":"https:\/\/api.w.org\/{rel}","templated":true}]}}